{"id":9072,"date":"2022-06-27T09:33:30","date_gmt":"2022-06-27T07:33:30","guid":{"rendered":"https:\/\/efitira.agencebisart.com\/home-page\/"},"modified":"2026-02-09T10:30:19","modified_gmt":"2026-02-09T09:30:19","slug":"home-page","status":"publish","type":"page","link":"https:\/\/efitirana.com\/sq\/","title":{"rendered":"Faqja kryesore"},"content":{"rendered":"<div id=\"bloc_big_header_text_8\" class=\"bigheadertext\">\n<div id=\"slider-bloc_big_header_text_8\" class=\"flexslider flexslider--bigheader loading\">\n<ul class=\"slides list-unstyled\">\n<li class=\"slider-li slider-li-bloc_big_header_text_8-0 \">\n<div class=\"fond_noir\" ><\/div>\n<div class=\"container\">\n<div class=\"text d-flex flex-column justify-content-end align-items-start\">\n<h1><span>SHKOLLA FRANCEZE ND\u00cbRKOMB\u00cbTARE E TIRAN\u00cbS<\/span><\/h1>\n<p>\t<a href=\"http:\/\/calendly.com\/efit-tirana\" title=\"VIZITONI SHKOLL\u00cbN\" target=\"\" class=\"btn btn--color4\">VIZITONI SHKOLL\u00cbN<\/a> \t\t\t\t<\/div>\n<\/p><\/div>\n<style type=\"text\/css\">\n\t\t\t\t\t\t\t\t.slider-li-bloc_big_header_text_8-0 {background-image: url(https:\/\/efitirana.com\/wp-content\/uploads\/2025\/09\/IMG_8146-scaled-e1760526154775-420x420.jpg);}\n\t\t\t\t\t\t\t\t@media (min-width: 480px) {\t.slider-li-bloc_big_header_text_8-0 {background-image: url(https:\/\/efitirana.com\/wp-content\/uploads\/2025\/09\/IMG_8146-scaled-e1760526154775-420x420.jpg);}}\n\t\t\t\t\t\t\t\t@media (min-width: 768px) {\t.slider-li-bloc_big_header_text_8-0 {background-image: url(https:\/\/efitirana.com\/wp-content\/uploads\/2025\/09\/IMG_8146-scaled-e1760526154775-1024x644.jpg);}}\n\t\t\t\t\t\t\t\t@media (min-width: 992px) { .slider-li-bloc_big_header_text_8-0 {background-image: url(https:\/\/efitirana.com\/wp-content\/uploads\/2025\/09\/IMG_8146-scaled-e1760526154775-1024x644.jpg);}}\n\t\t\t\t\t\t\t\t@media (min-width: 1200px) { .slider-li-bloc_big_header_text_8-0 {background-image: url(https:\/\/efitirana.com\/wp-content\/uploads\/2025\/09\/IMG_8146-scaled-e1760526154775-1536x966.jpg);}}\n\t\t\t\t\t\t\t<\/style>\n<\/li>\n<li class=\"slider-li slider-li-bloc_big_header_text_8-1 \">\n<div class=\"fond_noir\" ><\/div>\n<div class=\"container\">\n<div class=\"text d-flex flex-column justify-content-end align-items-start\">\n<h1><span>Regjistrimet p\u00ebr vitin 2024-2025<\/span><\/h1>\n<p>\t<a href=\"https:\/\/efitirana.com\/sq\/formulaire-dinscription\/\" title=\"Regjistrohu tani online\" target=\"\" class=\"btn btn--color4\">Regjistrohu tani online<\/a> \t\t\t\t<\/div>\n<\/p><\/div>\n<style type=\"text\/css\">\n\t\t\t\t\t\t\t\t.slider-li-bloc_big_header_text_8-1 {background-image: url(https:\/\/efitirana.com\/wp-content\/uploads\/2025\/09\/IMG_7925-scaled.jpg);}\n\t\t\t\t\t\t\t\t@media (min-width: 480px) {\t.slider-li-bloc_big_header_text_8-1 {background-image: url(https:\/\/efitirana.com\/wp-content\/uploads\/2025\/09\/IMG_7925-scaled.jpg);}}\n\t\t\t\t\t\t\t\t@media (min-width: 768px) {\t.slider-li-bloc_big_header_text_8-1 {background-image: url(https:\/\/efitirana.com\/wp-content\/uploads\/2025\/09\/IMG_7925-scaled.jpg);}}\n\t\t\t\t\t\t\t\t@media (min-width: 992px) { .slider-li-bloc_big_header_text_8-1 {background-image: url(https:\/\/efitirana.com\/wp-content\/uploads\/2025\/09\/IMG_7925-scaled.jpg);}}\n\t\t\t\t\t\t\t\t@media (min-width: 1200px) { .slider-li-bloc_big_header_text_8-1 {background-image: url(https:\/\/efitirana.com\/wp-content\/uploads\/2025\/09\/IMG_7925-scaled.jpg);}}\n\t\t\t\t\t\t\t<\/style>\n<\/li>\n<li class=\"slider-li slider-li-bloc_big_header_text_8-2 \">\n<div class=\"fond_noir\" ><\/div>\n<div class=\"container\">\n<div class=\"text d-flex flex-column justify-content-end align-items-start\">\n<h1><span>Nj\u00eb komunitet i ngusht\u00eb dhe i kujdessh\u00ebm<\/span><\/h1>\n<\/p><\/div>\n<\/p><\/div>\n<style type=\"text\/css\">\n\t\t\t\t\t\t\t\t.slider-li-bloc_big_header_text_8-2 {background-image: url(https:\/\/efitirana.com\/wp-content\/uploads\/2026\/02\/DSC05119-scaled.jpg);}\n\t\t\t\t\t\t\t\t@media (min-width: 480px) {\t.slider-li-bloc_big_header_text_8-2 {background-image: url(https:\/\/efitirana.com\/wp-content\/uploads\/2026\/02\/DSC05119-scaled.jpg);}}\n\t\t\t\t\t\t\t\t@media (min-width: 768px) {\t.slider-li-bloc_big_header_text_8-2 {background-image: url(https:\/\/efitirana.com\/wp-content\/uploads\/2026\/02\/DSC05119-scaled.jpg);}}\n\t\t\t\t\t\t\t\t@media (min-width: 992px) { .slider-li-bloc_big_header_text_8-2 {background-image: url(https:\/\/efitirana.com\/wp-content\/uploads\/2026\/02\/DSC05119-scaled.jpg);}}\n\t\t\t\t\t\t\t\t@media (min-width: 1200px) { .slider-li-bloc_big_header_text_8-2 {background-image: url(https:\/\/efitirana.com\/wp-content\/uploads\/2026\/02\/DSC05119-scaled.jpg);}}\n\t\t\t\t\t\t\t<\/style>\n<\/li>\n<li class=\"slider-li slider-li-bloc_big_header_text_8-3 \">\n<div class=\"fond_noir\" ><\/div>\n<div class=\"container\">\n<div class=\"text d-flex flex-column justify-content-end align-items-start\">\n<h1><span>Program dygjuh\u00ebsh<\/span><\/h1>\n<\/p><\/div>\n<\/p><\/div>\n<style type=\"text\/css\">\n\t\t\t\t\t\t\t\t.slider-li-bloc_big_header_text_8-3 {background-image: url(https:\/\/efitirana.com\/wp-content\/uploads\/2025\/09\/IMG_0889-420x420.jpg);}\n\t\t\t\t\t\t\t\t@media (min-width: 480px) {\t.slider-li-bloc_big_header_text_8-3 {background-image: url(https:\/\/efitirana.com\/wp-content\/uploads\/2025\/09\/IMG_0889-420x420.jpg);}}\n\t\t\t\t\t\t\t\t@media (min-width: 768px) {\t.slider-li-bloc_big_header_text_8-3 {background-image: url(https:\/\/efitirana.com\/wp-content\/uploads\/2025\/09\/IMG_0889-1024x768.jpg);}}\n\t\t\t\t\t\t\t\t@media (min-width: 992px) { .slider-li-bloc_big_header_text_8-3 {background-image: url(https:\/\/efitirana.com\/wp-content\/uploads\/2025\/09\/IMG_0889-1024x768.jpg);}}\n\t\t\t\t\t\t\t\t@media (min-width: 1200px) { .slider-li-bloc_big_header_text_8-3 {background-image: url(https:\/\/efitirana.com\/wp-content\/uploads\/2025\/09\/IMG_0889-1536x1152.jpg);}}\n\t\t\t\t\t\t\t<\/style>\n<\/li>\n<\/ul><\/div>\n<\/div>\n<p><script>\n$(document).ready(function() {<\/p>\n<p>    $('#slider-bloc_big_header_text_8').flexslider({\n        animation: \"slide\",\n\t\tslideshowSpeed: 4000,\n        animationLoop: true,\n        slideshow: true,\n        directionNav: false,\n        controlNav: true,        \n        start: function(slider){\n      $('.flexslider').removeClass('loading');\n     }\n    });<\/p>\n<p> });<\/p>\n<p><\/script><\/p>\n<div class=\"cardscolors cardscolors--nocolor\" id=\"bloc_1_9\">\n<div class=\"container\">\n<h2><span>KURRIKULA SHKOLLORE<\/span><\/h2>\n<div class=\"row justify-content-center\">\n<div class=\"col-12 col-sm-6 col-lg-3 mb-2\">\n<div class=\"cardcolor d-flex flex-column\">\n\t\t\t\t\t\t\t<img decoding=\"async\" class=\"img-fluid\" src=\"https:\/\/efitirana.com\/wp-content\/uploads\/2025\/09\/WhatsApp-Image-2025-07-09-at-11.31.42-AM-1-372x300.jpeg\" width=\"\" height=\"\" alt=\"\"><\/p>\n<div class=\"text d-flex flex-column justify-content-center align-self-stretch\">\n<div class=\"title d-flex flex-column justify-content-center\">\n<h4>Kopshti<\/h4>\n<\/p><\/div>\n<p>nga\u00a02 n\u00eb 6\u00a0vje\u00e7<\/p>\n<p>\t\t\t\t<a href=\"https:\/\/efitirana.com\/sq\/kurrikula-shkollore\/kopshti\/\" target=\"\" class=\"link\">Zbuloni<\/a>\n\t\t\t\t\t<\/div>\n<\/p><\/div>\n<\/p><\/div>\n<div class=\"col-12 col-sm-6 col-lg-3 mb-2\">\n<div class=\"cardcolor d-flex flex-column\">\n\t\t\t\t\t\t\t<img decoding=\"async\" class=\"img-fluid\" src=\"https:\/\/efitirana.com\/wp-content\/uploads\/2025\/09\/IMG_6793-372x300.jpg\" width=\"\" height=\"\" alt=\"\"><\/p>\n<div class=\"text d-flex flex-column justify-content-center align-self-stretch\">\n<div class=\"title d-flex flex-column justify-content-center\">\n<h4>Shkolla fillore<\/h4>\n<\/p><\/div>\n<p>nga\u00a06 n\u00eb 11\u00a0vje\u00e7<\/p>\n<p>\t\t\t\t<a href=\"https:\/\/efitirana.com\/sq\/kurrikula-shkollore\/fillorja\/\" target=\"\" class=\"link\">Zbuloni<\/a>\n\t\t\t\t\t<\/div>\n<\/p><\/div>\n<\/p><\/div>\n<div class=\"col-12 col-sm-6 col-lg-3 mb-2\">\n<div class=\"cardcolor d-flex flex-column\">\n\t\t\t\t\t\t\t<img decoding=\"async\" class=\"img-fluid\" src=\"https:\/\/efitirana.com\/wp-content\/uploads\/2025\/09\/WhatsApp-Image-2025-09-30-at-10.44.43-AM-372x300.jpeg\" width=\"\" height=\"\" alt=\"\"><\/p>\n<div class=\"text d-flex flex-column justify-content-center align-self-stretch\">\n<div class=\"title d-flex flex-column justify-content-center\">\n<h4>9-vje\u00e7arja<\/h4>\n<\/p><\/div>\n<p>nga\u00a011 n\u00eb 15\u00a0vje\u00e7<\/p>\n<p>\t\t\t\t<a href=\"https:\/\/efitirana.com\/sq\/kurrikula-shkollore\/9-vjecarja\/\" target=\"\" class=\"link\">Zbuloni<\/a>\n\t\t\t\t\t<\/div>\n<\/p><\/div>\n<\/p><\/div>\n<div class=\"col-12 col-sm-6 col-lg-3 mb-2\">\n<div class=\"cardcolor d-flex flex-column\">\n\t\t\t\t\t\t\t<img decoding=\"async\" class=\"img-fluid\" src=\"https:\/\/efitirana.com\/wp-content\/uploads\/2025\/09\/WhatsApp-Image-2025-09-30-at-10.44.43-AM-1-372x300.jpeg\" width=\"\" height=\"\" alt=\"\"><\/p>\n<div class=\"text d-flex flex-column justify-content-center align-self-stretch\">\n<div class=\"title d-flex flex-column justify-content-center\">\n<h4>Gjimnazi<\/h4>\n<\/p><\/div>\n<p>nga\u00a015 n\u00eb 18\u00a0vje\u00e7<\/p>\n<p>\t\t\t\t<a href=\"https:\/\/efitirana.com\/sq\/kurrikula-shkollore\/gjimnazi\/\" target=\"\" class=\"link\">Zbuloni<\/a>\n\t\t\t\t\t<\/div>\n<\/p><\/div>\n<\/p><\/div>\n<\/p><\/div>\n<\/p><\/div>\n<\/div>\n<div class=\"blocmedia blocmedia--textright blocmedia--color4\" id=\"bloc_2_10\">\n<div class=\"container\">\n<div class=\"row\">\n<div class=\"col-12 col-md-6\">\n<div class=\"slider\">\n<div id=\"slider-bloc_2_10\" class=\"flexslider flexslider--blocmedia loading\">\n<ul class=\"slides list-unstyled\">\n<li class=\"slider-li\">\n\t\t\t\t\t\t\t\t\t\t     \t<a data-fancybox=\"rel-slider-bloc_2_10\" data-caption=\"\" href=\"https:\/\/efitirana.com\/wp-content\/uploads\/2025\/09\/WhatsApp-Image-2025-09-30-at-10.59.34-AM-1-722x564.jpeg\"><br \/>\n\t\t\t\t\t\t\t\t\t\t\t\t\t<img decoding=\"async\" class=\"img-fluid\" src=\"https:\/\/efitirana.com\/wp-content\/uploads\/2025\/09\/WhatsApp-Image-2025-09-30-at-10.59.34-AM-1-722x564.jpeg\" width=\"\" height=\"\" alt=\"\"><br \/>\n\t\t\t\t\t\t\t\t\t\t\t\t<\/a>\n\t\t\t\t\t\t\t\t\t\t     <\/li>\n<\/ul><\/div>\n<\/p><\/div>\n<\/p><\/div>\n<div class=\"col-12 col-md-5 d-flex flex-column justify-content-center align-items-start mb-2 mb-md-0\">\n<div class=\"text\">\n<h2><span>RRETH EFI T\u00cb TIRAN\u00cbS<\/span><\/h2>\n<p>E themeluar m\u00eb\u00a02011, Shkolla Franceze Nd\u00ebrkomb\u00ebtare e Tiran\u00ebs (EFIT) pret sot 165\u00a0nx\u00ebn\u00ebs nga shkolla kopshti deri n\u00eb lice. Q\u00eb prej shtatorit\u00a02019, institucioni ka nj\u00eb kampus t\u00eb ri q\u00eb ndodhet n\u00eb nj\u00eb vend ideal n\u00eb lagjen dinamike Tirana East Gate\u2026<\/p>\n<p>\t\t\t\t\t\t<!-- Changer la classe de couleur du bouton en fonction de la couleur g\u00e9n\u00e9rale du bloc --><\/p>\n<div class=\"bloc_cta\" >\n<p><a class=\"btn btn--color4\" href=\"https:\/\/efitirana.com\/sq\/rreth-nesh\/\" target=\"\">P\u00ebr t\u00eb ditur m\u00eb tep\u00ebr<\/a>\t\t\t\t\t<\/div>\n<\/p><\/div>\n<\/p><\/div>\n<\/p><\/div>\n<\/p><\/div>\n<\/div>\n<div class=\"blocmedia blocmedia--textleft blocmedia--nocolor\" id=\"bloc_2_11\">\n<div class=\"container\">\n<div class=\"row\">\n<div class=\"col-12 col-md-6\">\n<div class=\"slider\">\n<div id=\"slider-bloc_2_11\" class=\"flexslider flexslider--blocmedia loading\">\n<ul class=\"slides list-unstyled\">\n<li class=\"slider-li\">\n\t\t\t\t\t\t\t\t\t\t     \t<a data-fancybox=\"rel-slider-bloc_2_11\" data-caption=\"\" href=\"https:\/\/efitirana.com\/wp-content\/uploads\/2022\/05\/IMG_9734-722x564.jpg\"><br \/>\n\t\t\t\t\t\t\t\t\t\t\t\t\t<img decoding=\"async\" class=\"img-fluid\" src=\"https:\/\/efitirana.com\/wp-content\/uploads\/2022\/05\/IMG_9734-722x564.jpg\" width=\"\" height=\"\" alt=\"\"><br \/>\n\t\t\t\t\t\t\t\t\t\t\t\t<\/a>\n\t\t\t\t\t\t\t\t\t\t     <\/li>\n<\/ul><\/div>\n<\/p><\/div>\n<\/p><\/div>\n<div class=\"col-12 col-md-5 d-flex flex-column justify-content-center align-items-start mb-2 mb-md-0\">\n<div class=\"text\">\n<h2><span>PSE EFI E TIRAN\u00cbS<\/span><\/h2>\n<p>E njohur p\u00ebr filozofin\u00eb e saj arsimore, EFIT \u00ebsht\u00eb nj\u00eb nga institucionet shkollore franceze m\u00eb prestigjioze t\u00eb Shqip\u00ebris\u00eb q\u00eb bashkon k\u00ebrkesat arsimore dhe mir\u00ebqenien. T\u00eb zgjedh\u00ebsh t\u2019i bashkohesh institucionit ton\u00eb, do t\u00eb thot\u00eb t\u00eb zgjedh\u00ebsh nj\u00eb arsimim nd\u00ebrkomb\u00ebtar n\u00eb t\u00eb cilin del n\u00eb pah ekselenca arsimore franceze\u2026<\/p>\n<p>\t\t\t\t\t\t<!-- Changer la classe de couleur du bouton en fonction de la couleur g\u00e9n\u00e9rale du bloc --><\/p>\n<div class=\"bloc_cta\" >\n<p><a class=\"btn btn--nocolor\" href=\"https:\/\/efitirana.com\/sq\/rreth-nesh\/pse-efi-e-tiranes\/\" target=\"\">P\u00ebr t\u00eb ditur m\u00eb tep\u00ebr<\/a>\t\t\t\t\t<\/div>\n<\/p><\/div>\n<\/p><\/div>\n<\/p><\/div>\n<\/p><\/div>\n<\/div>\n<div class=\"blocmedia blocmedia--textright blocmedia--color2\" id=\"bloc_2_12\">\n<div class=\"container\">\n<div class=\"row\">\n<div class=\"col-12 col-md-6\">\n<div class=\"slider\">\n<div id=\"slider-bloc_2_12\" class=\"flexslider flexslider--blocmedia loading\">\n<ul class=\"slides list-unstyled\">\n<li class=\"slider-li\">\n\t\t\t\t\t\t\t\t\t\t     \t<a data-fancybox=\"rel-slider-bloc_2_12\" data-caption=\"\" href=\"https:\/\/efitirana.com\/wp-content\/uploads\/2022\/05\/IMG_9822-722x564.jpg\"><br \/>\n\t\t\t\t\t\t\t\t\t\t\t\t\t<img decoding=\"async\" class=\"img-fluid\" src=\"https:\/\/efitirana.com\/wp-content\/uploads\/2022\/05\/IMG_9822-722x564.jpg\" width=\"\" height=\"\" alt=\"\"><br \/>\n\t\t\t\t\t\t\t\t\t\t\t\t<\/a>\n\t\t\t\t\t\t\t\t\t\t     <\/li>\n<\/ul><\/div>\n<\/p><\/div>\n<\/p><\/div>\n<div class=\"col-12 col-md-5 d-flex flex-column justify-content-center align-items-start mb-2 mb-md-0\">\n<div class=\"text\">\n<h2><span>QASJA PEDAGOGJIKE<\/span><\/h2>\n<p>EFIT u ofron nx\u00ebn\u00ebsve t\u00eb tij nj\u00eb arsimim q\u00eb bashkon \u201cm\u00eb t\u00eb mir\u00ebn e t\u00eb dyja bot\u00ebve\u201d, dometh\u00ebn\u00eb nj\u00eb shkollim q\u00eb kombinon m\u00ebsimdh\u00ebnien sipas modelit francez me forcat e arsimimit nd\u00ebrkomb\u00ebtar. Kjo ofert\u00eb e plot\u00eb u lejon nx\u00ebn\u00ebsve t\u00eb shprehin gjith\u00eb potencialin e tyre. Mendojm\u00eb se \u00e7do f\u00ebmij\u00eb meriton nj\u00eb v\u00ebmendje individuale\u2026<\/p>\n<p>\t\t\t\t\t\t<!-- Changer la classe de couleur du bouton en fonction de la couleur g\u00e9n\u00e9rale du bloc --><\/p>\n<div class=\"bloc_cta\" >\n<p><a class=\"btn btn--color2\" href=\"https:\/\/efitirana.com\/sq\/kurrikula-shkollore\/modeli-pedagogjik\/quasja-pedagogjik\/\" target=\"\">P\u00ebr t\u00eb ditur m\u00eb tep\u00ebr<\/a>\t\t\t\t\t<\/div>\n<\/p><\/div>\n<\/p><\/div>\n<\/p><\/div>\n<\/p><\/div>\n<\/div>\n<div class=\"carouselcards carouselcards--nocolor\" id=\"bloc_7_13\">\n<div class=\"container\">\n<div class=\"row carouselcards-row\">\n<div class=\"col-12 col-lg-5 col-xl-4 mb-2\">\n<h2><span>Aktualitete<\/span><\/h2>\n<p>\t\t\t\t<a class=\"d-none d-sm-block\" href=\"\">T\u00eb gjitha aktualitetet<\/a>\n\t\t\t<\/div>\n<div class=\"col-12 col-lg-7 col-xl-8\">\n<div id=\"carousel-bloc_7_13\" class=\"flexslider flexslider--carouselcards\">\n<ul class=\"slides list-unstyled\">\n<\/ul><\/div>\n<\/p><\/div>\n<div class=\"col-12 col-lg-5 col-xl-4 mt-2 d-block d-sm-none text-center\">\n\t\t\t\t<2><\/h2>\n<p><a href=\"\">T\u00eb gjitha aktualitetet<\/a>\n\t\t\t<\/div>\n<\/p><\/div>\n<\/p><\/div>\n<\/div>\n<div class=\"blocinfo blocinfo--color4\" id=\"bloc_10_14\">\n<div class=\"container\">\n<div class=\"row\">\n<div class=\"col-12 col-md-6\">\n<h2><span>Niseni t\u00eb ardhmen e tij q\u00eb sot!<\/span><\/h2>\n<p>Regjistrimet  vazhdojn\u00eb<\/p>\n<p>\t\t\t\t<!-- Changer la classe de couleur du bouton en fonction de la couleur g\u00e9n\u00e9rale du bloc --><\/p>\n<div class=\"bloc_cta\" >\n\t<a href=\"https:\/\/efitirana.com\/sq\/formulaire-dinscription\/\" title=\"Regjistrohuni\" target=\"_blank\" class=\"mr-3 btn btn--color4\">Regjistrohuni<\/a> \t\t\t\t<\/div>\n<\/p><\/div>\n<\/p><\/div>\n<\/p><\/div>\n<\/div>\n","protected":false},"excerpt":{"rendered":"<p>SHKOLLA FRANCEZE ND\u00cbRKOMB\u00cbTARE E TIRAN\u00cbS VIZITONI SHKOLL\u00cbN Regjistrimet p\u00ebr vitin 2024-2025 Regjistrohu tani online Nj\u00eb komunitet i ngusht\u00eb dhe i [&hellip;]<\/p>\n","protected":false},"author":4,"featured_media":0,"parent":0,"menu_order":0,"comment_status":"closed","ping_status":"closed","template":"","meta":{"_acf_changed":false,"kdcopypost-origin-url":"","kdcopypost-origin-id":"","footnotes":""},"class_list":["post-9072","page","type-page","status-publish","hentry"],"acf":[],"yoast_head":"<!-- This site is optimized with the Yoast SEO plugin v26.6 - https:\/\/yoast.com\/wordpress\/plugins\/seo\/ -->\n<title>Faqja kryesore - EFI Tirana<\/title>\n<meta name=\"robots\" content=\"index, follow, max-snippet:-1, max-image-preview:large, max-video-preview:-1\" \/>\n<link rel=\"canonical\" href=\"https:\/\/efitirana.com\/sq\/\" \/>\n<meta property=\"og:locale\" content=\"sq_AL\" \/>\n<meta property=\"og:type\" content=\"article\" \/>\n<meta property=\"og:title\" content=\"Faqja kryesore - EFI Tirana\" \/>\n<meta property=\"og:description\" content=\"SHKOLLA FRANCEZE ND\u00cbRKOMB\u00cbTARE E TIRAN\u00cbS VIZITONI SHKOLL\u00cbN Regjistrimet p\u00ebr vitin 2024-2025 Regjistrohu tani online Nj\u00eb komunitet i ngusht\u00eb dhe i [&hellip;]\" \/>\n<meta property=\"og:url\" content=\"https:\/\/efitirana.com\/sq\/\" \/>\n<meta property=\"og:site_name\" content=\"EFI Tirana\" \/>\n<meta property=\"article:modified_time\" content=\"2026-02-09T09:30:19+00:00\" \/>\n<meta property=\"og:image\" content=\"https:\/\/efitirana.com\/wp-content\/uploads\/2025\/09\/WhatsApp-Image-2025-07-09-at-11.31.42-AM-1-372x300.jpeg\" \/>\n<meta name=\"twitter:card\" content=\"summary_large_image\" \/>\n<meta name=\"twitter:label1\" content=\"Est. reading time\" \/>\n\t<meta name=\"twitter:data1\" content=\"6 minutes\" \/>\n<script type=\"application\/ld+json\" class=\"yoast-schema-graph\">{\"@context\":\"https:\/\/schema.org\",\"@graph\":[{\"@type\":\"WebPage\",\"@id\":\"https:\/\/efitirana.com\/sq\/\",\"url\":\"https:\/\/efitirana.com\/sq\/\",\"name\":\"Faqja kryesore - EFI Tirana\",\"isPartOf\":{\"@id\":\"https:\/\/efitirana.com\/sq\/#website\"},\"primaryImageOfPage\":{\"@id\":\"https:\/\/efitirana.com\/sq\/#primaryimage\"},\"image\":{\"@id\":\"https:\/\/efitirana.com\/sq\/#primaryimage\"},\"thumbnailUrl\":\"https:\/\/efitirana.com\/wp-content\/uploads\/2025\/09\/WhatsApp-Image-2025-07-09-at-11.31.42-AM-1-372x300.jpeg\",\"datePublished\":\"2022-06-27T07:33:30+00:00\",\"dateModified\":\"2026-02-09T09:30:19+00:00\",\"breadcrumb\":{\"@id\":\"https:\/\/efitirana.com\/sq\/#breadcrumb\"},\"inLanguage\":\"sq-AL\",\"potentialAction\":[{\"@type\":\"ReadAction\",\"target\":[\"https:\/\/efitirana.com\/sq\/\"]}]},{\"@type\":\"ImageObject\",\"inLanguage\":\"sq-AL\",\"@id\":\"https:\/\/efitirana.com\/sq\/#primaryimage\",\"url\":\"https:\/\/efitirana.com\/wp-content\/uploads\/2025\/09\/WhatsApp-Image-2025-07-09-at-11.31.42-AM-1-372x300.jpeg\",\"contentUrl\":\"https:\/\/efitirana.com\/wp-content\/uploads\/2025\/09\/WhatsApp-Image-2025-07-09-at-11.31.42-AM-1-372x300.jpeg\"},{\"@type\":\"BreadcrumbList\",\"@id\":\"https:\/\/efitirana.com\/sq\/#breadcrumb\",\"itemListElement\":[{\"@type\":\"ListItem\",\"position\":1,\"name\":\"Accueil\",\"item\":\"https:\/\/efitirana.com\/sq\/\"},{\"@type\":\"ListItem\",\"position\":2,\"name\":\"Faqja kryesore\"}]},{\"@type\":\"WebSite\",\"@id\":\"https:\/\/efitirana.com\/sq\/#website\",\"url\":\"https:\/\/efitirana.com\/sq\/\",\"name\":\"EFI Tirana\",\"description\":\"EFI Tirana\",\"potentialAction\":[{\"@type\":\"SearchAction\",\"target\":{\"@type\":\"EntryPoint\",\"urlTemplate\":\"https:\/\/efitirana.com\/sq\/?s={search_term_string}\"},\"query-input\":{\"@type\":\"PropertyValueSpecification\",\"valueRequired\":true,\"valueName\":\"search_term_string\"}}],\"inLanguage\":\"sq-AL\"}]}<\/script>\n<!-- \/ Yoast SEO plugin. -->","yoast_head_json":{"title":"Faqja kryesore - EFI Tirana","robots":{"index":"index","follow":"follow","max-snippet":"max-snippet:-1","max-image-preview":"max-image-preview:large","max-video-preview":"max-video-preview:-1"},"canonical":"https:\/\/efitirana.com\/sq\/","og_locale":"sq_AL","og_type":"article","og_title":"Faqja kryesore - EFI Tirana","og_description":"SHKOLLA FRANCEZE ND\u00cbRKOMB\u00cbTARE E TIRAN\u00cbS VIZITONI SHKOLL\u00cbN Regjistrimet p\u00ebr vitin 2024-2025 Regjistrohu tani online Nj\u00eb komunitet i ngusht\u00eb dhe i [&hellip;]","og_url":"https:\/\/efitirana.com\/sq\/","og_site_name":"EFI Tirana","article_modified_time":"2026-02-09T09:30:19+00:00","og_image":[{"url":"https:\/\/efitirana.com\/wp-content\/uploads\/2025\/09\/WhatsApp-Image-2025-07-09-at-11.31.42-AM-1-372x300.jpeg","type":"","width":"","height":""}],"twitter_card":"summary_large_image","twitter_misc":{"Est. reading time":"6 minutes"},"schema":{"@context":"https:\/\/schema.org","@graph":[{"@type":"WebPage","@id":"https:\/\/efitirana.com\/sq\/","url":"https:\/\/efitirana.com\/sq\/","name":"Faqja kryesore - EFI Tirana","isPartOf":{"@id":"https:\/\/efitirana.com\/sq\/#website"},"primaryImageOfPage":{"@id":"https:\/\/efitirana.com\/sq\/#primaryimage"},"image":{"@id":"https:\/\/efitirana.com\/sq\/#primaryimage"},"thumbnailUrl":"https:\/\/efitirana.com\/wp-content\/uploads\/2025\/09\/WhatsApp-Image-2025-07-09-at-11.31.42-AM-1-372x300.jpeg","datePublished":"2022-06-27T07:33:30+00:00","dateModified":"2026-02-09T09:30:19+00:00","breadcrumb":{"@id":"https:\/\/efitirana.com\/sq\/#breadcrumb"},"inLanguage":"sq-AL","potentialAction":[{"@type":"ReadAction","target":["https:\/\/efitirana.com\/sq\/"]}]},{"@type":"ImageObject","inLanguage":"sq-AL","@id":"https:\/\/efitirana.com\/sq\/#primaryimage","url":"https:\/\/efitirana.com\/wp-content\/uploads\/2025\/09\/WhatsApp-Image-2025-07-09-at-11.31.42-AM-1-372x300.jpeg","contentUrl":"https:\/\/efitirana.com\/wp-content\/uploads\/2025\/09\/WhatsApp-Image-2025-07-09-at-11.31.42-AM-1-372x300.jpeg"},{"@type":"BreadcrumbList","@id":"https:\/\/efitirana.com\/sq\/#breadcrumb","itemListElement":[{"@type":"ListItem","position":1,"name":"Accueil","item":"https:\/\/efitirana.com\/sq\/"},{"@type":"ListItem","position":2,"name":"Faqja kryesore"}]},{"@type":"WebSite","@id":"https:\/\/efitirana.com\/sq\/#website","url":"https:\/\/efitirana.com\/sq\/","name":"EFI Tirana","description":"EFI Tirana","potentialAction":[{"@type":"SearchAction","target":{"@type":"EntryPoint","urlTemplate":"https:\/\/efitirana.com\/sq\/?s={search_term_string}"},"query-input":{"@type":"PropertyValueSpecification","valueRequired":true,"valueName":"search_term_string"}}],"inLanguage":"sq-AL"}]}},"_links":{"self":[{"href":"https:\/\/efitirana.com\/sq\/wp-json\/wp\/v2\/pages\/9072","targetHints":{"allow":["GET"]}}],"collection":[{"href":"https:\/\/efitirana.com\/sq\/wp-json\/wp\/v2\/pages"}],"about":[{"href":"https:\/\/efitirana.com\/sq\/wp-json\/wp\/v2\/types\/page"}],"author":[{"embeddable":true,"href":"https:\/\/efitirana.com\/sq\/wp-json\/wp\/v2\/users\/4"}],"replies":[{"embeddable":true,"href":"https:\/\/efitirana.com\/sq\/wp-json\/wp\/v2\/comments?post=9072"}],"version-history":[{"count":59,"href":"https:\/\/efitirana.com\/sq\/wp-json\/wp\/v2\/pages\/9072\/revisions"}],"predecessor-version":[{"id":12548,"href":"https:\/\/efitirana.com\/sq\/wp-json\/wp\/v2\/pages\/9072\/revisions\/12548"}],"wp:attachment":[{"href":"https:\/\/efitirana.com\/sq\/wp-json\/wp\/v2\/media?parent=9072"}],"curies":[{"name":"wp","href":"https:\/\/api.w.org\/{rel}","templated":true}]}}