{"id":9170,"date":"2022-06-27T09:34:33","date_gmt":"2022-06-27T07:34:33","guid":{"rendered":"https:\/\/efitira.agencebisart.com\/a-propos\/mot-du-chef-detablissement\/"},"modified":"2024-08-23T21:26:41","modified_gmt":"2024-08-23T19:26:41","slug":"fjala-e-drejtuesit-te-institucionit","status":"publish","type":"page","link":"https:\/\/efitirana.com\/sq\/rreth-nesh\/fjala-e-drejtuesit-te-institucionit\/","title":{"rendered":"Fjala e drejtuesit t\u00eb insititucionit"},"content":{"rendered":"<p>\t\t\t\t<!-- avec ou sans CTA : m\u00eame code, \u00e7a centre verticalement le texte --><\/p>\n<div class=\"smallheader\" id=\"bloc_small_header_7\">\n<style type=\"text\/css\">\n\t\t\t\t\t\t\t#bloc_small_header_7 {background-image: url(https:\/\/efitirana.com\/wp-content\/uploads\/2022\/05\/HEADER_8-610x268.jpg);}\n\t\t\t\t\t\t\t@media (min-width: 480px) {\t#bloc_small_header_7 {background-image: url(https:\/\/efitirana.com\/wp-content\/uploads\/2022\/05\/HEADER_8-610x268.jpg);}}\n\t\t\t\t\t\t\t@media (min-width: 768px) {\t#bloc_small_header_7 {background-image: url(https:\/\/efitirana.com\/wp-content\/uploads\/2022\/05\/HEADER_8-1024x214.jpg);}}\n\t\t\t\t\t\t\t@media (min-width: 992px) { #bloc_small_header_7 {background-image: url(https:\/\/efitirana.com\/wp-content\/uploads\/2022\/05\/HEADER_8-1024x214.jpg);}}\n\t\t\t\t\t\t\t@media (min-width: 1200px) { #bloc_small_header_7 {background-image: url(https:\/\/efitirana.com\/wp-content\/uploads\/2022\/05\/HEADER_8.jpg);}}\n\t\t\t\t\t\t<\/style>\n<div class=\"container d-flex flex-column justify-content-center align-items-start\">\n<h1><span>FJALA E DREJTUESIT T\u00cb INSTITUCIONIT<\/span><\/h1>\n<\/p><\/div>\n<\/p><\/div>\n<div class=\"bloctext bloctext--color2 bloctext--haspattern\" id=\"bloc_6_8\">\n<div class=\"container\">\n<div class=\"row\">\n<div class=\"col-12 col-lg-4 col-xl-3 mb-1\">\n<h2><span>EFI E TIRAN\u00cbS<\/span><\/h2>\n<\/p><\/div>\n<div class=\"col-12 col-lg-8 col-xl-9\">\n<div class=\"text pl-lg-4\">\n<p>T\u00eb dashur prind\u00ebr, nx\u00ebn\u00ebs dhe miq t\u00eb \u00c9cole Fran\u00e7aise Internationale de Tirana,<\/p>\n<p>Kam k\u00ebnaq\u00ebsin\u00eb t\u2019ju uroj mir\u00ebseardhjen n\u00eb faqen ton\u00eb t\u00eb internetit. Shkolla jon\u00eb, e themeluar mbi vlerat e ekselenc\u00ebs akademike franceze dhe hapjes nd\u00ebrkomb\u00ebtare, \u00ebsht\u00eb nj\u00eb vend ku mendjet e reja fillojn\u00eb nj\u00eb udh\u00ebtim t\u00eb zbulimit, m\u00ebsimit dhe zhvillim personal.<\/p>\n<p>N\u00eb EFIT, ne besojm\u00eb fuqimisht se \u00e7do f\u00ebmij\u00eb ka nj\u00eb potencial unik dhe meriton nj\u00eb v\u00ebmendje t\u00eb ve\u00e7ant\u00eb p\u00ebr t\u00eb zhvilluar aft\u00ebsit\u00eb e tij intelektuale, sociale dhe emocionale. Ekipi yn\u00eb pedagogjik, i p\u00ebrkushtuar dhe i apasionuar, ka si q\u00ebllim krijimin e nj\u00eb mjedisi m\u00ebsimor stimulues dhe mb\u00ebshtet\u00ebs, ku \u00e7do nx\u00ebn\u00ebs inkurajohet t\u00eb zhvillohet dhe t\u00eb b\u00ebhet nj\u00eb qytetar i p\u00ebrgjegjsh\u00ebm dhe i respektuar n\u00eb bot\u00eb.<\/p>\n<p>Ne ofrojm\u00eb nj\u00eb kurrikul\u00eb tregjuh\u00ebshe \u2014 fr\u00ebngjisht, anglisht dhe shqip \u2014 q\u00eb zhyt nx\u00ebn\u00ebsit tan\u00eb n\u00eb nj\u00eb diversitet t\u00eb pasur kulturor dhe gjuh\u00ebsor. Kjo qasje jo vet\u00ebm q\u00eb zgjeron horizontet e tyre, por gjithashtu i p\u00ebrgatit ata p\u00ebr t\u00eb pasur sukses n\u00eb nj\u00eb bot\u00eb gjithnj\u00eb e m\u00eb t\u00eb nd\u00ebrlidhur.<\/p>\n<p>Shkolla jon\u00eb ofron nj\u00eb kombinim unik t\u00eb arsimit, duke kombinuar \u00ab\u00a0m\u00eb t\u00eb mir\u00ebn e t\u00eb dyja bot\u00ebve\u00a0\u00bb: rigorozitetin dhe ekselenc\u00ebn akademike t\u00eb arsimit francez me forcat e arsimit nd\u00ebrkomb\u00ebtar. Vlerat e arsimit francez, t\u00eb njohura p\u00ebr rigorozitetin e tyre akademik, k\u00ebrkes\u00ebn p\u00ebr cil\u00ebsi dhe angazhimin ndaj mendimit kritik, jan\u00eb t\u00eb integruara n\u00eb m\u00ebnyr\u00eb harmonike me parimet e arsimit nd\u00ebrkomb\u00ebtar, q\u00eb promovojn\u00eb mendimin e hapur, kreativitetin dhe nj\u00eb kuptim t\u00eb thell\u00eb t\u00eb \u00e7\u00ebshtjeve globale. Kjo sinergji ofron p\u00ebr nx\u00ebn\u00ebsit tan\u00eb nj\u00eb edukim t\u00eb plot\u00eb, duke i pajisur ata me aft\u00ebsit\u00eb e nevojshme p\u00ebr t\u00eb shk\u00eblqyer nga ana akademike, nd\u00ebrkoh\u00eb q\u00eb zhvillojn\u00eb aft\u00ebsi t\u00eb r\u00ebnd\u00ebsishme nd\u00ebrkulturore. Ata m\u00ebsojn\u00eb jo vet\u00ebm t\u00eb zot\u00ebrojn\u00eb njohurit\u00eb themelore, por edhe t\u00eb p\u00ebrgatiten p\u00ebr sfidat e nj\u00eb bote n\u00eb zhvillim t\u00eb vazhduesh\u00ebm, ku inovacioni dhe bashk\u00ebpunimi nd\u00ebrkomb\u00ebtar jan\u00eb thelb\u00ebsor\u00eb.<\/p>\n<p>Nj\u00eb tjet\u00ebr shtyll\u00eb e misionit ton\u00eb edukativ \u00ebsht\u00eb angazhimi yn\u00eb ndaj zhvillimit t\u00eb q\u00ebndruesh\u00ebm dhe edukimit ekologjik. Ne synojm\u00eb t\u2019i nd\u00ebrgjegj\u00ebsojm\u00eb nx\u00ebn\u00ebsit tan\u00eb p\u00ebr r\u00ebnd\u00ebsin\u00eb e respektit t\u00eb thell\u00eb ndaj mjedisit dhe t&rsquo;i ndihmojm\u00eb ata t\u00eb kuptojn\u00eb sfidat ekologjike t\u00eb koh\u00ebs son\u00eb.<\/p>\n<p>Ju ftoj t\u00eb eksploroni faqen ton\u00eb p\u00ebr t\u00eb zbuluar m\u00eb shum\u00eb rreth programeve tona, aktiviteteve jasht\u00ebshkollore dhe komunitetit ton\u00eb shkollor dinamik. P\u00ebr ata q\u00eb po mendojn\u00eb t\u00eb na bashkohen, do t\u00eb ishte k\u00ebnaq\u00ebsi t&rsquo;ju mir\u00ebpresim dhe t&rsquo;ju tregojm\u00eb se \u00e7far\u00eb e b\u00ebn shkoll\u00ebn ton\u00eb v\u00ebrtet t\u00eb ve\u00e7ant\u00eb.<\/p>\n<p>LACROIX Fabien<\/p>\n<p>Drejtori<\/p>\n<p><img loading=\"lazy\" decoding=\"async\" class=\"size-medium wp-image-11240 aligncenter\" src=\"https:\/\/efitirana.com\/wp-content\/uploads\/2024\/08\/207-HteDef-4-200x300.jpg\" alt=\"\" width=\"200\" height=\"300\" srcset=\"https:\/\/efitirana.com\/wp-content\/uploads\/2024\/08\/207-HteDef-4-200x300.jpg 200w, https:\/\/efitirana.com\/wp-content\/uploads\/2024\/08\/207-HteDef-4-683x1024.jpg 683w, https:\/\/efitirana.com\/wp-content\/uploads\/2024\/08\/207-HteDef-4-768x1152.jpg 768w, https:\/\/efitirana.com\/wp-content\/uploads\/2024\/08\/207-HteDef-4-1024x1536.jpg 1024w, https:\/\/efitirana.com\/wp-content\/uploads\/2024\/08\/207-HteDef-4-1365x2048.jpg 1365w, https:\/\/efitirana.com\/wp-content\/uploads\/2024\/08\/207-HteDef-4-33x50.jpg 33w, https:\/\/efitirana.com\/wp-content\/uploads\/2024\/08\/207-HteDef-4-67x100.jpg 67w, https:\/\/efitirana.com\/wp-content\/uploads\/2024\/08\/207-HteDef-4-30x45.jpg 30w, https:\/\/efitirana.com\/wp-content\/uploads\/2024\/08\/207-HteDef-4-scaled.jpg 1707w\" sizes=\"auto, (max-width: 200px) 100vw, 200px\" \/><\/p>\n<p><img loading=\"lazy\" decoding=\"async\" class=\"alignnone size-medium wp-image-11204\" src=\"https:\/\/efitirana.com\/wp-content\/uploads\/2024\/08\/207-HteDef-3-200x300.jpg\" alt=\"\" width=\"200\" height=\"300\" \/><\/p>\n<p>&nbsp;<\/p>\n<\/p><\/div>\n<\/p><\/div>\n<\/p><\/div>\n<\/p><\/div>\n<\/div>\n<div class=\"blocmedia blocmedia--textright blocmedia--nocolor\" id=\"bloc_2_9\">\n<div class=\"container\">\n<div class=\"row\">\n<div class=\"col-12 col-md-6\">\n<div class=\"slider\">\n<div id=\"slider-bloc_2_9\" class=\"flexslider flexslider--blocmedia loading\">\n<ul class=\"slides list-unstyled\">\n<li class=\"slider-li\">\n\t\t\t\t\t\t\t\t\t\t     \t<a data-fancybox=\"rel-slider-bloc_2_9\" data-caption=\"\" href=\"https:\/\/efitirana.com\/wp-content\/uploads\/2022\/05\/IMG_9870-722x564.jpg\"><br \/>\n\t\t\t\t\t\t\t\t\t\t\t\t\t<img decoding=\"async\" class=\"img-fluid\" src=\"https:\/\/efitirana.com\/wp-content\/uploads\/2022\/05\/IMG_9870-722x564.jpg\" width=\"\" height=\"\" alt=\"\"><br \/>\n\t\t\t\t\t\t\t\t\t\t\t\t<\/a>\n\t\t\t\t\t\t\t\t\t\t     <\/li>\n<\/ul><\/div>\n<\/p><\/div>\n<\/p><\/div>\n<div class=\"col-12 col-md-5 d-flex flex-column justify-content-center align-items-start mb-2 mb-md-0\">\n<div class=\"text\">\n<h2><span>NJ\u00cb PROGRAM, DY KULTURA<\/span><\/h2>\n<p>Institucioni yn\u00eb \u00ebsht\u00eb nj\u00eb institucion nd\u00ebrkomb\u00ebtar, i hapur ndaj t\u00eb gjith\u00ebve dhe q\u00eb i bazon parimet e veta n\u00eb hapjen nd\u00ebrkulturore dhe shum\u00ebgjuh\u00ebsin\u00eb. EFIT ndjek programet franceze dhe synon t\u00eb jet\u00eb nj\u00eb ur\u00eb midis kultur\u00ebs franceze dhe kultur\u00ebs shqiptare, ve\u00e7an\u00ebrisht p\u00ebrmes partneritetit dhe takimeve.<\/p>\n<p>\t\t\t\t\t\t<!-- Changer la classe de couleur du bouton en fonction de la couleur g\u00e9n\u00e9rale du bloc --><\/p>\n<div class=\"bloc_cta\" ><\/div>\n<\/p><\/div>\n<\/p><\/div>\n<\/p><\/div>\n<\/p><\/div>\n<\/div>\n<div class=\"blocmedia blocmedia--textleft blocmedia--color4\" id=\"bloc_2_10\">\n<div class=\"container\">\n<div class=\"row\">\n<div class=\"col-12 col-md-6\">\n<div class=\"slider\">\n<div id=\"slider-bloc_2_10\" class=\"flexslider flexslider--blocmedia loading\">\n<ul class=\"slides list-unstyled\">\n<li class=\"slider-li\">\n\t\t\t\t\t\t\t\t\t\t     \t<a data-fancybox=\"rel-slider-bloc_2_10\" data-caption=\"\" href=\"https:\/\/efitirana.com\/wp-content\/uploads\/2022\/05\/157284165_3853592208057583_107120372769713890_n-722x564.jpeg\"><br \/>\n\t\t\t\t\t\t\t\t\t\t\t\t\t<img decoding=\"async\" class=\"img-fluid\" src=\"https:\/\/efitirana.com\/wp-content\/uploads\/2022\/05\/157284165_3853592208057583_107120372769713890_n-722x564.jpeg\" width=\"\" height=\"\" alt=\"\"><br \/>\n\t\t\t\t\t\t\t\t\t\t\t\t<\/a>\n\t\t\t\t\t\t\t\t\t\t     <\/li>\n<\/ul><\/div>\n<\/p><\/div>\n<\/p><\/div>\n<div class=\"col-12 col-md-5 d-flex flex-column justify-content-center align-items-start mb-2 mb-md-0\">\n<div class=\"text\">\n<h2><span>T\u00cb ZBULOJM\u00cb S\u00cb BASHKU<\/span><\/h2>\n<p>Ekipet e EFIT kan\u00eb treguar gjithmon\u00eb nj\u00eb aft\u00ebsi p\u00ebrshtatjeje n\u00eb kushtet e imponuara nga kriza dhe ju mund t\u00eb mb\u00ebshteteni n\u00eb t\u00eb gjith\u00eb personelin p\u00ebr ta b\u00ebr\u00eb k\u00ebt\u00eb vit shkollor nj\u00eb \u00e7ast t\u00eb madh bashk\u00ebpunimi, dijesh, zbulimi dhe g\u00ebzimi.<\/p>\n<p>\t\t\t\t\t\t<!-- Changer la classe de couleur du bouton en fonction de la couleur g\u00e9n\u00e9rale du bloc --><\/p>\n<div class=\"bloc_cta\" ><\/div>\n<\/p><\/div>\n<\/p><\/div>\n<\/p><\/div>\n<\/p><\/div>\n<\/div>\n<div class=\"blocmedia blocmedia--textright blocmedia--nocolor\" id=\"bloc_2_11\">\n<div class=\"container\">\n<div class=\"row\">\n<div class=\"col-12 col-md-6\">\n<div class=\"slider\">\n<div id=\"slider-bloc_2_11\" class=\"flexslider flexslider--blocmedia loading\">\n<ul class=\"slides list-unstyled\">\n<li class=\"slider-li\">\n\t\t\t\t\t\t\t\t\t\t     \t<a data-fancybox=\"rel-slider-bloc_2_11\" data-caption=\"\" href=\"https:\/\/efitirana.com\/wp-content\/uploads\/2022\/05\/273728151_4937135196369940_8500816812318623778_n-722x564.jpeg\"><br \/>\n\t\t\t\t\t\t\t\t\t\t\t\t\t<img decoding=\"async\" class=\"img-fluid\" src=\"https:\/\/efitirana.com\/wp-content\/uploads\/2022\/05\/273728151_4937135196369940_8500816812318623778_n-722x564.jpeg\" width=\"\" height=\"\" alt=\"\"><br \/>\n\t\t\t\t\t\t\t\t\t\t\t\t<\/a>\n\t\t\t\t\t\t\t\t\t\t     <\/li>\n<\/ul><\/div>\n<\/p><\/div>\n<\/p><\/div>\n<div class=\"col-12 col-md-5 d-flex flex-column justify-content-center align-items-start mb-2 mb-md-0\">\n<div class=\"text\">\n<h2><span>OBJETIVI I EFI<\/span><\/h2>\n<p>Ne e kemi p\u00ebr zem\u00ebr t\u00eb vazhdojm\u00eb ta zhvillojm\u00eb institucionin ton\u00eb, ta hapim at\u00eb ndaj bot\u00ebs, ta b\u00ebjm\u00eb edhe m\u00eb t\u00ebrheq\u00ebs, gjithnj\u00eb duke ruajtur p\u00ebrmas\u00ebn miq\u00ebsore dhe lidhjen e fort\u00eb q\u00eb karakterizon EFIT dhe gjith\u00eb bashk\u00ebsin\u00eb e saj.<br \/>\nS\u00eb bashku do t\u2019ia dalim!<\/p>\n<p>\t\t\t\t\t\t<!-- Changer la classe de couleur du bouton en fonction de la couleur g\u00e9n\u00e9rale du bloc --><\/p>\n<div class=\"bloc_cta\" ><\/div>\n<\/p><\/div>\n<\/p><\/div>\n<\/p><\/div>\n<\/p><\/div>\n<\/div>\n<div class=\"blocinfo blocinfo--color4\" id=\"bloc_10_12\">\n<div class=\"container\">\n<div class=\"row\">\n<div class=\"col-12 col-md-6\">\n<h2><span>Niseni t\u00eb ardhmen e tij q\u00eb sot!<\/span><\/h2>\n<p>Regjistrimet p\u00ebr vitin\u00a02024-2025 jan\u00eb hapur.<\/p>\n<p>\t\t\t\t<!-- Changer la classe de couleur du bouton en fonction de la couleur g\u00e9n\u00e9rale du bloc --><\/p>\n<div class=\"bloc_cta\" >\n\t<a href=\"https:\/\/efitirana.com\/wp-content\/uploads\/2024\/07\/Formulaire-d-inscription-24-25-FR.pdf\" title=\"Regjistrohuni\" target=\"_blank\" class=\"mr-3 btn btn--color4\" rel=\"noopener\">Regjistrohuni<\/a> \t\t\t\t<\/div>\n<\/p><\/div>\n<\/p><\/div>\n<\/p><\/div>\n<\/div>\n","protected":false},"excerpt":{"rendered":"<p>FJALA E DREJTUESIT T\u00cb INSTITUCIONIT EFI E TIRAN\u00cbS T\u00eb dashur prind\u00ebr, nx\u00ebn\u00ebs dhe miq t\u00eb \u00c9cole Fran\u00e7aise Internationale de Tirana, [&hellip;]<\/p>\n","protected":false},"author":4,"featured_media":0,"parent":9144,"menu_order":20,"comment_status":"closed","ping_status":"closed","template":"","meta":{"_acf_changed":false,"kdcopypost-origin-url":"","kdcopypost-origin-id":"","footnotes":""},"class_list":["post-9170","page","type-page","status-publish","hentry"],"acf":[],"yoast_head":"<!-- This site is optimized with the Yoast SEO plugin v26.6 - https:\/\/yoast.com\/wordpress\/plugins\/seo\/ -->\n<title>Fjala e drejtuesit t\u00eb insititucionit - EFI Tirana<\/title>\n<meta name=\"robots\" content=\"index, follow, max-snippet:-1, max-image-preview:large, max-video-preview:-1\" \/>\n<link rel=\"canonical\" href=\"https:\/\/efitirana.com\/sq\/rreth-nesh\/fjala-e-drejtuesit-te-institucionit\/\" \/>\n<meta property=\"og:locale\" content=\"sq_AL\" \/>\n<meta property=\"og:type\" content=\"article\" \/>\n<meta property=\"og:title\" content=\"Fjala e drejtuesit t\u00eb insititucionit - EFI Tirana\" \/>\n<meta property=\"og:description\" content=\"FJALA E DREJTUESIT T\u00cb INSTITUCIONIT EFI E TIRAN\u00cbS T\u00eb dashur prind\u00ebr, nx\u00ebn\u00ebs dhe miq t\u00eb \u00c9cole Fran\u00e7aise Internationale de Tirana, [&hellip;]\" \/>\n<meta property=\"og:url\" content=\"https:\/\/efitirana.com\/sq\/rreth-nesh\/fjala-e-drejtuesit-te-institucionit\/\" \/>\n<meta property=\"og:site_name\" content=\"EFI Tirana\" \/>\n<meta property=\"article:modified_time\" content=\"2024-08-23T19:26:41+00:00\" \/>\n<meta property=\"og:image\" content=\"https:\/\/efitirana.com\/wp-content\/uploads\/2024\/08\/207-HteDef-4-200x300.jpg\" \/>\n<meta name=\"twitter:card\" content=\"summary_large_image\" \/>\n<meta name=\"twitter:label1\" content=\"Est. reading time\" \/>\n\t<meta name=\"twitter:data1\" content=\"8 minutes\" \/>\n<script type=\"application\/ld+json\" class=\"yoast-schema-graph\">{\"@context\":\"https:\/\/schema.org\",\"@graph\":[{\"@type\":\"WebPage\",\"@id\":\"https:\/\/efitirana.com\/sq\/rreth-nesh\/fjala-e-drejtuesit-te-institucionit\/\",\"url\":\"https:\/\/efitirana.com\/sq\/rreth-nesh\/fjala-e-drejtuesit-te-institucionit\/\",\"name\":\"Fjala e drejtuesit t\u00eb insititucionit - EFI Tirana\",\"isPartOf\":{\"@id\":\"https:\/\/efitirana.com\/sq\/#website\"},\"primaryImageOfPage\":{\"@id\":\"https:\/\/efitirana.com\/sq\/rreth-nesh\/fjala-e-drejtuesit-te-institucionit\/#primaryimage\"},\"image\":{\"@id\":\"https:\/\/efitirana.com\/sq\/rreth-nesh\/fjala-e-drejtuesit-te-institucionit\/#primaryimage\"},\"thumbnailUrl\":\"https:\/\/efitirana.com\/wp-content\/uploads\/2024\/08\/207-HteDef-4-200x300.jpg\",\"datePublished\":\"2022-06-27T07:34:33+00:00\",\"dateModified\":\"2024-08-23T19:26:41+00:00\",\"breadcrumb\":{\"@id\":\"https:\/\/efitirana.com\/sq\/rreth-nesh\/fjala-e-drejtuesit-te-institucionit\/#breadcrumb\"},\"inLanguage\":\"sq-AL\",\"potentialAction\":[{\"@type\":\"ReadAction\",\"target\":[\"https:\/\/efitirana.com\/sq\/rreth-nesh\/fjala-e-drejtuesit-te-institucionit\/\"]}]},{\"@type\":\"ImageObject\",\"inLanguage\":\"sq-AL\",\"@id\":\"https:\/\/efitirana.com\/sq\/rreth-nesh\/fjala-e-drejtuesit-te-institucionit\/#primaryimage\",\"url\":\"https:\/\/efitirana.com\/wp-content\/uploads\/2024\/08\/207-HteDef-4-200x300.jpg\",\"contentUrl\":\"https:\/\/efitirana.com\/wp-content\/uploads\/2024\/08\/207-HteDef-4-200x300.jpg\"},{\"@type\":\"BreadcrumbList\",\"@id\":\"https:\/\/efitirana.com\/sq\/rreth-nesh\/fjala-e-drejtuesit-te-institucionit\/#breadcrumb\",\"itemListElement\":[{\"@type\":\"ListItem\",\"position\":1,\"name\":\"Accueil\",\"item\":\"https:\/\/efitirana.com\/sq\/\"},{\"@type\":\"ListItem\",\"position\":2,\"name\":\"Rreth nesh\",\"item\":\"https:\/\/efitirana.com\/sq\/rreth-nesh\/\"},{\"@type\":\"ListItem\",\"position\":3,\"name\":\"Fjala e drejtuesit t\u00eb insititucionit\"}]},{\"@type\":\"WebSite\",\"@id\":\"https:\/\/efitirana.com\/sq\/#website\",\"url\":\"https:\/\/efitirana.com\/sq\/\",\"name\":\"EFI Tirana\",\"description\":\"EFI Tirana\",\"potentialAction\":[{\"@type\":\"SearchAction\",\"target\":{\"@type\":\"EntryPoint\",\"urlTemplate\":\"https:\/\/efitirana.com\/sq\/?s={search_term_string}\"},\"query-input\":{\"@type\":\"PropertyValueSpecification\",\"valueRequired\":true,\"valueName\":\"search_term_string\"}}],\"inLanguage\":\"sq-AL\"}]}<\/script>\n<!-- \/ Yoast SEO plugin. -->","yoast_head_json":{"title":"Fjala e drejtuesit t\u00eb insititucionit - EFI Tirana","robots":{"index":"index","follow":"follow","max-snippet":"max-snippet:-1","max-image-preview":"max-image-preview:large","max-video-preview":"max-video-preview:-1"},"canonical":"https:\/\/efitirana.com\/sq\/rreth-nesh\/fjala-e-drejtuesit-te-institucionit\/","og_locale":"sq_AL","og_type":"article","og_title":"Fjala e drejtuesit t\u00eb insititucionit - EFI Tirana","og_description":"FJALA E DREJTUESIT T\u00cb INSTITUCIONIT EFI E TIRAN\u00cbS T\u00eb dashur prind\u00ebr, nx\u00ebn\u00ebs dhe miq t\u00eb \u00c9cole Fran\u00e7aise Internationale de Tirana, [&hellip;]","og_url":"https:\/\/efitirana.com\/sq\/rreth-nesh\/fjala-e-drejtuesit-te-institucionit\/","og_site_name":"EFI Tirana","article_modified_time":"2024-08-23T19:26:41+00:00","og_image":[{"url":"https:\/\/efitirana.com\/wp-content\/uploads\/2024\/08\/207-HteDef-4-200x300.jpg","type":"","width":"","height":""}],"twitter_card":"summary_large_image","twitter_misc":{"Est. reading time":"8 minutes"},"schema":{"@context":"https:\/\/schema.org","@graph":[{"@type":"WebPage","@id":"https:\/\/efitirana.com\/sq\/rreth-nesh\/fjala-e-drejtuesit-te-institucionit\/","url":"https:\/\/efitirana.com\/sq\/rreth-nesh\/fjala-e-drejtuesit-te-institucionit\/","name":"Fjala e drejtuesit t\u00eb insititucionit - EFI Tirana","isPartOf":{"@id":"https:\/\/efitirana.com\/sq\/#website"},"primaryImageOfPage":{"@id":"https:\/\/efitirana.com\/sq\/rreth-nesh\/fjala-e-drejtuesit-te-institucionit\/#primaryimage"},"image":{"@id":"https:\/\/efitirana.com\/sq\/rreth-nesh\/fjala-e-drejtuesit-te-institucionit\/#primaryimage"},"thumbnailUrl":"https:\/\/efitirana.com\/wp-content\/uploads\/2024\/08\/207-HteDef-4-200x300.jpg","datePublished":"2022-06-27T07:34:33+00:00","dateModified":"2024-08-23T19:26:41+00:00","breadcrumb":{"@id":"https:\/\/efitirana.com\/sq\/rreth-nesh\/fjala-e-drejtuesit-te-institucionit\/#breadcrumb"},"inLanguage":"sq-AL","potentialAction":[{"@type":"ReadAction","target":["https:\/\/efitirana.com\/sq\/rreth-nesh\/fjala-e-drejtuesit-te-institucionit\/"]}]},{"@type":"ImageObject","inLanguage":"sq-AL","@id":"https:\/\/efitirana.com\/sq\/rreth-nesh\/fjala-e-drejtuesit-te-institucionit\/#primaryimage","url":"https:\/\/efitirana.com\/wp-content\/uploads\/2024\/08\/207-HteDef-4-200x300.jpg","contentUrl":"https:\/\/efitirana.com\/wp-content\/uploads\/2024\/08\/207-HteDef-4-200x300.jpg"},{"@type":"BreadcrumbList","@id":"https:\/\/efitirana.com\/sq\/rreth-nesh\/fjala-e-drejtuesit-te-institucionit\/#breadcrumb","itemListElement":[{"@type":"ListItem","position":1,"name":"Accueil","item":"https:\/\/efitirana.com\/sq\/"},{"@type":"ListItem","position":2,"name":"Rreth nesh","item":"https:\/\/efitirana.com\/sq\/rreth-nesh\/"},{"@type":"ListItem","position":3,"name":"Fjala e drejtuesit t\u00eb insititucionit"}]},{"@type":"WebSite","@id":"https:\/\/efitirana.com\/sq\/#website","url":"https:\/\/efitirana.com\/sq\/","name":"EFI Tirana","description":"EFI Tirana","potentialAction":[{"@type":"SearchAction","target":{"@type":"EntryPoint","urlTemplate":"https:\/\/efitirana.com\/sq\/?s={search_term_string}"},"query-input":{"@type":"PropertyValueSpecification","valueRequired":true,"valueName":"search_term_string"}}],"inLanguage":"sq-AL"}]}},"_links":{"self":[{"href":"https:\/\/efitirana.com\/sq\/wp-json\/wp\/v2\/pages\/9170","targetHints":{"allow":["GET"]}}],"collection":[{"href":"https:\/\/efitirana.com\/sq\/wp-json\/wp\/v2\/pages"}],"about":[{"href":"https:\/\/efitirana.com\/sq\/wp-json\/wp\/v2\/types\/page"}],"author":[{"embeddable":true,"href":"https:\/\/efitirana.com\/sq\/wp-json\/wp\/v2\/users\/4"}],"replies":[{"embeddable":true,"href":"https:\/\/efitirana.com\/sq\/wp-json\/wp\/v2\/comments?post=9170"}],"version-history":[{"count":26,"href":"https:\/\/efitirana.com\/sq\/wp-json\/wp\/v2\/pages\/9170\/revisions"}],"predecessor-version":[{"id":11271,"href":"https:\/\/efitirana.com\/sq\/wp-json\/wp\/v2\/pages\/9170\/revisions\/11271"}],"up":[{"embeddable":true,"href":"https:\/\/efitirana.com\/sq\/wp-json\/wp\/v2\/pages\/9144"}],"wp:attachment":[{"href":"https:\/\/efitirana.com\/sq\/wp-json\/wp\/v2\/media?parent=9170"}],"curies":[{"name":"wp","href":"https:\/\/api.w.org\/{rel}","templated":true}]}}