{"id":9210,"date":"2022-06-27T09:35:29","date_gmt":"2022-06-27T07:35:29","guid":{"rendered":"https:\/\/efitira.agencebisart.com\/a-propos\/pourquoi-lefi-tirana\/"},"modified":"2024-04-12T10:14:03","modified_gmt":"2024-04-12T08:14:03","slug":"pse-efi-e-tiranes","status":"publish","type":"page","link":"https:\/\/efitirana.com\/sq\/rreth-nesh\/pse-efi-e-tiranes\/","title":{"rendered":"Pse EFI e Tiran\u00ebs?"},"content":{"rendered":"<p>\t\t\t\t<!-- avec ou sans CTA : m\u00eame code, \u00e7a centre verticalement le texte --><\/p>\n<div class=\"smallheader\" id=\"bloc_small_header_1\">\n<style type=\"text\/css\">\n\t\t\t\t\t\t\t#bloc_small_header_1 {background-image: url(https:\/\/efitirana.com\/wp-content\/uploads\/2022\/05\/HEADER_4-610x268.jpg);}\n\t\t\t\t\t\t\t@media (min-width: 480px) {\t#bloc_small_header_1 {background-image: url(https:\/\/efitirana.com\/wp-content\/uploads\/2022\/05\/HEADER_4-610x268.jpg);}}\n\t\t\t\t\t\t\t@media (min-width: 768px) {\t#bloc_small_header_1 {background-image: url(https:\/\/efitirana.com\/wp-content\/uploads\/2022\/05\/HEADER_4-1024x214.jpg);}}\n\t\t\t\t\t\t\t@media (min-width: 992px) { #bloc_small_header_1 {background-image: url(https:\/\/efitirana.com\/wp-content\/uploads\/2022\/05\/HEADER_4-1024x214.jpg);}}\n\t\t\t\t\t\t\t@media (min-width: 1200px) { #bloc_small_header_1 {background-image: url(https:\/\/efitirana.com\/wp-content\/uploads\/2022\/05\/HEADER_4.jpg);}}\n\t\t\t\t\t\t<\/style>\n<div class=\"container d-flex flex-column justify-content-center align-items-start\">\n<h1><span>PSE EFI E TIRAN\u00cbS?<\/span><\/h1>\n<\/p><\/div>\n<\/p><\/div>\n<div class=\"bloctext bloctext--nocolor bloctext--haspattern\" id=\"bloc_6_2\">\n<div class=\"container\">\n<div class=\"row\">\n<div class=\"col-12 col-lg-4 col-xl-3 mb-1\">\n<h2><span>PREMTIMI YN\u00cb<\/span><\/h2>\n<\/p><\/div>\n<div class=\"col-12 col-lg-8 col-xl-9\">\n<div class=\"text pl-lg-4\">\n<p>E njohur p\u00ebr filozofin\u00eb e saj arsimore, EFIT \u00ebsht\u00eb nj\u00eb nga institucionet shkollore franceze m\u00eb prestigjioze t\u00eb Shqip\u00ebris\u00eb q\u00eb bashkon k\u00ebrkesat arsimore dhe mir\u00ebqenien.<\/p>\n<p>T\u00eb zgjedh\u00ebsh t\u2019i bashkohesh institucionit ton\u00eb, do t\u00eb thot\u00eb t\u00eb zgjedh\u00ebsh nj\u00eb arsimim nd\u00ebrkomb\u00ebtar n\u00eb t\u00eb cilin del n\u00eb pah ekselenca arsimore franceze. Programet e m\u00ebsimdh\u00ebnies jan\u00eb t\u00eb garantuara nga partneriteti me AEFE dhe qasja pedagogjike konsiston n\u00eb hapjen e nx\u00ebn\u00ebsve tan\u00eb ndaj bot\u00ebs.<\/p>\n<p>N\u00eb fakt, EFIT ofron nj\u00eb program shum\u00ebgjuh\u00ebsh q\u00eb n\u00eb kopsht, ku m\u00ebsimet jepen n\u00eb tri gjuh\u00eb: fr\u00ebngjisht\/anglisht (modeli dygjuh\u00ebsh) dhe shqip. Shkolla i ka v\u00ebn\u00eb vetes si mision t\u00eb rris\u00eb nx\u00ebn\u00ebsin n\u00eb respektim t\u00eb tjetrit dhe me besim te vetvetja. Ky instrument konkretizohet p\u00ebrmes nj\u00eb organizimi pedagogjik t\u00eb p\u00ebrshtatur ndaj nevojave t\u00eb nx\u00ebn\u00ebsve tan\u00eb dhe k\u00ebrkesave t\u00eb programeve:<\/p>\n<ul>\n<li>klasa me num\u00ebr t\u00eb reduktuar (maksimumi 25\u00a0nx\u00ebn\u00ebs p\u00ebr klas\u00eb),<\/li>\n<li>pritja e nx\u00ebn\u00ebsve me nevoja shkollimi t\u00eb ve\u00e7anta.<\/li>\n<\/ul><\/div>\n<\/p><\/div>\n<\/p><\/div>\n<\/p><\/div>\n<\/div>\n<div class=\"carouseltexts carouseltexts--color2\" id=\"bloc_9_3\">\n<div class=\"container\">\n<h2><span>5\u00a0ARSYE T\u00cb MIRA P\u00cbR T\u00cb ZGJEDHUR EFIT<\/span><\/h2>\n<p class=\"mb-2 mb-md-4\">\n<div class=\"row\">\n<div class=\"col-12\">\n<div id=\"carousel-2\" class=\"flexslider flexslider--carouseltexts\">\n<ul class=\"slides list-unstyled\">\n<li class=\"slider-li\">\n<div class=\"cardtext\">\n<div class=\"text\">\n<blockquote><p>\n\t\t\t\t\t    \t\t\t\t<strong>Nj\u00eb shkollim francez ekselence<\/strong><\/p>\n<p>EFIT \u00ebsht\u00eb ekselenca e sistemit shkollor francez, forca e nj\u00eb rrjeti nd\u00ebrkomb\u00ebtar, perspektiva n\u00eb mbar\u00eb bot\u00ebn. Programi shkollor francez \u00ebsht\u00eb i njohur n\u00eb bot\u00eb p\u00ebr cil\u00ebsin\u00eb e tij. Ai lejon hyrjen, menj\u00ebher\u00eb pas matur\u00ebs, n\u00eb universitetet m\u00eb t\u00eb mira t\u00eb bot\u00ebs. Ve\u00e7an\u00ebrisht n\u00eb universitetet evropiane, kur nx\u00ebn\u00ebsit kan\u00eb nj\u00eb zot\u00ebrim t\u00eb q\u00ebndruesh\u00ebm t\u00eb gjuh\u00ebve t\u00eb huaja.<\/p>\n<\/blockquote>\n<p>\t\t\t\t\t    \t\t\t<cite class=\"author\"><br \/>\n\t\t\t\t\t\t\t\t\t\t<img decoding=\"async\" src=\"https:\/\/efitirana.com\/wp-content\/uploads\/2022\/03\/MEMBRE_SANS_PHOTO-150x150.jpg\" alt=\"\" width=\"58\" height=\"58\"><\/p>\n<div>\n\t\t\t\t\t\t\t\t\t\t\t<strong><\/strong><br \/>\n\t\t\t\t\t\t\t\t\t\t\t<span><\/span>\n\t\t\t\t\t\t\t\t\t\t<\/div>\n<p>\t\t\t\t\t\t\t\t\t<\/cite><\/p><\/div>\n<\/p><\/div>\n<\/li>\n<li class=\"slider-li\">\n<div class=\"cardtext\">\n<div class=\"text\">\n<blockquote><p>\n\t\t\t\t\t    \t\t\t\t<strong>Nj\u00eb arsimim nd\u00ebrkomb\u00ebtar<\/strong><\/p>\n<p>Kombinimi i m\u00ebsimeve gjuh\u00ebsore me p\u00ebrvet\u00ebsimin e dijeve t\u00eb l\u00ebnd\u00ebve \u00ebsht\u00eb thelb\u00ebsor. Ndaj EFIT zbaton nj\u00eb politik\u00eb t\u00eb p\u00ebrshtatshme t\u00eb gjuh\u00ebve duke ofruar programe gjuh\u00ebsore dygjuh\u00ebshe ose trigjuh\u00ebshe duke nisur nga CP.<\/p>\n<p>M\u00ebsimet b\u00ebhet n\u00eb lidhje me kompetencat e punuara n\u00eb klas\u00eb, n\u00eb m\u00ebnyr\u00eb q\u00eb t\u00eb lidhen m\u00ebsimet n\u00eb gjuh\u00ebt e ndryshme. EFIT ofron nj\u00eb hapje ndaj bot\u00ebs p\u00ebrmes shk\u00ebmbimeve, binjak\u00ebzimeve dhe zbulimit t\u00eb p\u00ebrditsh\u00ebm dhe t\u00eb gjall\u00eb t\u00eb kulturave t\u00eb bot\u00ebs brenda rrjetit t\u00eb institucioneve Odyssey.<\/p>\n<p>T\u00eb nxitur t\u00eb shk\u00ebmbejn\u00eb, t\u00eb krijojn\u00eb dhe t\u00eb marrin iniciativa n\u00eb nj\u00eb mjedis shum\u00ebkulturor, nx\u00ebn\u00ebsit tan\u00eb p\u00ebrvet\u00ebsojn\u00eb, p\u00ebrve\u00e7 njohurive akademike, cil\u00ebsi njer\u00ebzore dhe shoq\u00ebrore q\u00eb do t\u2019i udh\u00ebheqin gjat\u00eb gjith\u00eb viteve t\u00eb studimeve dhe madje m\u00eb tej.<\/p>\n<\/blockquote>\n<p>\t\t\t\t\t    \t\t\t<cite class=\"author\"><br \/>\n\t\t\t\t\t\t\t\t\t\t<img decoding=\"async\" src=\"https:\/\/efitirana.com\/wp-content\/uploads\/2022\/03\/MEMBRE_SANS_PHOTO-150x150.jpg\" alt=\"\" width=\"58\" height=\"58\"><\/p>\n<div>\n\t\t\t\t\t\t\t\t\t\t\t<strong><\/strong><br \/>\n\t\t\t\t\t\t\t\t\t\t\t<span><\/span>\n\t\t\t\t\t\t\t\t\t\t<\/div>\n<p>\t\t\t\t\t\t\t\t\t<\/cite><\/p><\/div>\n<\/p><\/div>\n<\/li>\n<li class=\"slider-li\">\n<div class=\"cardtext\">\n<div class=\"text\">\n<blockquote><p>\n\t\t\t\t\t    \t\t\t\t<strong>Nj\u00eb mb\u00ebshtetje e personalizuar<\/strong><\/p>\n<p>Institucioni zgjedh organizimin e ndihm\u00ebs s\u00eb personalizuar, t\u00eb miratuar nga Inspektori i Arsimit Komb\u00ebtar. K\u00ebto m\u00ebnyra i lejojn\u00eb institucionit t\u2019u p\u00ebrshtatet detyrimeve vendore: Ai zgjedh shp\u00ebrndarjen e or\u00ebve gjat\u00eb jav\u00ebs dhe koh\u00ebn e dit\u00ebs kur ajo ofrohet.<\/p>\n<p>N\u00eb EFIT, \u00ebsht\u00eb fjala p\u00ebr 1 or\u00eb n\u00eb jav\u00eb. N\u00eb funksion t\u00eb p\u00ebrparimit t\u00eb tij, nj\u00eb nx\u00ebn\u00ebs mund t\u00eb largohet ose t\u2019i bashkohet k\u00ebtij instrumenti gjat\u00eb vitit.<\/p>\n<\/blockquote>\n<p>\t\t\t\t\t    \t\t\t<cite class=\"author\"><br \/>\n\t\t\t\t\t\t\t\t\t\t<img decoding=\"async\" src=\"https:\/\/efitirana.com\/wp-content\/uploads\/2022\/03\/MEMBRE_SANS_PHOTO-150x150.jpg\" alt=\"\" width=\"58\" height=\"58\"><\/p>\n<div>\n\t\t\t\t\t\t\t\t\t\t\t<strong><\/strong><br \/>\n\t\t\t\t\t\t\t\t\t\t\t<span><\/span>\n\t\t\t\t\t\t\t\t\t\t<\/div>\n<p>\t\t\t\t\t\t\t\t\t<\/cite><\/p><\/div>\n<\/p><\/div>\n<\/li>\n<li class=\"slider-li\">\n<div class=\"cardtext\">\n<div class=\"text\">\n<blockquote><p>\n\t\t\t\t\t    \t\t\t\t<strong>Ndihmat e specializuara<\/strong><\/p>\n<p>Kur jan\u00eb t\u00eb nevojshme disa ndihma, ve\u00e7an\u00ebrisht ndihma t\u00eb specializuara, nj\u00eb program i specializuar i suksesit shkollor (PPRE) garanton koherenc\u00ebn e tij. Ky instrument propozon ndihma t\u00eb orientuara drejt kompetencave t\u00eb ve\u00e7anta. Ai p\u00ebrcakton m\u00ebnyrat e marrjes n\u00eb ngarkim t\u00eb nx\u00ebn\u00ebsve, mb\u00ebshtetjen e tyre dhe unitetin midis aktor\u00ebve t\u00eb ndrysh\u00ebm.<\/p>\n<\/blockquote>\n<p>\t\t\t\t\t    \t\t\t<cite class=\"author\"><br \/>\n\t\t\t\t\t\t\t\t\t\t<img decoding=\"async\" src=\"https:\/\/efitirana.com\/wp-content\/uploads\/2022\/03\/MEMBRE_SANS_PHOTO-150x150.jpg\" alt=\"\" width=\"58\" height=\"58\"><\/p>\n<div>\n\t\t\t\t\t\t\t\t\t\t\t<strong><\/strong><br \/>\n\t\t\t\t\t\t\t\t\t\t\t<span><\/span>\n\t\t\t\t\t\t\t\t\t\t<\/div>\n<p>\t\t\t\t\t\t\t\t\t<\/cite><\/p><\/div>\n<\/p><\/div>\n<\/li>\n<li class=\"slider-li\">\n<div class=\"cardtext\">\n<div class=\"text\">\n<blockquote><p>\n\t\t\t\t\t    \t\t\t\t<strong>Nj\u00eb shkollim zhvillues<\/strong><\/p>\n<p>EFIT u mund\u00ebson nx\u00ebn\u00ebsve t\u00eb saj t\u00eb p\u00ebrparojn\u00eb n\u00eb nj\u00eb kuad\u00ebr jete t\u00eb privilegjuar dhe optimist, ku suksesi rimon me zhvillimin. Metodat e saj pedagogjike novatore jan\u00eb t\u00eb drejtuara drejt forcimit t\u00eb vullnetit dhe t\u00eb besimit n\u00eb vetvete, zhvillimit t\u00eb aft\u00ebsis\u00eb s\u00eb p\u00ebrshtatjes, reflektimit dhe hapjes ndaj tjetrit.<\/p>\n<\/blockquote>\n<p>\t\t\t\t\t    \t\t\t<cite class=\"author\"><br \/>\n\t\t\t\t\t\t\t\t\t\t<img decoding=\"async\" src=\"https:\/\/efitirana.com\/wp-content\/uploads\/2022\/03\/MEMBRE_SANS_PHOTO-150x150.jpg\" alt=\"\" width=\"58\" height=\"58\"><\/p>\n<div>\n\t\t\t\t\t\t\t\t\t\t\t<strong><\/strong><br \/>\n\t\t\t\t\t\t\t\t\t\t\t<span><\/span>\n\t\t\t\t\t\t\t\t\t\t<\/div>\n<p>\t\t\t\t\t\t\t\t\t<\/cite><\/p><\/div>\n<\/p><\/div>\n<\/li>\n<\/ul><\/div>\n<\/p><\/div>\n<\/p><\/div>\n<\/p><\/div>\n<\/div>\n<div class=\"blocmedia blocmedia--textright blocmedia--nocolor\" id=\"bloc_2_4\">\n<div class=\"container\">\n<div class=\"row\">\n<div class=\"col-12 col-md-6\">\n<div class=\"slider\">\n<div id=\"slider-bloc_2_4\" class=\"flexslider flexslider--blocmedia loading\">\n<ul class=\"slides list-unstyled\">\n<li class=\"slider-li\">\n\t\t\t\t\t\t\t\t\t\t     \t<a data-fancybox=\"rel-slider-bloc_2_4\" data-caption=\"\" href=\"https:\/\/efitirana.com\/wp-content\/uploads\/2022\/05\/180854816_4026064894143646_2554404527620625953_n-722x453.jpeg\"><br \/>\n\t\t\t\t\t\t\t\t\t\t\t\t\t<img decoding=\"async\" class=\"img-fluid\" src=\"https:\/\/efitirana.com\/wp-content\/uploads\/2022\/05\/180854816_4026064894143646_2554404527620625953_n-722x453.jpeg\" width=\"\" height=\"\" alt=\"\"><br \/>\n\t\t\t\t\t\t\t\t\t\t\t\t<\/a>\n\t\t\t\t\t\t\t\t\t\t     <\/li>\n<\/ul><\/div>\n<\/p><\/div>\n<\/p><\/div>\n<div class=\"col-12 col-md-5 d-flex flex-column justify-content-center align-items-start mb-2 mb-md-0\">\n<div class=\"text\">\n<h2><span>NJ\u00cb SHKOLL\u00cb E GJELB\u00cbR Q\u00cb RESPEKTON MJEDISIN: E3D, NIVELI\u00a02<\/span><\/h2>\n<p>EFIT \u00ebsht\u00eb institucioni i vet\u00ebm shkollor i Shqip\u00ebris\u00eb q\u00eb ka marr\u00eb nj\u00eb certifikim t\u00eb l\u00ebshuar nga qeveria franceze, q\u00eb d\u00ebshmon p\u00ebr angazhimin e saj dhe aksionet e nd\u00ebrmarra n\u00eb favor t\u00eb zhvillimit t\u00eb q\u00ebndruesh\u00ebm, duke u lejuar t\u00eb gjith\u00eb an\u00ebtar\u00ebve t\u00eb bashk\u00ebsis\u00eb edukative dhe partner\u00ebve, t\u00eb mbledhur n\u00eb gjirin e nj\u00eb komiteti pilotimi, t\u00eb p\u00ebrfshihen dhe t\u2019i realizojn\u00eb projektet me sukses.<\/p>\n<p>\t\t\t\t\t\t<!-- Changer la classe de couleur du bouton en fonction de la couleur g\u00e9n\u00e9rale du bloc --><\/p>\n<div class=\"bloc_cta\" ><\/div>\n<\/p><\/div>\n<\/p><\/div>\n<\/p><\/div>\n<\/p><\/div>\n<\/div>\n<div class=\"blocinfo blocinfo--color4\" id=\"bloc_10_5\">\n<div class=\"container\">\n<div class=\"row\">\n<div class=\"col-12 col-md-6\">\n<h2><span>Keni nevoj\u00eb p\u00ebr m\u00eb shum\u00eb informacion?<\/span><\/h2>\n<p>Ekipi i zyr\u00ebs s\u00eb regjistrimeve \u00ebsht\u00eb n\u00eb dispozicionin tuaj p\u00ebr t\u2019iu p\u00ebrgjigjur t\u00eb gjitha pyetjeve tuaja.<\/p>\n<p>\t\t\t\t<!-- Changer la classe de couleur du bouton en fonction de la couleur g\u00e9n\u00e9rale du bloc --><\/p>\n<div class=\"bloc_cta\" >\n\t<a href=\"https:\/\/efitirana.com\/sq\/na-kontaktoni\/\" title=\"Na kontaktoni\" target=\"\" class=\"mr-3 btn btn--color4\" rel=\"noopener\">Na kontaktoni<\/a> \t\t\t\t<\/div>\n<\/p><\/div>\n<\/p><\/div>\n<\/p><\/div>\n<\/div>\n","protected":false},"excerpt":{"rendered":"<p>PSE EFI E TIRAN\u00cbS? PREMTIMI YN\u00cb E njohur p\u00ebr filozofin\u00eb e saj arsimore, EFIT \u00ebsht\u00eb nj\u00eb nga institucionet shkollore franceze [&hellip;]<\/p>\n","protected":false},"author":4,"featured_media":0,"parent":9144,"menu_order":40,"comment_status":"closed","ping_status":"closed","template":"","meta":{"_acf_changed":false,"kdcopypost-origin-url":"","kdcopypost-origin-id":"","footnotes":""},"class_list":["post-9210","page","type-page","status-publish","hentry"],"acf":[],"yoast_head":"<!-- This site is optimized with the Yoast SEO plugin v26.6 - https:\/\/yoast.com\/wordpress\/plugins\/seo\/ -->\n<title>Pse EFI e Tiran\u00ebs? - EFI Tirana<\/title>\n<meta name=\"robots\" content=\"index, follow, max-snippet:-1, max-image-preview:large, max-video-preview:-1\" \/>\n<link rel=\"canonical\" href=\"https:\/\/efitirana.com\/sq\/rreth-nesh\/pse-efi-e-tiranes\/\" \/>\n<meta property=\"og:locale\" content=\"sq_AL\" \/>\n<meta property=\"og:type\" content=\"article\" \/>\n<meta property=\"og:title\" content=\"Pse EFI e Tiran\u00ebs? - EFI Tirana\" \/>\n<meta property=\"og:description\" content=\"PSE EFI E TIRAN\u00cbS? PREMTIMI YN\u00cb E njohur p\u00ebr filozofin\u00eb e saj arsimore, EFIT \u00ebsht\u00eb nj\u00eb nga institucionet shkollore franceze [&hellip;]\" \/>\n<meta property=\"og:url\" content=\"https:\/\/efitirana.com\/sq\/rreth-nesh\/pse-efi-e-tiranes\/\" \/>\n<meta property=\"og:site_name\" content=\"EFI Tirana\" \/>\n<meta property=\"article:modified_time\" content=\"2024-04-12T08:14:03+00:00\" \/>\n<meta property=\"og:image\" content=\"https:\/\/efitirana.com\/wp-content\/uploads\/2022\/03\/MEMBRE_SANS_PHOTO-150x150.jpg\" \/>\n<meta name=\"twitter:card\" content=\"summary_large_image\" \/>\n<meta name=\"twitter:label1\" content=\"Est. reading time\" \/>\n\t<meta name=\"twitter:data1\" content=\"4 minutes\" \/>\n<script type=\"application\/ld+json\" class=\"yoast-schema-graph\">{\"@context\":\"https:\/\/schema.org\",\"@graph\":[{\"@type\":\"WebPage\",\"@id\":\"https:\/\/efitirana.com\/sq\/rreth-nesh\/pse-efi-e-tiranes\/\",\"url\":\"https:\/\/efitirana.com\/sq\/rreth-nesh\/pse-efi-e-tiranes\/\",\"name\":\"Pse EFI e Tiran\u00ebs? - EFI Tirana\",\"isPartOf\":{\"@id\":\"https:\/\/efitirana.com\/sq\/#website\"},\"primaryImageOfPage\":{\"@id\":\"https:\/\/efitirana.com\/sq\/rreth-nesh\/pse-efi-e-tiranes\/#primaryimage\"},\"image\":{\"@id\":\"https:\/\/efitirana.com\/sq\/rreth-nesh\/pse-efi-e-tiranes\/#primaryimage\"},\"thumbnailUrl\":\"https:\/\/efitirana.com\/wp-content\/uploads\/2022\/03\/MEMBRE_SANS_PHOTO-150x150.jpg\",\"datePublished\":\"2022-06-27T07:35:29+00:00\",\"dateModified\":\"2024-04-12T08:14:03+00:00\",\"breadcrumb\":{\"@id\":\"https:\/\/efitirana.com\/sq\/rreth-nesh\/pse-efi-e-tiranes\/#breadcrumb\"},\"inLanguage\":\"sq-AL\",\"potentialAction\":[{\"@type\":\"ReadAction\",\"target\":[\"https:\/\/efitirana.com\/sq\/rreth-nesh\/pse-efi-e-tiranes\/\"]}]},{\"@type\":\"ImageObject\",\"inLanguage\":\"sq-AL\",\"@id\":\"https:\/\/efitirana.com\/sq\/rreth-nesh\/pse-efi-e-tiranes\/#primaryimage\",\"url\":\"https:\/\/efitirana.com\/wp-content\/uploads\/2022\/03\/MEMBRE_SANS_PHOTO-150x150.jpg\",\"contentUrl\":\"https:\/\/efitirana.com\/wp-content\/uploads\/2022\/03\/MEMBRE_SANS_PHOTO-150x150.jpg\"},{\"@type\":\"BreadcrumbList\",\"@id\":\"https:\/\/efitirana.com\/sq\/rreth-nesh\/pse-efi-e-tiranes\/#breadcrumb\",\"itemListElement\":[{\"@type\":\"ListItem\",\"position\":1,\"name\":\"Accueil\",\"item\":\"https:\/\/efitirana.com\/sq\/\"},{\"@type\":\"ListItem\",\"position\":2,\"name\":\"Rreth nesh\",\"item\":\"https:\/\/efitirana.com\/sq\/rreth-nesh\/\"},{\"@type\":\"ListItem\",\"position\":3,\"name\":\"Pse EFI e Tiran\u00ebs?\"}]},{\"@type\":\"WebSite\",\"@id\":\"https:\/\/efitirana.com\/sq\/#website\",\"url\":\"https:\/\/efitirana.com\/sq\/\",\"name\":\"EFI Tirana\",\"description\":\"EFI Tirana\",\"potentialAction\":[{\"@type\":\"SearchAction\",\"target\":{\"@type\":\"EntryPoint\",\"urlTemplate\":\"https:\/\/efitirana.com\/sq\/?s={search_term_string}\"},\"query-input\":{\"@type\":\"PropertyValueSpecification\",\"valueRequired\":true,\"valueName\":\"search_term_string\"}}],\"inLanguage\":\"sq-AL\"}]}<\/script>\n<!-- \/ Yoast SEO plugin. -->","yoast_head_json":{"title":"Pse EFI e Tiran\u00ebs? - EFI Tirana","robots":{"index":"index","follow":"follow","max-snippet":"max-snippet:-1","max-image-preview":"max-image-preview:large","max-video-preview":"max-video-preview:-1"},"canonical":"https:\/\/efitirana.com\/sq\/rreth-nesh\/pse-efi-e-tiranes\/","og_locale":"sq_AL","og_type":"article","og_title":"Pse EFI e Tiran\u00ebs? - EFI Tirana","og_description":"PSE EFI E TIRAN\u00cbS? PREMTIMI YN\u00cb E njohur p\u00ebr filozofin\u00eb e saj arsimore, EFIT \u00ebsht\u00eb nj\u00eb nga institucionet shkollore franceze [&hellip;]","og_url":"https:\/\/efitirana.com\/sq\/rreth-nesh\/pse-efi-e-tiranes\/","og_site_name":"EFI Tirana","article_modified_time":"2024-04-12T08:14:03+00:00","og_image":[{"url":"https:\/\/efitirana.com\/wp-content\/uploads\/2022\/03\/MEMBRE_SANS_PHOTO-150x150.jpg","type":"","width":"","height":""}],"twitter_card":"summary_large_image","twitter_misc":{"Est. reading time":"4 minutes"},"schema":{"@context":"https:\/\/schema.org","@graph":[{"@type":"WebPage","@id":"https:\/\/efitirana.com\/sq\/rreth-nesh\/pse-efi-e-tiranes\/","url":"https:\/\/efitirana.com\/sq\/rreth-nesh\/pse-efi-e-tiranes\/","name":"Pse EFI e Tiran\u00ebs? - EFI Tirana","isPartOf":{"@id":"https:\/\/efitirana.com\/sq\/#website"},"primaryImageOfPage":{"@id":"https:\/\/efitirana.com\/sq\/rreth-nesh\/pse-efi-e-tiranes\/#primaryimage"},"image":{"@id":"https:\/\/efitirana.com\/sq\/rreth-nesh\/pse-efi-e-tiranes\/#primaryimage"},"thumbnailUrl":"https:\/\/efitirana.com\/wp-content\/uploads\/2022\/03\/MEMBRE_SANS_PHOTO-150x150.jpg","datePublished":"2022-06-27T07:35:29+00:00","dateModified":"2024-04-12T08:14:03+00:00","breadcrumb":{"@id":"https:\/\/efitirana.com\/sq\/rreth-nesh\/pse-efi-e-tiranes\/#breadcrumb"},"inLanguage":"sq-AL","potentialAction":[{"@type":"ReadAction","target":["https:\/\/efitirana.com\/sq\/rreth-nesh\/pse-efi-e-tiranes\/"]}]},{"@type":"ImageObject","inLanguage":"sq-AL","@id":"https:\/\/efitirana.com\/sq\/rreth-nesh\/pse-efi-e-tiranes\/#primaryimage","url":"https:\/\/efitirana.com\/wp-content\/uploads\/2022\/03\/MEMBRE_SANS_PHOTO-150x150.jpg","contentUrl":"https:\/\/efitirana.com\/wp-content\/uploads\/2022\/03\/MEMBRE_SANS_PHOTO-150x150.jpg"},{"@type":"BreadcrumbList","@id":"https:\/\/efitirana.com\/sq\/rreth-nesh\/pse-efi-e-tiranes\/#breadcrumb","itemListElement":[{"@type":"ListItem","position":1,"name":"Accueil","item":"https:\/\/efitirana.com\/sq\/"},{"@type":"ListItem","position":2,"name":"Rreth nesh","item":"https:\/\/efitirana.com\/sq\/rreth-nesh\/"},{"@type":"ListItem","position":3,"name":"Pse EFI e Tiran\u00ebs?"}]},{"@type":"WebSite","@id":"https:\/\/efitirana.com\/sq\/#website","url":"https:\/\/efitirana.com\/sq\/","name":"EFI Tirana","description":"EFI Tirana","potentialAction":[{"@type":"SearchAction","target":{"@type":"EntryPoint","urlTemplate":"https:\/\/efitirana.com\/sq\/?s={search_term_string}"},"query-input":{"@type":"PropertyValueSpecification","valueRequired":true,"valueName":"search_term_string"}}],"inLanguage":"sq-AL"}]}},"_links":{"self":[{"href":"https:\/\/efitirana.com\/sq\/wp-json\/wp\/v2\/pages\/9210","targetHints":{"allow":["GET"]}}],"collection":[{"href":"https:\/\/efitirana.com\/sq\/wp-json\/wp\/v2\/pages"}],"about":[{"href":"https:\/\/efitirana.com\/sq\/wp-json\/wp\/v2\/types\/page"}],"author":[{"embeddable":true,"href":"https:\/\/efitirana.com\/sq\/wp-json\/wp\/v2\/users\/4"}],"replies":[{"embeddable":true,"href":"https:\/\/efitirana.com\/sq\/wp-json\/wp\/v2\/comments?post=9210"}],"version-history":[{"count":6,"href":"https:\/\/efitirana.com\/sq\/wp-json\/wp\/v2\/pages\/9210\/revisions"}],"predecessor-version":[{"id":10875,"href":"https:\/\/efitirana.com\/sq\/wp-json\/wp\/v2\/pages\/9210\/revisions\/10875"}],"up":[{"embeddable":true,"href":"https:\/\/efitirana.com\/sq\/wp-json\/wp\/v2\/pages\/9144"}],"wp:attachment":[{"href":"https:\/\/efitirana.com\/sq\/wp-json\/wp\/v2\/media?parent=9210"}],"curies":[{"name":"wp","href":"https:\/\/api.w.org\/{rel}","templated":true}]}}