{"id":9224,"date":"2022-06-27T09:35:53","date_gmt":"2022-06-27T07:35:53","guid":{"rendered":"https:\/\/efitira.agencebisart.com\/a-propos\/lequipe-administrative-pedagogique\/"},"modified":"2026-01-08T13:27:59","modified_gmt":"2026-01-08T12:27:59","slug":"ekipi-administrativ-pedagogjik","status":"publish","type":"page","link":"https:\/\/efitirana.com\/sq\/rreth-nesh\/ekipi-administrativ-pedagogjik\/","title":{"rendered":"Ekipi administrativ &#038; pedagogjik"},"content":{"rendered":"<p>\t\t\t\t<!-- avec ou sans CTA : m\u00eame code, \u00e7a centre verticalement le texte --><\/p>\n<div class=\"smallheader\" id=\"bloc_small_header_8\">\n<style type=\"text\/css\">\n\t\t\t\t\t\t\t#bloc_small_header_8 {background-image: url(https:\/\/efitirana.com\/wp-content\/uploads\/2022\/05\/HEADER_7-610x268.jpg);}\n\t\t\t\t\t\t\t@media (min-width: 480px) {\t#bloc_small_header_8 {background-image: url(https:\/\/efitirana.com\/wp-content\/uploads\/2022\/05\/HEADER_7-610x268.jpg);}}\n\t\t\t\t\t\t\t@media (min-width: 768px) {\t#bloc_small_header_8 {background-image: url(https:\/\/efitirana.com\/wp-content\/uploads\/2022\/05\/HEADER_7-1024x214.jpg);}}\n\t\t\t\t\t\t\t@media (min-width: 992px) { #bloc_small_header_8 {background-image: url(https:\/\/efitirana.com\/wp-content\/uploads\/2022\/05\/HEADER_7-1024x214.jpg);}}\n\t\t\t\t\t\t\t@media (min-width: 1200px) { #bloc_small_header_8 {background-image: url(https:\/\/efitirana.com\/wp-content\/uploads\/2022\/05\/HEADER_7.jpg);}}\n\t\t\t\t\t\t<\/style>\n<div class=\"container d-flex flex-column justify-content-center align-items-start\">\n<h1><span>Ekipi administrativ &#038; pedagogjik<\/span><\/h1>\n<\/p><\/div>\n<\/p><\/div>\n<div class=\"carouselcards carouselcards--nocolor\" id=\"bloc_8_9\">\n<div class=\"container\">\n<div class=\"row carouselcards-row\">\n<div class=\"col-12 col-lg-5 col-xl-4 mb-2\">\n<h2><span>Ekipi administrativ<\/span><\/h2>\n<p>\t\t\t\t<a href=\"https:\/\/efitirana.com\/sq\/typologie\/ekipi-administrativ-sq\/\">P\u00ebr t\u00eb ditur m\u00eb tep\u00ebr<\/a>\n\t\t\t<\/div>\n<div class=\"col-12 col-lg-7 col-xl-8\">\n<div id=\"carousel-bloc_8_9\" class=\"flexslider flexslider--carouselcards\">\n<ul class=\"slides list-unstyled\">\n<li class=\"slider-li\">\n<div class=\"card\">\n\t\t\t\t\t    \t\t<img decoding=\"async\" class=\"img-fluid\" src=\"https:\/\/efitirana.com\/wp-content\/uploads\/2024\/08\/207-HteDef-5-scaled-e1724443822965-372x330.jpg\" width=\"\" height=\"\" alt=\"LACROIX\"><\/p>\n<div class=\"text flex-column justify-content-between\">\n<div>\n<h3>Fabien LACROIX<\/h3>\n<p>Drejtori i institucionit<\/p>\n<\/p><\/div>\n<\/p><\/div>\n<\/p><\/div>\n<\/li>\n<li class=\"slider-li\">\n<div class=\"card\">\n\t\t\t\t\t    \t\t<img decoding=\"async\" class=\"img-fluid\" src=\"https:\/\/efitirana.com\/wp-content\/uploads\/2022\/03\/Marsida-Sula-1-Carre-372x330.jpg\" width=\"\" height=\"\" alt=\"Sula\"><\/p>\n<div class=\"text flex-column justify-content-between\">\n<div>\n<h3>Marsida Sula<\/h3>\n<p>Drejtoresh\u00eb ekzekutive<\/p>\n<\/p><\/div>\n<\/p><\/div>\n<\/p><\/div>\n<\/li>\n<li class=\"slider-li\">\n<div class=\"card\">\n\t\t\t\t\t    \t\t<img decoding=\"async\" class=\"img-fluid\" src=\"https:\/\/efitirana.com\/wp-content\/uploads\/2022\/03\/Elira-1-372x330.jpeg\" width=\"\" height=\"\" alt=\"SHYTI\"><\/p>\n<div class=\"text flex-column justify-content-between\">\n<div>\n<h3>Elira SHYTI<\/h3>\n<p>Asistente zyre<\/p>\n<\/p><\/div>\n<\/p><\/div>\n<\/p><\/div>\n<\/li>\n<\/ul><\/div>\n<\/p><\/div>\n<\/p><\/div>\n<\/p><\/div>\n<\/div>\n<div class=\"carouselcards carouselcards--color4\" id=\"bloc_8_10\">\n<div class=\"container\">\n<div class=\"row carouselcards-row\">\n<div class=\"col-12 col-lg-5 col-xl-4 mb-2\">\n<h2><span>Ekipi pedagogjik kopsht\/fillore<\/span><\/h2>\n<p>\t\t\t\t<a href=\"https:\/\/efitirana.com\/sq\/typologie\/ekipi-pedagogjik-sq\/\">P\u00ebr t\u00eb ditur m\u00eb tep\u00ebr<\/a>\n\t\t\t<\/div>\n<div class=\"col-12 col-lg-7 col-xl-8\">\n<div id=\"carousel-bloc_8_10\" class=\"flexslider flexslider--carouselcards\">\n<ul class=\"slides list-unstyled\">\n<li class=\"slider-li\">\n<div class=\"card\">\n\t\t\t\t\t    \t\t<img decoding=\"async\" class=\"img-fluid\" src=\"https:\/\/efitirana.com\/wp-content\/uploads\/2025\/09\/WhatsApp-Image-2025-09-11-at-12.43.53-PM-3-372x330.jpeg\" width=\"\" height=\"\" alt=\"BOUAMAMA\"><\/p>\n<div class=\"text flex-column justify-content-between\">\n<div>\n<h3>Sofia BOUAMAMA<\/h3>\n<p>Enseignante TPS \/ PS<\/p>\n<\/p><\/div>\n<\/p><\/div>\n<\/p><\/div>\n<\/li>\n<li class=\"slider-li\">\n<div class=\"card\">\n\t\t\t\t\t    \t\t<img decoding=\"async\" class=\"img-fluid\" src=\"https:\/\/efitirana.com\/wp-content\/uploads\/2025\/09\/WhatsApp-Image-2025-09-11-at-12.43.54-PM-372x330.jpeg\" width=\"\" height=\"\" alt=\"FRANCISQUE\"><\/p>\n<div class=\"text flex-column justify-content-between\">\n<div>\n<h3>Olivia  FRANCISQUE<\/h3>\n<p>Edukatore kopshti (Grupi i Dyt\u00eb &#8211; MS)<\/p>\n<\/p><\/div>\n<\/p><\/div>\n<\/p><\/div>\n<\/li>\n<li class=\"slider-li\">\n<div class=\"card\">\n\t\t\t\t\t    \t\t<img decoding=\"async\" class=\"img-fluid\" src=\"https:\/\/efitirana.com\/wp-content\/uploads\/2024\/08\/IMG_8535-2-372x330.jpg\" width=\"\" height=\"\" alt=\"Victorin\"><\/p>\n<div class=\"text flex-column justify-content-between\">\n<div>\n<h3>Sabrina Victorin<\/h3>\n<p>Edukatore kopshti (Grupi i Tret\u00eb &#8211; GS)<\/p>\n<\/p><\/div>\n<\/p><\/div>\n<\/p><\/div>\n<\/li>\n<li class=\"slider-li\">\n<div class=\"card\">\n\t\t\t\t\t    \t\t<img decoding=\"async\" class=\"img-fluid\" src=\"https:\/\/efitirana.com\/wp-content\/uploads\/2024\/08\/IMG_8531-2-372x330.jpg\" width=\"\" height=\"\" alt=\"CELA\"><\/p>\n<div class=\"text flex-column justify-content-between\">\n<div>\n<h3>Valmira CELA<\/h3>\n<p>ASEM<\/p>\n<\/p><\/div>\n<\/p><\/div>\n<\/p><\/div>\n<\/li>\n<li class=\"slider-li\">\n<div class=\"card\">\n\t\t\t\t\t    \t\t<img decoding=\"async\" class=\"img-fluid\" src=\"https:\/\/efitirana.com\/wp-content\/uploads\/2024\/08\/IMG_8461-2-372x330.jpg\" width=\"\" height=\"\" alt=\"TARJA\"><\/p>\n<div class=\"text flex-column justify-content-between\">\n<div>\n<h3>Miranda  TARJA<\/h3>\n<p>Asistente kopshti (ASEM)<\/p>\n<\/p><\/div>\n<\/p><\/div>\n<\/p><\/div>\n<\/li>\n<li class=\"slider-li\">\n<div class=\"card\">\n\t\t\t\t\t    \t\t<img decoding=\"async\" class=\"img-fluid\" src=\"https:\/\/efitirana.com\/wp-content\/uploads\/2025\/10\/WhatsApp-Image-2025-10-02-at-2.49.24-PM-372x330.jpeg\" width=\"\" height=\"\" alt=\"BOJAN \"><\/p>\n<div class=\"text flex-column justify-content-between\">\n<div>\n<h3>Kateryna BOJAN <\/h3>\n<p>M\u00ebsuese e gjuh\u00ebs angleze<\/p>\n<\/p><\/div>\n<\/p><\/div>\n<\/p><\/div>\n<\/li>\n<li class=\"slider-li\">\n<div class=\"card\">\n\t\t\t\t\t    \t\t<img decoding=\"async\" class=\"img-fluid\" src=\"https:\/\/efitirana.com\/wp-content\/uploads\/2025\/10\/WhatsApp-Image-2025-10-02-at-11.39.54-AM-372x330.jpeg\" width=\"\" height=\"\" alt=\"CHAZELLE\"><\/p>\n<div class=\"text flex-column justify-content-between\">\n<div>\n<h3>Claire CHAZELLE<\/h3>\n<p>M\u00ebsuese e shkoll\u00ebs fillore (CP)<\/p>\n<\/p><\/div>\n<\/p><\/div>\n<\/p><\/div>\n<\/li>\n<li class=\"slider-li\">\n<div class=\"card\">\n\t\t\t\t\t    \t\t<img decoding=\"async\" class=\"img-fluid\" src=\"https:\/\/efitirana.com\/wp-content\/uploads\/2025\/10\/WhatsApp-Image-2025-10-02-at-2.14.15-PM-372x330.jpeg\" width=\"\" height=\"\" alt=\"DIZDAREVIC-PUSKA\"><\/p>\n<div class=\"text flex-column justify-content-between\">\n<div>\n<h3>Sandra DIZDAREVIC-PUSKA<\/h3>\n<p>M\u00ebsuese e klas\u00ebs s\u00eb dyt\u00eb (CE1)<\/p>\n<\/p><\/div>\n<\/p><\/div>\n<\/p><\/div>\n<\/li>\n<li class=\"slider-li\">\n<div class=\"card\">\n\t\t\t\t\t    \t\t<img decoding=\"async\" class=\"img-fluid\" src=\"https:\/\/efitirana.com\/wp-content\/uploads\/2025\/09\/WhatsApp-Image-2025-09-11-at-12.43.53-PM-2-372x330.jpeg\" width=\"\" height=\"\" alt=\"TABARY\"><\/p>\n<div class=\"text flex-column justify-content-between\">\n<div>\n<h3>C\u00e9cile TABARY<\/h3>\n<p>M\u00ebsuese e klas\u00ebs s\u00eb tret\u00eb (CE2)<\/p>\n<\/p><\/div>\n<\/p><\/div>\n<\/p><\/div>\n<\/li>\n<li class=\"slider-li\">\n<div class=\"card\">\n\t\t\t\t\t    \t\t<img decoding=\"async\" class=\"img-fluid\" src=\"https:\/\/efitirana.com\/wp-content\/uploads\/2025\/09\/WhatsApp-Image-2025-09-11-at-12.43.56-PM-372x330.jpeg\" width=\"\" height=\"\" alt=\"PERIGUORD\"><\/p>\n<div class=\"text flex-column justify-content-between\">\n<div>\n<h3>Damien PERIGUORD<\/h3>\n<p>M\u00ebsues i klas\u00ebs s\u00eb kat\u00ebrt (CM1)<\/p>\n<\/p><\/div>\n<\/p><\/div>\n<\/p><\/div>\n<\/li>\n<li class=\"slider-li\">\n<div class=\"card\">\n\t\t\t\t\t    \t\t<img decoding=\"async\" class=\"img-fluid\" src=\"https:\/\/efitirana.com\/wp-content\/uploads\/2025\/09\/WhatsApp-Image-2025-09-11-at-12.43.55-PM-1-scaled.jpeg\" width=\"\" height=\"\" alt=\"GEORGE  \"><\/p>\n<div class=\"text flex-column justify-content-between\">\n<div>\n<h3>St\u00e9phane  GEORGE  <\/h3>\n<p>M\u00ebsues i shkoll\u00ebs fillore (CM2)<\/p>\n<\/p><\/div>\n<\/p><\/div>\n<\/p><\/div>\n<\/li>\n<\/ul><\/div>\n<\/p><\/div>\n<\/p><\/div>\n<\/p><\/div>\n<\/div>\n<div class=\"carouselcards carouselcards--nocolor\" id=\"bloc_8_11\">\n<div class=\"container\">\n<div class=\"row carouselcards-row\">\n<div class=\"col-12 col-lg-5 col-xl-4 mb-2\">\n<h2><span>Ekipi pedagogjik 9-vje\u00e7are\/e mesme<\/span><\/h2>\n<p>\t\t\t\t<a href=\"https:\/\/efitirana.com\/sq\/typologie\/enseignants-anglophones-sq\/\">P\u00ebr t\u00eb ditur m\u00eb tep\u00ebr<\/a>\n\t\t\t<\/div>\n<div class=\"col-12 col-lg-7 col-xl-8\">\n<div id=\"carousel-bloc_8_11\" class=\"flexslider flexslider--carouselcards\">\n<ul class=\"slides list-unstyled\">\n<li class=\"slider-li\">\n<div class=\"card\">\n\t\t\t\t\t    \t\t<img decoding=\"async\" class=\"img-fluid\" src=\"https:\/\/efitirana.com\/wp-content\/uploads\/2024\/08\/IMG_8459-2-372x330.jpg\" width=\"\" height=\"\" alt=\"RUSTEMI\"><\/p>\n<div class=\"text flex-column justify-content-between\">\n<div>\n<h3>Elisabeta RUSTEMI<\/h3>\n<p>M\u00ebsuese e gjuh\u00ebs angleze<\/p>\n<\/p><\/div>\n<\/p><\/div>\n<\/p><\/div>\n<\/li>\n<li class=\"slider-li\">\n<div class=\"card\">\n\t\t\t\t\t    \t\t<img decoding=\"async\" class=\"img-fluid\" src=\"https:\/\/efitirana.com\/wp-content\/uploads\/2024\/08\/IMG_8456-2-372x330.jpg\" width=\"\" height=\"\" alt=\"Montagnon\"><\/p>\n<div class=\"text flex-column justify-content-between\">\n<div>\n<h3>Fanny Montagnon<\/h3>\n<p>M\u00ebsuese Fizik-Kimi<\/p>\n<\/p><\/div>\n<\/p><\/div>\n<\/p><\/div>\n<\/li>\n<li class=\"slider-li\">\n<div class=\"card\">\n\t\t\t\t\t    \t\t<img decoding=\"async\" class=\"img-fluid\" src=\"https:\/\/efitirana.com\/wp-content\/uploads\/2025\/09\/WhatsApp-Image-2025-09-11-at-12.43.53-PM-1-scaled.jpeg\" width=\"\" height=\"\" alt=\"BOUGHEZAL\"><\/p>\n<div class=\"text flex-column justify-content-between\">\n<div>\n<h3>Alba BOUGHEZAL<\/h3>\n<p>M\u00ebsuese e shqipes<\/p>\n<\/p><\/div>\n<\/p><\/div>\n<\/p><\/div>\n<\/li>\n<li class=\"slider-li\">\n<div class=\"card\">\n\t\t\t\t\t    \t\t<img decoding=\"async\" class=\"img-fluid\" src=\"https:\/\/efitirana.com\/wp-content\/uploads\/2025\/09\/WhatsApp-Image-2025-09-11-at-12.43.55-PM-372x330.jpeg\" width=\"\" height=\"\" alt=\"M\u00c9HEUST\"><\/p>\n<div class=\"text flex-column justify-content-between\">\n<div>\n<h3>Chlo\u00e9 M\u00c9HEUST<\/h3>\n<p>M\u00ebsuese e histori-gjeografis\u00eb<\/p>\n<\/p><\/div>\n<\/p><\/div>\n<\/p><\/div>\n<\/li>\n<li class=\"slider-li\">\n<div class=\"card\">\n\t\t\t\t\t    \t\t<img decoding=\"async\" class=\"img-fluid\" src=\"https:\/\/efitirana.com\/wp-content\/uploads\/2025\/09\/WhatsApp-Image-2025-09-11-at-12.43.54-PM-2-372x330.jpeg\" width=\"\" height=\"\" alt=\"FABREGUE\"><\/p>\n<div class=\"text flex-column justify-content-between\">\n<div>\n<h3>Camille FABREGUE<\/h3>\n<p>M\u00ebsuese e let\u00ebrsis\u00eb dhe filozofi<\/p>\n<\/p><\/div>\n<\/p><\/div>\n<\/p><\/div>\n<\/li>\n<li class=\"slider-li\">\n<div class=\"card\">\n\t\t\t\t\t    \t\t<img decoding=\"async\" class=\"img-fluid\" src=\"https:\/\/efitirana.com\/wp-content\/uploads\/2025\/09\/WhatsApp-Image-2025-09-11-at-12.43.54-PM-1-scaled.jpeg\" width=\"\" height=\"\" alt=\"CIRIANI\"><\/p>\n<div class=\"text flex-column justify-content-between\">\n<div>\n<h3>Paola CIRIANI<\/h3>\n<p>M\u00ebsuese e matematik\u00ebs<\/p>\n<\/p><\/div>\n<\/p><\/div>\n<\/p><\/div>\n<\/li>\n<li class=\"slider-li\">\n<div class=\"card\">\n\t\t\t\t\t    \t\t<img decoding=\"async\" class=\"img-fluid\" src=\"https:\/\/efitirana.com\/wp-content\/uploads\/2025\/09\/WhatsApp-Image-2025-09-11-at-12.43.55-PM-2-372x330.jpeg\" width=\"\" height=\"\" alt=\"BRET \"><\/p>\n<div class=\"text flex-column justify-content-between\">\n<div>\n<h3>Mathilde BRET <\/h3>\n<p>M\u00ebsuese i Edukimit Fizik dhe Sportiv dhe CPE<\/p>\n<\/p><\/div>\n<\/p><\/div>\n<\/p><\/div>\n<\/li>\n<li class=\"slider-li\">\n<div class=\"card\">\n\t\t\t\t\t    \t\t<img decoding=\"async\" class=\"img-fluid\" src=\"https:\/\/efitirana.com\/wp-content\/uploads\/2025\/09\/WhatsApp-Image-2025-09-11-at-12.43.51-PM-scaled.jpeg\" width=\"\" height=\"\" alt=\"ALIAJ \"><\/p>\n<div class=\"text flex-column justify-content-between\">\n<div>\n<h3>Klarita ALIAJ <\/h3>\n<p>M\u00ebsuese Muzike<\/p>\n<\/p><\/div>\n<\/p><\/div>\n<\/p><\/div>\n<\/li>\n<li class=\"slider-li\">\n<div class=\"card\">\n\t\t\t\t\t    \t\t<img decoding=\"async\" class=\"img-fluid\" src=\"https:\/\/efitirana.com\/wp-content\/uploads\/2025\/09\/WhatsApp-Image-2025-09-11-at-12.43.53-PM-372x330.jpeg\" width=\"\" height=\"\" alt=\"ARZU\"><\/p>\n<div class=\"text flex-column justify-content-between\">\n<div>\n<h3>Henry ARZU<\/h3>\n<p>Professeur d\u2019espagnol<\/p>\n<\/p><\/div>\n<\/p><\/div>\n<\/p><\/div>\n<\/li>\n<li class=\"slider-li\">\n<div class=\"card\">\n\t\t\t\t\t    \t\t<img decoding=\"async\" class=\"img-fluid\" src=\"https:\/\/efitirana.com\/wp-content\/uploads\/2025\/09\/WhatsApp-Image-2025-09-11-at-12.43.55-PM-4-372x330.jpeg\" width=\"\" height=\"\" alt=\"LANNEGRAND\"><\/p>\n<div class=\"text flex-column justify-content-between\">\n<div>\n<h3>Anne-Marie LANNEGRAND<\/h3>\n<p>M\u00ebsuese e frengjishtes dhe histori gjeografis\u00eb<\/p>\n<\/p><\/div>\n<\/p><\/div>\n<\/p><\/div>\n<\/li>\n<li class=\"slider-li\">\n<div class=\"card\">\n\t\t\t\t\t    \t\t<img decoding=\"async\" class=\"img-fluid\" src=\"https:\/\/efitirana.com\/wp-content\/uploads\/2024\/08\/IMG_8453-2-372x330.jpg\" width=\"\" height=\"\" alt=\"YZO\"><\/p>\n<div class=\"text flex-column justify-content-between\">\n<div>\n<h3>Albi YZO<\/h3>\n<p>M\u00ebsues i arteve pamore<\/p>\n<\/p><\/div>\n<\/p><\/div>\n<\/p><\/div>\n<\/li>\n<\/ul><\/div>\n<\/p><\/div>\n<\/p><\/div>\n<\/p><\/div>\n<\/div>\n<div class=\"carouselcards carouselcards--color4\" id=\"bloc_8_12\">\n<div class=\"container\">\n<div class=\"row carouselcards-row\">\n<div class=\"col-12 col-lg-5 col-xl-4 mb-2\">\n<h2><span>Ekipi i FLE \/ TEFL<\/span><\/h2>\n<p>\t\t\t\t<a href=\"https:\/\/efitirana.com\/sq\/typologie\/equipe-fle-eal-sq\/\">P\u00ebr t\u00eb ditur m\u00eb tep\u00ebr<\/a>\n\t\t\t<\/div>\n<div class=\"col-12 col-lg-7 col-xl-8\">\n<div id=\"carousel-bloc_8_12\" class=\"flexslider flexslider--carouselcards\">\n<ul class=\"slides list-unstyled\">\n<li class=\"slider-li\">\n<div class=\"card\">\n\t\t\t\t\t    \t\t<img decoding=\"async\" class=\"img-fluid\" src=\"https:\/\/efitirana.com\/wp-content\/uploads\/2025\/10\/WhatsApp-Image-2025-10-02-at-2.52.11-PM-372x330.jpeg\" width=\"\" height=\"\" alt=\"HANI\"><\/p>\n<div class=\"text flex-column justify-content-between\">\n<div>\n<h3>Elsuida HANI<\/h3>\n<p>M\u00ebsuese e anglishtes \/ EMILE<\/p>\n<\/p><\/div>\n<\/p><\/div>\n<\/p><\/div>\n<\/li>\n<li class=\"slider-li\">\n<div class=\"card\">\n\t\t\t\t\t    \t\t<img decoding=\"async\" class=\"img-fluid\" src=\"https:\/\/efitirana.com\/wp-content\/uploads\/2025\/10\/WhatsApp-Image-2025-10-02-at-2.01.54-PM-372x330.jpeg\" width=\"\" height=\"\" alt=\"BEGOLLI \"><\/p>\n<div class=\"text flex-column justify-content-between\">\n<div>\n<h3>Arjana  BEGOLLI <\/h3>\n<p>M\u00ebsuese e gjuh\u00ebs shqipe \/ FLE<\/p>\n<\/p><\/div>\n<\/p><\/div>\n<\/p><\/div>\n<\/li>\n<li class=\"slider-li\">\n<div class=\"card\">\n\t\t\t\t\t    \t\t<img decoding=\"async\" class=\"img-fluid\" src=\"https:\/\/efitirana.com\/wp-content\/uploads\/2024\/08\/IMG_8465-2-372x330.jpg\" width=\"\" height=\"\" alt=\"ZALLI\"><\/p>\n<div class=\"text flex-column justify-content-between\">\n<div>\n<h3>Valbona  ZALLI<\/h3>\n<p>M\u00ebsuese e fr\u00ebngjishtes si gjuh\u00eb e huaj (FLE)<\/p>\n<\/p><\/div>\n<\/p><\/div>\n<\/p><\/div>\n<\/li>\n<\/ul><\/div>\n<\/p><\/div>\n<\/p><\/div>\n<\/p><\/div>\n<\/div>\n<div class=\"carouselcards carouselcards--nocolor\" id=\"bloc_8_13\">\n<div class=\"container\">\n<div class=\"row carouselcards-row\">\n<div class=\"col-12 col-lg-5 col-xl-4 mb-2\">\n<h2><span>Personeli mir\u00ebmbajt\u00ebs<\/span><\/h2>\n<p>\t\t\t\t<a href=\"https:\/\/efitirana.com\/sq\/typologie\/enseignants-francophones-sq\/\">P\u00ebr t\u00eb ditur m\u00eb tep\u00ebr<\/a>\n\t\t\t<\/div>\n<div class=\"col-12 col-lg-7 col-xl-8\">\n<div id=\"carousel-bloc_8_13\" class=\"flexslider flexslider--carouselcards\">\n<ul class=\"slides list-unstyled\">\n<li class=\"slider-li\">\n<div class=\"card\">\n\t\t\t\t\t    \t\t<img decoding=\"async\" class=\"img-fluid\" src=\"https:\/\/efitirana.com\/wp-content\/uploads\/2023\/02\/WhatsApp-Image-2025-10-07-at-9.52.12-AM-372x330.jpeg\" width=\"\" height=\"\" alt=\"\"><\/p>\n<div class=\"text flex-column justify-content-between\">\n<div>\n<h3>Luljeta, Lijana, Mimoza, Anila <\/h3>\n<\/p><\/div>\n<\/p><\/div>\n<\/p><\/div>\n<\/li>\n<\/ul><\/div>\n<\/p><\/div>\n<\/p><\/div>\n<\/p><\/div>\n<\/div>\n<div class=\"blocinfo blocinfo--color4\" id=\"bloc_10_14\">\n<div class=\"container\">\n<div class=\"row\">\n<div class=\"col-12 col-md-6\">\n<h2><span>Oferta pune<\/span><\/h2>\n<p>Bashkojuni ekipit t\u00eb Shkoll\u00ebs Franceze Nd\u00ebrkomb\u00ebtare t\u00eb Tiran\u00ebs! Nj\u00eb ekip i p\u00ebrb\u00ebr\u00eb nga m\u00ebsimdh\u00ebn\u00ebs, kujdestar\u00eb dhe personel administrativ t\u00eb pasionuar dhe t\u00eb frym\u00ebzuar nga e nj\u00ebjta d\u00ebshir\u00eb p\u00ebr t\u2019i b\u00ebr\u00eb nx\u00ebn\u00ebsit t\u2019ia dalin me sukses.<\/p>\n<p>\t\t\t\t<!-- Changer la classe de couleur du bouton en fonction de la couleur g\u00e9n\u00e9rale du bloc --><\/p>\n<div class=\"bloc_cta\" >\n\t<a href=\"https:\/\/odyssey.education\/carrieres\/annuaire-de-nos-etablissements\/\" title=\"Konsultoni ofertat tona n\u00eb rrjetin Odyssey\" target=\"_blank\" class=\"mr-3 btn btn--color4\">Konsultoni ofertat tona n\u00eb rrjetin Odyssey<\/a> \t<a href=\"https:\/\/efitirana.com\/sq\/na-kontaktoni\/\" title=\"Depozitoni kandidatur\u00ebn tuaj spontane\" target=\"\" class=\"mr-3 btn btn--color4\">Depozitoni kandidatur\u00ebn tuaj spontane<\/a> \t\t\t\t<\/div>\n<\/p><\/div>\n<\/p><\/div>\n<\/p><\/div>\n<\/div>\n","protected":false},"excerpt":{"rendered":"<p>Ekipi administrativ &#038; pedagogjik Ekipi administrativ P\u00ebr t\u00eb ditur m\u00eb tep\u00ebr Fabien LACROIX Drejtori i institucionit Marsida Sula Drejtoresh\u00eb ekzekutive [&hellip;]<\/p>\n","protected":false},"author":4,"featured_media":0,"parent":9144,"menu_order":50,"comment_status":"closed","ping_status":"closed","template":"","meta":{"_acf_changed":false,"kdcopypost-origin-url":"","kdcopypost-origin-id":"","footnotes":""},"class_list":["post-9224","page","type-page","status-publish","hentry"],"acf":[],"yoast_head":"<!-- This site is optimized with the Yoast SEO plugin v26.6 - https:\/\/yoast.com\/wordpress\/plugins\/seo\/ -->\n<title>Ekipi administrativ &amp; pedagogjik - EFI Tirana<\/title>\n<meta name=\"robots\" content=\"index, follow, max-snippet:-1, max-image-preview:large, max-video-preview:-1\" \/>\n<link rel=\"canonical\" href=\"https:\/\/efitirana.com\/sq\/rreth-nesh\/ekipi-administrativ-pedagogjik\/\" \/>\n<meta property=\"og:locale\" content=\"sq_AL\" \/>\n<meta property=\"og:type\" content=\"article\" \/>\n<meta property=\"og:title\" content=\"Ekipi administrativ &amp; pedagogjik - EFI Tirana\" \/>\n<meta property=\"og:description\" content=\"Ekipi administrativ &#038; pedagogjik Ekipi administrativ P\u00ebr t\u00eb ditur m\u00eb tep\u00ebr Fabien LACROIX Drejtori i institucionit Marsida Sula Drejtoresh\u00eb ekzekutive [&hellip;]\" \/>\n<meta property=\"og:url\" content=\"https:\/\/efitirana.com\/sq\/rreth-nesh\/ekipi-administrativ-pedagogjik\/\" \/>\n<meta property=\"og:site_name\" content=\"EFI Tirana\" \/>\n<meta property=\"article:modified_time\" content=\"2026-01-08T12:27:59+00:00\" \/>\n<meta property=\"og:image\" content=\"https:\/\/efitirana.com\/wp-content\/uploads\/2024\/08\/207-HteDef-5-scaled-e1724443822965-372x330.jpg\" \/>\n<meta name=\"twitter:card\" content=\"summary_large_image\" \/>\n<meta name=\"twitter:label1\" content=\"Est. reading time\" \/>\n\t<meta name=\"twitter:data1\" content=\"8 minutes\" \/>\n<script type=\"application\/ld+json\" class=\"yoast-schema-graph\">{\"@context\":\"https:\/\/schema.org\",\"@graph\":[{\"@type\":\"WebPage\",\"@id\":\"https:\/\/efitirana.com\/sq\/rreth-nesh\/ekipi-administrativ-pedagogjik\/\",\"url\":\"https:\/\/efitirana.com\/sq\/rreth-nesh\/ekipi-administrativ-pedagogjik\/\",\"name\":\"Ekipi administrativ & pedagogjik - EFI Tirana\",\"isPartOf\":{\"@id\":\"https:\/\/efitirana.com\/sq\/#website\"},\"primaryImageOfPage\":{\"@id\":\"https:\/\/efitirana.com\/sq\/rreth-nesh\/ekipi-administrativ-pedagogjik\/#primaryimage\"},\"image\":{\"@id\":\"https:\/\/efitirana.com\/sq\/rreth-nesh\/ekipi-administrativ-pedagogjik\/#primaryimage\"},\"thumbnailUrl\":\"https:\/\/efitirana.com\/wp-content\/uploads\/2024\/08\/207-HteDef-5-scaled-e1724443822965-372x330.jpg\",\"datePublished\":\"2022-06-27T07:35:53+00:00\",\"dateModified\":\"2026-01-08T12:27:59+00:00\",\"breadcrumb\":{\"@id\":\"https:\/\/efitirana.com\/sq\/rreth-nesh\/ekipi-administrativ-pedagogjik\/#breadcrumb\"},\"inLanguage\":\"sq-AL\",\"potentialAction\":[{\"@type\":\"ReadAction\",\"target\":[\"https:\/\/efitirana.com\/sq\/rreth-nesh\/ekipi-administrativ-pedagogjik\/\"]}]},{\"@type\":\"ImageObject\",\"inLanguage\":\"sq-AL\",\"@id\":\"https:\/\/efitirana.com\/sq\/rreth-nesh\/ekipi-administrativ-pedagogjik\/#primaryimage\",\"url\":\"https:\/\/efitirana.com\/wp-content\/uploads\/2024\/08\/207-HteDef-5-scaled-e1724443822965-372x330.jpg\",\"contentUrl\":\"https:\/\/efitirana.com\/wp-content\/uploads\/2024\/08\/207-HteDef-5-scaled-e1724443822965-372x330.jpg\"},{\"@type\":\"BreadcrumbList\",\"@id\":\"https:\/\/efitirana.com\/sq\/rreth-nesh\/ekipi-administrativ-pedagogjik\/#breadcrumb\",\"itemListElement\":[{\"@type\":\"ListItem\",\"position\":1,\"name\":\"Accueil\",\"item\":\"https:\/\/efitirana.com\/sq\/\"},{\"@type\":\"ListItem\",\"position\":2,\"name\":\"Rreth nesh\",\"item\":\"https:\/\/efitirana.com\/sq\/rreth-nesh\/\"},{\"@type\":\"ListItem\",\"position\":3,\"name\":\"Ekipi administrativ &#038; pedagogjik\"}]},{\"@type\":\"WebSite\",\"@id\":\"https:\/\/efitirana.com\/sq\/#website\",\"url\":\"https:\/\/efitirana.com\/sq\/\",\"name\":\"EFI Tirana\",\"description\":\"EFI Tirana\",\"potentialAction\":[{\"@type\":\"SearchAction\",\"target\":{\"@type\":\"EntryPoint\",\"urlTemplate\":\"https:\/\/efitirana.com\/sq\/?s={search_term_string}\"},\"query-input\":{\"@type\":\"PropertyValueSpecification\",\"valueRequired\":true,\"valueName\":\"search_term_string\"}}],\"inLanguage\":\"sq-AL\"}]}<\/script>\n<!-- \/ Yoast SEO plugin. -->","yoast_head_json":{"title":"Ekipi administrativ & pedagogjik - EFI Tirana","robots":{"index":"index","follow":"follow","max-snippet":"max-snippet:-1","max-image-preview":"max-image-preview:large","max-video-preview":"max-video-preview:-1"},"canonical":"https:\/\/efitirana.com\/sq\/rreth-nesh\/ekipi-administrativ-pedagogjik\/","og_locale":"sq_AL","og_type":"article","og_title":"Ekipi administrativ & pedagogjik - EFI Tirana","og_description":"Ekipi administrativ &#038; pedagogjik Ekipi administrativ P\u00ebr t\u00eb ditur m\u00eb tep\u00ebr Fabien LACROIX Drejtori i institucionit Marsida Sula Drejtoresh\u00eb ekzekutive [&hellip;]","og_url":"https:\/\/efitirana.com\/sq\/rreth-nesh\/ekipi-administrativ-pedagogjik\/","og_site_name":"EFI Tirana","article_modified_time":"2026-01-08T12:27:59+00:00","og_image":[{"url":"https:\/\/efitirana.com\/wp-content\/uploads\/2024\/08\/207-HteDef-5-scaled-e1724443822965-372x330.jpg","type":"","width":"","height":""}],"twitter_card":"summary_large_image","twitter_misc":{"Est. reading time":"8 minutes"},"schema":{"@context":"https:\/\/schema.org","@graph":[{"@type":"WebPage","@id":"https:\/\/efitirana.com\/sq\/rreth-nesh\/ekipi-administrativ-pedagogjik\/","url":"https:\/\/efitirana.com\/sq\/rreth-nesh\/ekipi-administrativ-pedagogjik\/","name":"Ekipi administrativ & pedagogjik - EFI Tirana","isPartOf":{"@id":"https:\/\/efitirana.com\/sq\/#website"},"primaryImageOfPage":{"@id":"https:\/\/efitirana.com\/sq\/rreth-nesh\/ekipi-administrativ-pedagogjik\/#primaryimage"},"image":{"@id":"https:\/\/efitirana.com\/sq\/rreth-nesh\/ekipi-administrativ-pedagogjik\/#primaryimage"},"thumbnailUrl":"https:\/\/efitirana.com\/wp-content\/uploads\/2024\/08\/207-HteDef-5-scaled-e1724443822965-372x330.jpg","datePublished":"2022-06-27T07:35:53+00:00","dateModified":"2026-01-08T12:27:59+00:00","breadcrumb":{"@id":"https:\/\/efitirana.com\/sq\/rreth-nesh\/ekipi-administrativ-pedagogjik\/#breadcrumb"},"inLanguage":"sq-AL","potentialAction":[{"@type":"ReadAction","target":["https:\/\/efitirana.com\/sq\/rreth-nesh\/ekipi-administrativ-pedagogjik\/"]}]},{"@type":"ImageObject","inLanguage":"sq-AL","@id":"https:\/\/efitirana.com\/sq\/rreth-nesh\/ekipi-administrativ-pedagogjik\/#primaryimage","url":"https:\/\/efitirana.com\/wp-content\/uploads\/2024\/08\/207-HteDef-5-scaled-e1724443822965-372x330.jpg","contentUrl":"https:\/\/efitirana.com\/wp-content\/uploads\/2024\/08\/207-HteDef-5-scaled-e1724443822965-372x330.jpg"},{"@type":"BreadcrumbList","@id":"https:\/\/efitirana.com\/sq\/rreth-nesh\/ekipi-administrativ-pedagogjik\/#breadcrumb","itemListElement":[{"@type":"ListItem","position":1,"name":"Accueil","item":"https:\/\/efitirana.com\/sq\/"},{"@type":"ListItem","position":2,"name":"Rreth nesh","item":"https:\/\/efitirana.com\/sq\/rreth-nesh\/"},{"@type":"ListItem","position":3,"name":"Ekipi administrativ &#038; pedagogjik"}]},{"@type":"WebSite","@id":"https:\/\/efitirana.com\/sq\/#website","url":"https:\/\/efitirana.com\/sq\/","name":"EFI Tirana","description":"EFI Tirana","potentialAction":[{"@type":"SearchAction","target":{"@type":"EntryPoint","urlTemplate":"https:\/\/efitirana.com\/sq\/?s={search_term_string}"},"query-input":{"@type":"PropertyValueSpecification","valueRequired":true,"valueName":"search_term_string"}}],"inLanguage":"sq-AL"}]}},"_links":{"self":[{"href":"https:\/\/efitirana.com\/sq\/wp-json\/wp\/v2\/pages\/9224","targetHints":{"allow":["GET"]}}],"collection":[{"href":"https:\/\/efitirana.com\/sq\/wp-json\/wp\/v2\/pages"}],"about":[{"href":"https:\/\/efitirana.com\/sq\/wp-json\/wp\/v2\/types\/page"}],"author":[{"embeddable":true,"href":"https:\/\/efitirana.com\/sq\/wp-json\/wp\/v2\/users\/4"}],"replies":[{"embeddable":true,"href":"https:\/\/efitirana.com\/sq\/wp-json\/wp\/v2\/comments?post=9224"}],"version-history":[{"count":10,"href":"https:\/\/efitirana.com\/sq\/wp-json\/wp\/v2\/pages\/9224\/revisions"}],"predecessor-version":[{"id":12400,"href":"https:\/\/efitirana.com\/sq\/wp-json\/wp\/v2\/pages\/9224\/revisions\/12400"}],"up":[{"embeddable":true,"href":"https:\/\/efitirana.com\/sq\/wp-json\/wp\/v2\/pages\/9144"}],"wp:attachment":[{"href":"https:\/\/efitirana.com\/sq\/wp-json\/wp\/v2\/media?parent=9224"}],"curies":[{"name":"wp","href":"https:\/\/api.w.org\/{rel}","templated":true}]}}