{"id":9228,"date":"2022-06-27T09:36:09","date_gmt":"2022-06-27T07:36:09","guid":{"rendered":"https:\/\/efitira.agencebisart.com\/a-propos\/reseau-scolaire-odyssey\/"},"modified":"2025-10-15T14:53:05","modified_gmt":"2025-10-15T12:53:05","slug":"groupi-odyssey-education","status":"publish","type":"page","link":"https:\/\/efitirana.com\/sq\/rreth-nesh\/groupi-odyssey-education\/","title":{"rendered":"Groupi Odyssey Education"},"content":{"rendered":"<p>\t\t\t\t<!-- avec ou sans CTA : m\u00eame code, \u00e7a centre verticalement le texte --><\/p>\n<div class=\"smallheader\" id=\"bloc_small_header_1\">\n<style type=\"text\/css\">\n\t\t\t\t\t\t\t#bloc_small_header_1 {background-image: url(https:\/\/efitirana.com\/wp-content\/uploads\/2025\/02\/Small-Header_Odyssey-ecoles-610x270.png);}\n\t\t\t\t\t\t\t@media (min-width: 480px) {\t#bloc_small_header_1 {background-image: url(https:\/\/efitirana.com\/wp-content\/uploads\/2025\/02\/Small-Header_Odyssey-ecoles-610x270.png);}}\n\t\t\t\t\t\t\t@media (min-width: 768px) {\t#bloc_small_header_1 {background-image: url(https:\/\/efitirana.com\/wp-content\/uploads\/2025\/02\/Small-Header_Odyssey-ecoles-1024x252.png);}}\n\t\t\t\t\t\t\t@media (min-width: 992px) { #bloc_small_header_1 {background-image: url(https:\/\/efitirana.com\/wp-content\/uploads\/2025\/02\/Small-Header_Odyssey-ecoles-1024x252.png);}}\n\t\t\t\t\t\t\t@media (min-width: 1200px) { #bloc_small_header_1 {background-image: url(https:\/\/efitirana.com\/wp-content\/uploads\/2025\/02\/Small-Header_Odyssey-ecoles-1536x378.png);}}\n\t\t\t\t\t\t<\/style>\n<div class=\"container d-flex flex-column justify-content-center align-items-start\">\n<h1><span>Groupi Odyssey Education<\/span><\/h1>\n<\/p><\/div>\n<\/p><\/div>\n<div class=\"blocmedia blocmedia--textright blocmedia--nocolor\" id=\"bloc_2_2\">\n<div class=\"container\">\n<div class=\"row\">\n<div class=\"col-12 col-md-6\">\n<div class=\"slider\">\n<div id=\"slider-bloc_2_2\" class=\"flexslider flexslider--blocmedia loading\">\n<ul class=\"slides list-unstyled\">\n<li class=\"slider-li\">\n\t\t\t\t\t\t\t\t\t\t     \t<a data-fancybox=\"rel-slider-bloc_2_2\" data-caption=\"\" href=\"https:\/\/efitirana.com\/wp-content\/uploads\/2025\/02\/EFI-Casablanca_Science-Fair-2-722x564.jpg\"><br \/>\n\t\t\t\t\t\t\t\t\t\t\t\t\t<img decoding=\"async\" class=\"img-fluid\" src=\"https:\/\/efitirana.com\/wp-content\/uploads\/2025\/02\/EFI-Casablanca_Science-Fair-2-722x564.jpg\" width=\"\" height=\"\" alt=\"\"><br \/>\n\t\t\t\t\t\t\t\t\t\t\t\t<\/a>\n\t\t\t\t\t\t\t\t\t\t     <\/li>\n<li class=\"slider-li\">\n\t\t\t\t\t\t\t\t\t\t     \t<a data-fancybox=\"rel-slider-bloc_2_2\" data-caption=\"\" href=\"https:\/\/efitirana.com\/wp-content\/uploads\/2025\/02\/LPE-Singapore_Mandarin_Langues-722x564.jpg\"><br \/>\n\t\t\t\t\t\t\t\t\t\t\t\t\t<img decoding=\"async\" class=\"img-fluid\" src=\"https:\/\/efitirana.com\/wp-content\/uploads\/2025\/02\/LPE-Singapore_Mandarin_Langues-722x564.jpg\" width=\"\" height=\"\" alt=\"\"><br \/>\n\t\t\t\t\t\t\t\t\t\t\t\t<\/a>\n\t\t\t\t\t\t\t\t\t\t     <\/li>\n<li class=\"slider-li\">\n\t\t\t\t\t\t\t\t\t\t     \t<a data-fancybox=\"rel-slider-bloc_2_2\" data-caption=\"\" href=\"https:\/\/efitirana.com\/wp-content\/uploads\/2025\/02\/EFI-Bucarest_art-722x564.jpg\"><br \/>\n\t\t\t\t\t\t\t\t\t\t\t\t\t<img decoding=\"async\" class=\"img-fluid\" src=\"https:\/\/efitirana.com\/wp-content\/uploads\/2025\/02\/EFI-Bucarest_art-722x564.jpg\" width=\"\" height=\"\" alt=\"\"><br \/>\n\t\t\t\t\t\t\t\t\t\t\t\t<\/a>\n\t\t\t\t\t\t\t\t\t\t     <\/li>\n<li class=\"slider-li\">\n\t\t\t\t\t\t\t\t\t\t     \t<a data-fancybox=\"rel-slider-bloc_2_2\" data-caption=\"\" href=\"https:\/\/efitirana.com\/wp-content\/uploads\/2025\/02\/ISD-Rome_College-722x564.jpg\"><br \/>\n\t\t\t\t\t\t\t\t\t\t\t\t\t<img decoding=\"async\" class=\"img-fluid\" src=\"https:\/\/efitirana.com\/wp-content\/uploads\/2025\/02\/ISD-Rome_College-722x564.jpg\" width=\"\" height=\"\" alt=\"\"><br \/>\n\t\t\t\t\t\t\t\t\t\t\t\t<\/a>\n\t\t\t\t\t\t\t\t\t\t     <\/li>\n<li class=\"slider-li\">\n\t\t\t\t\t\t\t\t\t\t     \t<a data-fancybox=\"rel-slider-bloc_2_2\" data-caption=\"\" href=\"https:\/\/efitirana.com\/wp-content\/uploads\/2025\/02\/ISD-Rome_Lycee-722x564.jpg\"><br \/>\n\t\t\t\t\t\t\t\t\t\t\t\t\t<img decoding=\"async\" class=\"img-fluid\" src=\"https:\/\/efitirana.com\/wp-content\/uploads\/2025\/02\/ISD-Rome_Lycee-722x564.jpg\" width=\"\" height=\"\" alt=\"\"><br \/>\n\t\t\t\t\t\t\t\t\t\t\t\t<\/a>\n\t\t\t\t\t\t\t\t\t\t     <\/li>\n<li class=\"slider-li\">\n\t\t\t\t\t\t\t\t\t\t     \t<a data-fancybox=\"rel-slider-bloc_2_2\" data-caption=\"\" href=\"https:\/\/efitirana.com\/wp-content\/uploads\/2025\/02\/LPE-Hanoi_DSC00196_CP_professeur-722x564.jpg\"><br \/>\n\t\t\t\t\t\t\t\t\t\t\t\t\t<img decoding=\"async\" class=\"img-fluid\" src=\"https:\/\/efitirana.com\/wp-content\/uploads\/2025\/02\/LPE-Hanoi_DSC00196_CP_professeur-722x564.jpg\" width=\"\" height=\"\" alt=\"\"><br \/>\n\t\t\t\t\t\t\t\t\t\t\t\t<\/a>\n\t\t\t\t\t\t\t\t\t\t     <\/li>\n<li class=\"slider-li\">\n\t\t\t\t\t\t\t\t\t\t     \t<a data-fancybox=\"rel-slider-bloc_2_2\" data-caption=\"\" href=\"https:\/\/efitirana.com\/wp-content\/uploads\/2025\/02\/LPE-Singapore_Science-week-2-722x564.png\"><br \/>\n\t\t\t\t\t\t\t\t\t\t\t\t\t<img decoding=\"async\" class=\"img-fluid\" src=\"https:\/\/efitirana.com\/wp-content\/uploads\/2025\/02\/LPE-Singapore_Science-week-2-722x564.png\" width=\"\" height=\"\" alt=\"\"><br \/>\n\t\t\t\t\t\t\t\t\t\t\t\t<\/a>\n\t\t\t\t\t\t\t\t\t\t     <\/li>\n<li class=\"slider-li\">\n\t\t\t\t\t\t\t\t\t\t     \t<a data-fancybox=\"rel-slider-bloc_2_2\" data-caption=\"\" href=\"https:\/\/efitirana.com\/wp-content\/uploads\/2025\/02\/2407_BICC_Graduation-1-722x564.jpg\"><br \/>\n\t\t\t\t\t\t\t\t\t\t\t\t\t<img decoding=\"async\" class=\"img-fluid\" src=\"https:\/\/efitirana.com\/wp-content\/uploads\/2025\/02\/2407_BICC_Graduation-1-722x564.jpg\" width=\"\" height=\"\" alt=\"\"><br \/>\n\t\t\t\t\t\t\t\t\t\t\t\t<\/a>\n\t\t\t\t\t\t\t\t\t\t     <\/li>\n<\/ul><\/div>\n<\/p><\/div>\n<\/p><\/div>\n<div class=\"col-12 col-md-5 d-flex flex-column justify-content-center align-items-start mb-2 mb-md-0\">\n<div class=\"text\">\n<h2><span>Odyssey Education<\/span><\/h2>\n<p>Odyssey Education \u00ebsht\u00eb nj\u00eb grup arsimor nd\u00ebrkomb\u00ebtar francez, institucionet e t\u00eb cilit n\u00eb mbar\u00eb bot\u00ebn ofrojn\u00eb, nga kopshti deri n\u00eb shkoll\u00ebn e mesme, nj\u00eb edukim ekselence duke kombinuar programet e shkollave franceze me metodat novatore t\u00eb m\u00ebsimdh\u00ebnies dhe hapjen nd\u00ebrkomb\u00ebtare. Si pjes\u00eb e programeve t\u00eb Arsimit Komb\u00ebtar Francez, institucionet e grupit zbatojn\u00eb m\u00ebsimdh\u00ebnie akademike n\u00eb fr\u00ebngjisht, anglisht dhe gjuh\u00ebn komb\u00ebtare t\u00eb vendit prit\u00ebs q\u00eb nga \u00e7erdhe e k\u00ebtej.<\/p>\n<p>\t\t\t\t\t\t<!-- Changer la classe de couleur du bouton en fonction de la couleur g\u00e9n\u00e9rale du bloc --><\/p>\n<div class=\"bloc_cta\" >\n<p><a class=\"btn btn--nocolor\" href=\"https:\/\/odyssey.education\/en\" target=\"_blank\">Shikoni faqen e internetit t\u00eb Odyssey Education<\/a>\t\t\t\t\t<\/div>\n<\/p><\/div>\n<\/p><\/div>\n<\/p><\/div>\n<\/p><\/div>\n<\/div>\n<div class=\"cardsnumbers cardscolors--nocolor\" id=\"bloc_1_3\">\n<div class=\"container\">\n<h2><span>Duke qen\u00eb pjes\u00eb e Odyssey Education&#8230;<\/span><\/h2>\n<div class=\"row justify-content-center\">\n<div class=\"col-12 col-sm-6 col-lg-3 mb-2\">\n<div class=\"cardnumber d-flex flex-column align-self-stretch\">\n<div class=\"text text_bis\" >\n\t\t\t\t\t\t\t\t<strong>01<\/strong><\/p>\n<p>Nj\u00eb arsim nd\u00ebrkomb\u00ebtar francez<\/p>\n<\/p><\/div>\n<div class=\"more_bis\" >\n<div class=\"more d-flex align-items-center justify-content-center\" >\n<div>\n<ul>\n<li>Shkolla franceze dhe nd\u00ebrkomb\u00ebtare q\u00eb ofrojn\u00eb arsim t\u00eb shk\u00eblqyer<\/li>\n<li>Edukimi shum\u00ebgjuh\u00ebsh q\u00eb hap student\u00ebt tan\u00eb drejt bot\u00ebs<\/li>\n<\/ul>\n<\/div><\/div>\n<\/p><\/div>\n<\/p><\/div>\n<\/p><\/div>\n<div class=\"col-12 col-sm-6 col-lg-3 mb-2\">\n<div class=\"cardnumber d-flex flex-column align-self-stretch\">\n<div class=\"text text_bis\" >\n\t\t\t\t\t\t\t\t<strong>02<\/strong><\/p>\n<p>Nj\u00eb mjedis i lul\u00ebzuar<\/p>\n<\/p><\/div>\n<div class=\"more_bis\" >\n<div class=\"more d-flex align-items-center justify-content-center\" >\n<div>\n<ul>\n<li>Nj\u00eb komunitet i bashkuar dhe i kujdessh\u00ebm<\/li>\n<li>Institucione t\u00eb privilegjuara q\u00eb ofrojn\u00eb sh\u00ebrbime t\u00eb nivelit t\u00eb lart\u00eb<\/li>\n<\/ul>\n<\/div><\/div>\n<\/p><\/div>\n<\/p><\/div>\n<\/p><\/div>\n<div class=\"col-12 col-sm-6 col-lg-3 mb-2\">\n<div class=\"cardnumber d-flex flex-column align-self-stretch\">\n<div class=\"text text_bis\" >\n\t\t\t\t\t\t\t\t<strong>03<\/strong><\/p>\n<p>P\u00ebrsosm\u00ebri akademike<\/p>\n<\/p><\/div>\n<div class=\"more_bis\" >\n<div class=\"more d-flex align-items-center justify-content-center\" >\n<div>\n<ul>\n<li>Njohuri baz\u00eb<\/li>\n<li>Shum\u00ebgjuh\u00ebsia<\/li>\n<li>Kultura e p\u00ebrgjithshme<\/li>\n<li>Shkenc\u00eb dhe dixhitale<\/li>\n<li>Sporti dhe vlerat njer\u00ebzore<\/li>\n<li>Metoda dhe arsyetimi<\/li>\n<\/ul>\n<\/div><\/div>\n<\/p><\/div>\n<\/p><\/div>\n<\/p><\/div>\n<div class=\"col-12 col-sm-6 col-lg-3 mb-2\">\n<div class=\"cardnumber d-flex flex-column align-self-stretch\">\n<div class=\"text text_bis\" >\n\t\t\t\t\t\t\t\t<strong>04<\/strong><\/p>\n<p>M\u00ebsimdh\u00ebnie e personalizuar dhe aktive<\/p>\n<\/p><\/div>\n<div class=\"more_bis\" >\n<div class=\"more d-flex align-items-center justify-content-center\" >\n<div>\n<ul>\n<li>Autonomia<\/li>\n<li>Diferencimi dhe vler\u00ebsimi<\/li>\n<li>M\u00ebsimi i bazuar n\u00eb projekte<\/li>\n<li>Mendje e hapur dhe vler\u00ebsim<\/li>\n<\/ul>\n<\/div><\/div>\n<\/p><\/div>\n<\/p><\/div>\n<\/p><\/div>\n<\/p><\/div>\n<\/p><\/div>\n<\/div>\n<div class=\"citation citation--color1\" id=\"bloc_12_4\">\n<div class=\"container\">\n<div class=\"row justify-content-center\">\n<div class=\"col-12 col-lg-10\">\n<blockquote><p>\u201cAngazhimi yn\u00eb \u00ebsht\u00eb p\u00ebr student\u00ebt, suksesi dhe mir\u00ebqenia e t\u00eb cil\u00ebve jan\u00eb prioriteti yn\u00eb, por edhe ndaj prind\u00ebrve q\u00eb jan\u00eb partner\u00ebt tan\u00eb t\u00eb p\u00ebrditsh\u00ebm: t&#8217;i ofrojm\u00eb secilit prej nx\u00ebn\u00ebsve tan\u00eb nj\u00eb edukim t\u00eb p\u00ebrsosm\u00ebris\u00eb duke i mir\u00ebpritur ata, me familjen e tyre, n\u00eb nj\u00eb komunitet arsimor t\u00eb kujdessh\u00ebm q\u00eb \u00ebsht\u00eb i hapur ndaj bot\u00ebs.<\/p><\/blockquote>\n<p>\t\t\t\t<cite class=\"author\"><br \/>\n\t\t\t\t\t<img decoding=\"async\" src=\"https:\/\/efitirana.com\/wp-content\/uploads\/2025\/02\/Luc-Chatel-2-Carre-284x284.jpg\" width=\"58\" height=\"58\" alt=\"\"><\/p>\n<div>\n\t\t\t\t\t\t<strong>Luc CHATEL<\/strong><br \/>\n\t\t\t\t\t\t<span>Chairman of the Odyssey Education Group &#038; Former French Minister<\/span>\n\t\t\t\t\t<\/div>\n<p>\t\t\t\t<\/cite>\n\t\t\t<\/div>\n<\/p><\/div>\n<\/p><\/div>\n<\/div>\n<div class=\"blocmedia blocmedia--textleft blocmedia--nocolor\" id=\"bloc_2_5\">\n<div class=\"container\">\n<div class=\"row\">\n<div class=\"col-12 col-md-6\">\n<div class=\"slider\">\n<div id=\"slider-bloc_2_5\" class=\"flexslider flexslider--blocmedia loading\">\n<ul class=\"slides list-unstyled\">\n<li class=\"slider-li\">\n\t\t\t\t\t\t\t\t\t\t     \t<a data-fancybox=\"rel-slider-bloc_2_5\" data-caption=\"\" href=\"https:\/\/efitirana.com\/wp-content\/uploads\/2025\/02\/Carte-Odyssey-Education-13-ecoles-fond-transparent-722x564.png\"><br \/>\n\t\t\t\t\t\t\t\t\t\t\t\t\t<img decoding=\"async\" class=\"img-fluid\" src=\"https:\/\/efitirana.com\/wp-content\/uploads\/2025\/02\/Carte-Odyssey-Education-13-ecoles-fond-transparent-722x564.png\" width=\"\" height=\"\" alt=\"\"><br \/>\n\t\t\t\t\t\t\t\t\t\t\t\t<\/a>\n\t\t\t\t\t\t\t\t\t\t     <\/li>\n<\/ul><\/div>\n<\/p><\/div>\n<\/p><\/div>\n<div class=\"col-12 col-md-5 d-flex flex-column justify-content-center align-items-start mb-2 mb-md-0\">\n<div class=\"text\">\n<h2><span>Shkollat \u200b\u200bn\u00eb mbar\u00eb bot\u00ebn<\/span><\/h2>\n<p>Odyssey Education bashkon 12 institucione ekselence t\u00eb shp\u00ebrndara n\u00eb 11 vende n\u00eb Evrop\u00eb, Afrik\u00eb dhe Azi. E njohur nga autoritetet franceze p\u00ebr cil\u00ebsin\u00eb e m\u00ebsimdh\u00ebnies, Odyssey ka n\u00ebnshkruar nj\u00eb marr\u00ebveshje kuad\u00ebr me Agjencin\u00eb p\u00ebr Arsimin Francez Jasht\u00eb vendit (AEFE), duke afirmuar k\u00ebshtu rolin e saj si nj\u00eb partner ky\u00e7 brenda rrjetit arsimor francez jasht\u00eb vendit.<\/p>\n<p>\t\t\t\t\t\t<!-- Changer la classe de couleur du bouton en fonction de la couleur g\u00e9n\u00e9rale du bloc --><\/p>\n<div class=\"bloc_cta\" >\n<p><a class=\"btn btn--nocolor\" href=\"https:\/\/odyssey.education\/en\/our-schools\/\" target=\"_blank\">Shihni themelimet e grupit Odyssey Education<\/a>\t\t\t\t\t<\/div>\n<\/p><\/div>\n<\/p><\/div>\n<\/p><\/div>\n<\/p><\/div>\n<\/div>\n<div class=\"blocinfo blocinfo--color4\" id=\"bloc_10_6\">\n<div class=\"container\">\n<div class=\"row\">\n<div class=\"col-12 col-md-6\">\n<h2><span>Keni nevoj\u00eb p\u00ebr m\u00eb shum\u00eb informacion?<\/span><\/h2>\n<p>Ekipi i zyr\u00ebs s\u00eb regjistrimeve \u00ebsht\u00eb n\u00eb dispozicionin tuaj p\u00ebr t\u2019iu p\u00ebrgjigjur t\u00eb gjitha pyetjeve tuaja.<\/p>\n<p>\t\t\t\t<!-- Changer la classe de couleur du bouton en fonction de la couleur g\u00e9n\u00e9rale du bloc --><\/p>\n<div class=\"bloc_cta\" >\n\t<a href=\"https:\/\/efitirana.com\/sq\/na-kontaktoni\/\" title=\"Na kontaktoni\" target=\"\" class=\"mr-3 btn btn--color4\">Na kontaktoni<\/a> \t\t\t\t<\/div>\n<\/p><\/div>\n<\/p><\/div>\n<\/p><\/div>\n<\/div>\n","protected":false},"excerpt":{"rendered":"<p>Groupi Odyssey Education Odyssey Education Odyssey Education \u00ebsht\u00eb nj\u00eb grup arsimor nd\u00ebrkomb\u00ebtar francez, institucionet e t\u00eb cilit n\u00eb mbar\u00eb bot\u00ebn [&hellip;]<\/p>\n","protected":false},"author":4,"featured_media":11728,"parent":9144,"menu_order":60,"comment_status":"closed","ping_status":"closed","template":"","meta":{"_acf_changed":false,"kdcopypost-origin-url":"","kdcopypost-origin-id":"","footnotes":""},"class_list":["post-9228","page","type-page","status-publish","has-post-thumbnail","hentry"],"acf":[],"yoast_head":"<!-- This site is optimized with the Yoast SEO plugin v26.6 - https:\/\/yoast.com\/wordpress\/plugins\/seo\/ -->\n<title>Groupi Odyssey Education - EFI Tirana<\/title>\n<meta name=\"robots\" content=\"index, follow, max-snippet:-1, max-image-preview:large, max-video-preview:-1\" \/>\n<link rel=\"canonical\" href=\"https:\/\/efitirana.com\/sq\/rreth-nesh\/groupi-odyssey-education\/\" \/>\n<meta property=\"og:locale\" content=\"sq_AL\" \/>\n<meta property=\"og:type\" content=\"article\" \/>\n<meta property=\"og:title\" content=\"Groupi Odyssey Education - EFI Tirana\" \/>\n<meta property=\"og:description\" content=\"Groupi Odyssey Education Odyssey Education Odyssey Education \u00ebsht\u00eb nj\u00eb grup arsimor nd\u00ebrkomb\u00ebtar francez, institucionet e t\u00eb cilit n\u00eb mbar\u00eb bot\u00ebn [&hellip;]\" \/>\n<meta property=\"og:url\" content=\"https:\/\/efitirana.com\/sq\/rreth-nesh\/groupi-odyssey-education\/\" \/>\n<meta property=\"og:site_name\" content=\"EFI Tirana\" \/>\n<meta property=\"article:modified_time\" content=\"2025-10-15T12:53:05+00:00\" \/>\n<meta property=\"og:image\" content=\"https:\/\/efitirana.com\/wp-content\/uploads\/2025\/02\/VF_LOGO_ODYSSEY_EDUCATION_SANS_BASELINE_COULEURS_SQUARE.png\" \/>\n\t<meta property=\"og:image:width\" content=\"2019\" \/>\n\t<meta property=\"og:image:height\" content=\"2020\" \/>\n\t<meta property=\"og:image:type\" content=\"image\/png\" \/>\n<meta name=\"twitter:card\" content=\"summary_large_image\" \/>\n<meta name=\"twitter:label1\" content=\"Est. reading time\" \/>\n\t<meta name=\"twitter:data1\" content=\"8 minutes\" \/>\n<script type=\"application\/ld+json\" class=\"yoast-schema-graph\">{\"@context\":\"https:\/\/schema.org\",\"@graph\":[{\"@type\":\"WebPage\",\"@id\":\"https:\/\/efitirana.com\/sq\/rreth-nesh\/groupi-odyssey-education\/\",\"url\":\"https:\/\/efitirana.com\/sq\/rreth-nesh\/groupi-odyssey-education\/\",\"name\":\"Groupi Odyssey Education - EFI Tirana\",\"isPartOf\":{\"@id\":\"https:\/\/efitirana.com\/sq\/#website\"},\"primaryImageOfPage\":{\"@id\":\"https:\/\/efitirana.com\/sq\/rreth-nesh\/groupi-odyssey-education\/#primaryimage\"},\"image\":{\"@id\":\"https:\/\/efitirana.com\/sq\/rreth-nesh\/groupi-odyssey-education\/#primaryimage\"},\"thumbnailUrl\":\"https:\/\/efitirana.com\/wp-content\/uploads\/2025\/02\/VF_LOGO_ODYSSEY_EDUCATION_SANS_BASELINE_COULEURS_SQUARE.png\",\"datePublished\":\"2022-06-27T07:36:09+00:00\",\"dateModified\":\"2025-10-15T12:53:05+00:00\",\"breadcrumb\":{\"@id\":\"https:\/\/efitirana.com\/sq\/rreth-nesh\/groupi-odyssey-education\/#breadcrumb\"},\"inLanguage\":\"sq-AL\",\"potentialAction\":[{\"@type\":\"ReadAction\",\"target\":[\"https:\/\/efitirana.com\/sq\/rreth-nesh\/groupi-odyssey-education\/\"]}]},{\"@type\":\"ImageObject\",\"inLanguage\":\"sq-AL\",\"@id\":\"https:\/\/efitirana.com\/sq\/rreth-nesh\/groupi-odyssey-education\/#primaryimage\",\"url\":\"https:\/\/efitirana.com\/wp-content\/uploads\/2025\/02\/VF_LOGO_ODYSSEY_EDUCATION_SANS_BASELINE_COULEURS_SQUARE.png\",\"contentUrl\":\"https:\/\/efitirana.com\/wp-content\/uploads\/2025\/02\/VF_LOGO_ODYSSEY_EDUCATION_SANS_BASELINE_COULEURS_SQUARE.png\",\"width\":2019,\"height\":2020},{\"@type\":\"BreadcrumbList\",\"@id\":\"https:\/\/efitirana.com\/sq\/rreth-nesh\/groupi-odyssey-education\/#breadcrumb\",\"itemListElement\":[{\"@type\":\"ListItem\",\"position\":1,\"name\":\"Accueil\",\"item\":\"https:\/\/efitirana.com\/sq\/\"},{\"@type\":\"ListItem\",\"position\":2,\"name\":\"Rreth nesh\",\"item\":\"https:\/\/efitirana.com\/sq\/rreth-nesh\/\"},{\"@type\":\"ListItem\",\"position\":3,\"name\":\"Groupi Odyssey Education\"}]},{\"@type\":\"WebSite\",\"@id\":\"https:\/\/efitirana.com\/sq\/#website\",\"url\":\"https:\/\/efitirana.com\/sq\/\",\"name\":\"EFI Tirana\",\"description\":\"EFI Tirana\",\"potentialAction\":[{\"@type\":\"SearchAction\",\"target\":{\"@type\":\"EntryPoint\",\"urlTemplate\":\"https:\/\/efitirana.com\/sq\/?s={search_term_string}\"},\"query-input\":{\"@type\":\"PropertyValueSpecification\",\"valueRequired\":true,\"valueName\":\"search_term_string\"}}],\"inLanguage\":\"sq-AL\"}]}<\/script>\n<!-- \/ Yoast SEO plugin. -->","yoast_head_json":{"title":"Groupi Odyssey Education - EFI Tirana","robots":{"index":"index","follow":"follow","max-snippet":"max-snippet:-1","max-image-preview":"max-image-preview:large","max-video-preview":"max-video-preview:-1"},"canonical":"https:\/\/efitirana.com\/sq\/rreth-nesh\/groupi-odyssey-education\/","og_locale":"sq_AL","og_type":"article","og_title":"Groupi Odyssey Education - EFI Tirana","og_description":"Groupi Odyssey Education Odyssey Education Odyssey Education \u00ebsht\u00eb nj\u00eb grup arsimor nd\u00ebrkomb\u00ebtar francez, institucionet e t\u00eb cilit n\u00eb mbar\u00eb bot\u00ebn [&hellip;]","og_url":"https:\/\/efitirana.com\/sq\/rreth-nesh\/groupi-odyssey-education\/","og_site_name":"EFI Tirana","article_modified_time":"2025-10-15T12:53:05+00:00","og_image":[{"width":2019,"height":2020,"url":"https:\/\/efitirana.com\/wp-content\/uploads\/2025\/02\/VF_LOGO_ODYSSEY_EDUCATION_SANS_BASELINE_COULEURS_SQUARE.png","type":"image\/png"}],"twitter_card":"summary_large_image","twitter_misc":{"Est. reading time":"8 minutes"},"schema":{"@context":"https:\/\/schema.org","@graph":[{"@type":"WebPage","@id":"https:\/\/efitirana.com\/sq\/rreth-nesh\/groupi-odyssey-education\/","url":"https:\/\/efitirana.com\/sq\/rreth-nesh\/groupi-odyssey-education\/","name":"Groupi Odyssey Education - EFI Tirana","isPartOf":{"@id":"https:\/\/efitirana.com\/sq\/#website"},"primaryImageOfPage":{"@id":"https:\/\/efitirana.com\/sq\/rreth-nesh\/groupi-odyssey-education\/#primaryimage"},"image":{"@id":"https:\/\/efitirana.com\/sq\/rreth-nesh\/groupi-odyssey-education\/#primaryimage"},"thumbnailUrl":"https:\/\/efitirana.com\/wp-content\/uploads\/2025\/02\/VF_LOGO_ODYSSEY_EDUCATION_SANS_BASELINE_COULEURS_SQUARE.png","datePublished":"2022-06-27T07:36:09+00:00","dateModified":"2025-10-15T12:53:05+00:00","breadcrumb":{"@id":"https:\/\/efitirana.com\/sq\/rreth-nesh\/groupi-odyssey-education\/#breadcrumb"},"inLanguage":"sq-AL","potentialAction":[{"@type":"ReadAction","target":["https:\/\/efitirana.com\/sq\/rreth-nesh\/groupi-odyssey-education\/"]}]},{"@type":"ImageObject","inLanguage":"sq-AL","@id":"https:\/\/efitirana.com\/sq\/rreth-nesh\/groupi-odyssey-education\/#primaryimage","url":"https:\/\/efitirana.com\/wp-content\/uploads\/2025\/02\/VF_LOGO_ODYSSEY_EDUCATION_SANS_BASELINE_COULEURS_SQUARE.png","contentUrl":"https:\/\/efitirana.com\/wp-content\/uploads\/2025\/02\/VF_LOGO_ODYSSEY_EDUCATION_SANS_BASELINE_COULEURS_SQUARE.png","width":2019,"height":2020},{"@type":"BreadcrumbList","@id":"https:\/\/efitirana.com\/sq\/rreth-nesh\/groupi-odyssey-education\/#breadcrumb","itemListElement":[{"@type":"ListItem","position":1,"name":"Accueil","item":"https:\/\/efitirana.com\/sq\/"},{"@type":"ListItem","position":2,"name":"Rreth nesh","item":"https:\/\/efitirana.com\/sq\/rreth-nesh\/"},{"@type":"ListItem","position":3,"name":"Groupi Odyssey Education"}]},{"@type":"WebSite","@id":"https:\/\/efitirana.com\/sq\/#website","url":"https:\/\/efitirana.com\/sq\/","name":"EFI Tirana","description":"EFI Tirana","potentialAction":[{"@type":"SearchAction","target":{"@type":"EntryPoint","urlTemplate":"https:\/\/efitirana.com\/sq\/?s={search_term_string}"},"query-input":{"@type":"PropertyValueSpecification","valueRequired":true,"valueName":"search_term_string"}}],"inLanguage":"sq-AL"}]}},"_links":{"self":[{"href":"https:\/\/efitirana.com\/sq\/wp-json\/wp\/v2\/pages\/9228","targetHints":{"allow":["GET"]}}],"collection":[{"href":"https:\/\/efitirana.com\/sq\/wp-json\/wp\/v2\/pages"}],"about":[{"href":"https:\/\/efitirana.com\/sq\/wp-json\/wp\/v2\/types\/page"}],"author":[{"embeddable":true,"href":"https:\/\/efitirana.com\/sq\/wp-json\/wp\/v2\/users\/4"}],"replies":[{"embeddable":true,"href":"https:\/\/efitirana.com\/sq\/wp-json\/wp\/v2\/comments?post=9228"}],"version-history":[{"count":14,"href":"https:\/\/efitirana.com\/sq\/wp-json\/wp\/v2\/pages\/9228\/revisions"}],"predecessor-version":[{"id":12244,"href":"https:\/\/efitirana.com\/sq\/wp-json\/wp\/v2\/pages\/9228\/revisions\/12244"}],"up":[{"embeddable":true,"href":"https:\/\/efitirana.com\/sq\/wp-json\/wp\/v2\/pages\/9144"}],"wp:featuredmedia":[{"embeddable":true,"href":"https:\/\/efitirana.com\/sq\/wp-json\/wp\/v2\/media\/11728"}],"wp:attachment":[{"href":"https:\/\/efitirana.com\/sq\/wp-json\/wp\/v2\/media?parent=9228"}],"curies":[{"name":"wp","href":"https:\/\/api.w.org\/{rel}","templated":true}]}}