{"id":9362,"date":"2022-06-27T09:40:03","date_gmt":"2022-06-27T07:40:03","guid":{"rendered":"https:\/\/efitira.agencebisart.com\/cursus-scolaire\/elementaire\/"},"modified":"2024-08-23T22:21:09","modified_gmt":"2024-08-23T20:21:09","slug":"fillorja","status":"publish","type":"page","link":"https:\/\/efitirana.com\/sq\/kurrikula-shkollore\/fillorja\/","title":{"rendered":"Fillorja"},"content":{"rendered":"<p>\t\t\t\t<!-- avec ou sans CTA : m\u00eame code, \u00e7a centre verticalement le texte --><\/p>\n<div class=\"smallheader\" id=\"bloc_small_header_6\">\n<style type=\"text\/css\">\n\t\t\t\t\t\t\t#bloc_small_header_6 {background-image: url(https:\/\/efitirana.com\/wp-content\/uploads\/2022\/05\/HEADER_2-610x268.jpg);}\n\t\t\t\t\t\t\t@media (min-width: 480px) {\t#bloc_small_header_6 {background-image: url(https:\/\/efitirana.com\/wp-content\/uploads\/2022\/05\/HEADER_2-610x268.jpg);}}\n\t\t\t\t\t\t\t@media (min-width: 768px) {\t#bloc_small_header_6 {background-image: url(https:\/\/efitirana.com\/wp-content\/uploads\/2022\/05\/HEADER_2-1024x214.jpg);}}\n\t\t\t\t\t\t\t@media (min-width: 992px) { #bloc_small_header_6 {background-image: url(https:\/\/efitirana.com\/wp-content\/uploads\/2022\/05\/HEADER_2-1024x214.jpg);}}\n\t\t\t\t\t\t\t@media (min-width: 1200px) { #bloc_small_header_6 {background-image: url(https:\/\/efitirana.com\/wp-content\/uploads\/2022\/05\/HEADER_2.jpg);}}\n\t\t\t\t\t\t<\/style>\n<div class=\"container d-flex flex-column justify-content-center align-items-start\">\n<h1><span>Fillorja<\/span><\/h1>\n<\/p><\/div>\n<\/p><\/div>\n<div class=\"bloctext bloctext--nocolor bloctext--haspattern\" id=\"bloc_6_7\">\n<div class=\"container\">\n<div class=\"row\">\n<div class=\"col-12 col-lg-4 col-xl-3 mb-1\">\n<h2><span>SHKOLLA FILLORE<\/span><\/h2>\n<\/p><\/div>\n<div class=\"col-12 col-lg-8 col-xl-9\">\n<div class=\"text pl-lg-4\">\n<p><strong>Shkolla fillore<\/strong> pret f\u00ebmij\u00ebt nga\u00a06 n\u00eb 11\u00a0vje\u00e7. F\u00ebmija hyn n\u00eb CP apo klas\u00ebn e par\u00eb n\u00eb muajin shtator t\u00eb vitit kur mbush gjasht\u00eb vje\u00e7.<\/p>\n<p>Gjat\u00eb k\u00ebsaj periudhe fitohen bazat e m\u00ebsimit t\u00eb leximit, t\u00eb shkrimit dhe t\u00eb matematik\u00ebs. Edukimi shkencor n\u00eb lidhje me qendrat e interesit pran\u00eb f\u00ebmij\u00ebs ofrohet q\u00eb n\u00eb ciklin\u00a02, n\u00ebp\u00ebrmjet asaj q\u00eb n\u00eb programet zyrtare quhet \u201cZbulimi i bot\u00ebs\u201d. Duke nisur nga cikli\u00a03, ky edukim b\u00ebhet m\u00eb i p\u00ebrcaktuar dhe zgjerohet me Franc\u00ebn dhe bot\u00ebn, me m\u00ebsime n\u00eb histori, n\u00eb gjeografi, n\u00eb shkenca dhe n\u00eb teknologji. Gjithashtu nx\u00ebn\u00ebsve u ofrohet dhe edukimi sportiv dhe artistik q\u00eb n\u00eb klas\u00ebn p\u00ebrgatitore.<\/p>\n<\/p><\/div>\n<\/p><\/div>\n<\/p><\/div>\n<\/p><\/div>\n<\/div>\n<div class=\"bloctext bloctext--color2 bloctext--haspattern\" id=\"bloc_6_8\">\n<div class=\"container\">\n<div class=\"row\">\n<div class=\"col-12 col-lg-4 col-xl-3 mb-1\">\n<h2><span>PROGRAMI PEDAGOGJIK<\/span><\/h2>\n<\/p><\/div>\n<div class=\"col-12 col-lg-8 col-xl-9\">\n<div class=\"text pl-lg-4\">\n<p>N\u00eb shkoll\u00ebn fillore, nx\u00ebn\u00ebsit p\u00ebrdorin bazat e fituara n\u00eb Kopsht p\u00ebr t\u00eb m\u00ebsuar t\u00eb m\u00ebsojn\u00eb, duke i p\u00ebrgatitur nga pik\u00ebpamja intelektuale dhe shoq\u00ebrore p\u00ebr studimet dhe jet\u00ebn.<\/p>\n<p>Qasja jon\u00eb e arsimimit dygjuh\u00ebsh hap perspektiva interesante n\u00eb zhvillimin e shpirtit t\u00eb tyre kritik dhe i ndihmon t\u00eb kalojn\u00eb nga vrojtimet konkrete n\u00eb arsyetimin abstrakt, nj\u00eb aspekt themelor i m\u00ebsimdh\u00ebnies franceze.<\/p>\n<\/p><\/div>\n<\/p><\/div>\n<\/p><\/div>\n<\/p><\/div>\n<\/div>\n<div class=\"blocmedia blocmedia--textleft blocmedia--nocolor\" id=\"bloc_2_9\">\n<div class=\"container\">\n<div class=\"row\">\n<div class=\"col-12 col-md-6\">\n<div class=\"slider\">\n<div id=\"slider-bloc_2_9\" class=\"flexslider flexslider--blocmedia loading\">\n<ul class=\"slides list-unstyled\">\n<li class=\"slider-li\">\n\t\t\t\t\t\t\t\t\t\t     \t<a data-fancybox=\"rel-slider-bloc_2_9\" data-caption=\"\" href=\"https:\/\/efitirana.com\/wp-content\/uploads\/2022\/05\/elementaire-722x564.jpeg\"><br \/>\n\t\t\t\t\t\t\t\t\t\t\t\t\t<img decoding=\"async\" class=\"img-fluid\" src=\"https:\/\/efitirana.com\/wp-content\/uploads\/2022\/05\/elementaire-722x564.jpeg\" width=\"\" height=\"\" alt=\"\"><br \/>\n\t\t\t\t\t\t\t\t\t\t\t\t<\/a>\n\t\t\t\t\t\t\t\t\t\t     <\/li>\n<\/ul><\/div>\n<\/p><\/div>\n<\/p><\/div>\n<div class=\"col-12 col-md-5 d-flex flex-column justify-content-center align-items-start mb-2 mb-md-0\">\n<div class=\"text\">\n<h2><span>M\u00cbSIMDH\u00cbNIA DYGJUH\u00cbSHE<\/span><\/h2>\n<p>Duke nisur nga CP, m\u00ebsimi jepet sipas nj\u00eb programi dygjuh\u00ebsh ose trigjuh\u00ebsh, sipas zgjedhjes s\u00eb prind\u00ebrve. Nx\u00ebn\u00ebsit m\u00ebsojn\u00eb fr\u00ebngjishten, historin\u00eb, shkencat dhe matematik\u00ebn, artin dhe muzik\u00ebn me m\u00ebsuesin e tyre francez. Anglishtja dhe projektet speciale trajtohen me m\u00ebsuesin e gjuh\u00ebs angleze. Zhvillimi i gjuh\u00ebs \u00ebsht\u00eb n\u00eb qend\u00ebr t\u00eb shkoll\u00ebs son\u00eb fillore. P\u00ebr t\u2019u b\u00ebr\u00eb dygjuh\u00ebsh, f\u00ebmij\u00ebt duhet t\u00eb provojn\u00eb p\u00ebrmasat e shumta t\u00eb dy gjuh\u00ebve (d\u00ebgjimi, t\u00eb folurit, leximi dhe shkrimi) n\u00eb nj\u00eb mjedis motivues dhe sigurues q\u00eb ata e kuptojn\u00eb.<\/p>\n<p>\t\t\t\t\t\t<!-- Changer la classe de couleur du bouton en fonction de la couleur g\u00e9n\u00e9rale du bloc --><\/p>\n<div class=\"bloc_cta\" ><\/div>\n<\/p><\/div>\n<\/p><\/div>\n<\/p><\/div>\n<\/p><\/div>\n<\/div>\n<div class=\"blocinfo blocinfo--color4\" id=\"bloc_10_10\">\n<div class=\"container\">\n<div class=\"row\">\n<div class=\"col-12 col-md-6\">\n<h2><span>Niseni t\u00eb ardhmen e tij q\u00eb sot!<\/span><\/h2>\n<p>Regjistrimet p\u00ebr vitin\u00a02024-2025 jan\u00eb hapur.<\/p>\n<p>\t\t\t\t<!-- Changer la classe de couleur du bouton en fonction de la couleur g\u00e9n\u00e9rale du bloc --><\/p>\n<div class=\"bloc_cta\" >\n\t<a href=\"https:\/\/efitirana.com\/wp-content\/uploads\/2024\/07\/Formulaire-d-inscription-24-25-FR.pdf\" title=\"Regjistrohuni\" target=\"\" class=\"mr-3 btn btn--color4\" rel=\"noopener\">Regjistrohuni<\/a> \t\t\t\t<\/div>\n<\/p><\/div>\n<\/p><\/div>\n<\/p><\/div>\n<\/div>\n","protected":false},"excerpt":{"rendered":"<p>Fillorja SHKOLLA FILLORE Shkolla fillore pret f\u00ebmij\u00ebt nga\u00a06 n\u00eb 11\u00a0vje\u00e7. F\u00ebmija hyn n\u00eb CP apo klas\u00ebn e par\u00eb n\u00eb muajin [&hellip;]<\/p>\n","protected":false},"author":4,"featured_media":0,"parent":9292,"menu_order":150,"comment_status":"closed","ping_status":"closed","template":"","meta":{"_acf_changed":false,"kdcopypost-origin-url":"","kdcopypost-origin-id":"","footnotes":""},"class_list":["post-9362","page","type-page","status-publish","hentry"],"acf":[],"yoast_head":"<!-- This site is optimized with the Yoast SEO plugin v26.6 - https:\/\/yoast.com\/wordpress\/plugins\/seo\/ -->\n<title>Fillorja - EFI Tirana<\/title>\n<meta name=\"robots\" content=\"index, follow, max-snippet:-1, max-image-preview:large, max-video-preview:-1\" \/>\n<link rel=\"canonical\" href=\"https:\/\/efitirana.com\/sq\/kurrikula-shkollore\/fillorja\/\" \/>\n<meta property=\"og:locale\" content=\"sq_AL\" \/>\n<meta property=\"og:type\" content=\"article\" \/>\n<meta property=\"og:title\" content=\"Fillorja - EFI Tirana\" \/>\n<meta property=\"og:description\" content=\"Fillorja SHKOLLA FILLORE Shkolla fillore pret f\u00ebmij\u00ebt nga\u00a06 n\u00eb 11\u00a0vje\u00e7. F\u00ebmija hyn n\u00eb CP apo klas\u00ebn e par\u00eb n\u00eb muajin [&hellip;]\" \/>\n<meta property=\"og:url\" content=\"https:\/\/efitirana.com\/sq\/kurrikula-shkollore\/fillorja\/\" \/>\n<meta property=\"og:site_name\" content=\"EFI Tirana\" \/>\n<meta property=\"article:modified_time\" content=\"2024-08-23T20:21:09+00:00\" \/>\n<meta property=\"og:image\" content=\"https:\/\/efitirana.com\/wp-content\/uploads\/2022\/05\/elementaire-722x564.jpeg\" \/>\n<meta name=\"twitter:card\" content=\"summary_large_image\" \/>\n<meta name=\"twitter:label1\" content=\"Est. reading time\" \/>\n\t<meta name=\"twitter:data1\" content=\"2 minutes\" \/>\n<script type=\"application\/ld+json\" class=\"yoast-schema-graph\">{\"@context\":\"https:\/\/schema.org\",\"@graph\":[{\"@type\":\"WebPage\",\"@id\":\"https:\/\/efitirana.com\/sq\/kurrikula-shkollore\/fillorja\/\",\"url\":\"https:\/\/efitirana.com\/sq\/kurrikula-shkollore\/fillorja\/\",\"name\":\"Fillorja - EFI Tirana\",\"isPartOf\":{\"@id\":\"https:\/\/efitirana.com\/sq\/#website\"},\"primaryImageOfPage\":{\"@id\":\"https:\/\/efitirana.com\/sq\/kurrikula-shkollore\/fillorja\/#primaryimage\"},\"image\":{\"@id\":\"https:\/\/efitirana.com\/sq\/kurrikula-shkollore\/fillorja\/#primaryimage\"},\"thumbnailUrl\":\"https:\/\/efitirana.com\/wp-content\/uploads\/2022\/05\/elementaire-722x564.jpeg\",\"datePublished\":\"2022-06-27T07:40:03+00:00\",\"dateModified\":\"2024-08-23T20:21:09+00:00\",\"breadcrumb\":{\"@id\":\"https:\/\/efitirana.com\/sq\/kurrikula-shkollore\/fillorja\/#breadcrumb\"},\"inLanguage\":\"sq-AL\",\"potentialAction\":[{\"@type\":\"ReadAction\",\"target\":[\"https:\/\/efitirana.com\/sq\/kurrikula-shkollore\/fillorja\/\"]}]},{\"@type\":\"ImageObject\",\"inLanguage\":\"sq-AL\",\"@id\":\"https:\/\/efitirana.com\/sq\/kurrikula-shkollore\/fillorja\/#primaryimage\",\"url\":\"https:\/\/efitirana.com\/wp-content\/uploads\/2022\/05\/elementaire-722x564.jpeg\",\"contentUrl\":\"https:\/\/efitirana.com\/wp-content\/uploads\/2022\/05\/elementaire-722x564.jpeg\"},{\"@type\":\"BreadcrumbList\",\"@id\":\"https:\/\/efitirana.com\/sq\/kurrikula-shkollore\/fillorja\/#breadcrumb\",\"itemListElement\":[{\"@type\":\"ListItem\",\"position\":1,\"name\":\"Accueil\",\"item\":\"https:\/\/efitirana.com\/sq\/\"},{\"@type\":\"ListItem\",\"position\":2,\"name\":\"Kurrikula shkollore\",\"item\":\"https:\/\/efitirana.com\/sq\/kurrikula-shkollore\/\"},{\"@type\":\"ListItem\",\"position\":3,\"name\":\"Fillorja\"}]},{\"@type\":\"WebSite\",\"@id\":\"https:\/\/efitirana.com\/sq\/#website\",\"url\":\"https:\/\/efitirana.com\/sq\/\",\"name\":\"EFI Tirana\",\"description\":\"EFI Tirana\",\"potentialAction\":[{\"@type\":\"SearchAction\",\"target\":{\"@type\":\"EntryPoint\",\"urlTemplate\":\"https:\/\/efitirana.com\/sq\/?s={search_term_string}\"},\"query-input\":{\"@type\":\"PropertyValueSpecification\",\"valueRequired\":true,\"valueName\":\"search_term_string\"}}],\"inLanguage\":\"sq-AL\"}]}<\/script>\n<!-- \/ Yoast SEO plugin. -->","yoast_head_json":{"title":"Fillorja - EFI Tirana","robots":{"index":"index","follow":"follow","max-snippet":"max-snippet:-1","max-image-preview":"max-image-preview:large","max-video-preview":"max-video-preview:-1"},"canonical":"https:\/\/efitirana.com\/sq\/kurrikula-shkollore\/fillorja\/","og_locale":"sq_AL","og_type":"article","og_title":"Fillorja - EFI Tirana","og_description":"Fillorja SHKOLLA FILLORE Shkolla fillore pret f\u00ebmij\u00ebt nga\u00a06 n\u00eb 11\u00a0vje\u00e7. F\u00ebmija hyn n\u00eb CP apo klas\u00ebn e par\u00eb n\u00eb muajin [&hellip;]","og_url":"https:\/\/efitirana.com\/sq\/kurrikula-shkollore\/fillorja\/","og_site_name":"EFI Tirana","article_modified_time":"2024-08-23T20:21:09+00:00","og_image":[{"url":"https:\/\/efitirana.com\/wp-content\/uploads\/2022\/05\/elementaire-722x564.jpeg","type":"","width":"","height":""}],"twitter_card":"summary_large_image","twitter_misc":{"Est. reading time":"2 minutes"},"schema":{"@context":"https:\/\/schema.org","@graph":[{"@type":"WebPage","@id":"https:\/\/efitirana.com\/sq\/kurrikula-shkollore\/fillorja\/","url":"https:\/\/efitirana.com\/sq\/kurrikula-shkollore\/fillorja\/","name":"Fillorja - EFI Tirana","isPartOf":{"@id":"https:\/\/efitirana.com\/sq\/#website"},"primaryImageOfPage":{"@id":"https:\/\/efitirana.com\/sq\/kurrikula-shkollore\/fillorja\/#primaryimage"},"image":{"@id":"https:\/\/efitirana.com\/sq\/kurrikula-shkollore\/fillorja\/#primaryimage"},"thumbnailUrl":"https:\/\/efitirana.com\/wp-content\/uploads\/2022\/05\/elementaire-722x564.jpeg","datePublished":"2022-06-27T07:40:03+00:00","dateModified":"2024-08-23T20:21:09+00:00","breadcrumb":{"@id":"https:\/\/efitirana.com\/sq\/kurrikula-shkollore\/fillorja\/#breadcrumb"},"inLanguage":"sq-AL","potentialAction":[{"@type":"ReadAction","target":["https:\/\/efitirana.com\/sq\/kurrikula-shkollore\/fillorja\/"]}]},{"@type":"ImageObject","inLanguage":"sq-AL","@id":"https:\/\/efitirana.com\/sq\/kurrikula-shkollore\/fillorja\/#primaryimage","url":"https:\/\/efitirana.com\/wp-content\/uploads\/2022\/05\/elementaire-722x564.jpeg","contentUrl":"https:\/\/efitirana.com\/wp-content\/uploads\/2022\/05\/elementaire-722x564.jpeg"},{"@type":"BreadcrumbList","@id":"https:\/\/efitirana.com\/sq\/kurrikula-shkollore\/fillorja\/#breadcrumb","itemListElement":[{"@type":"ListItem","position":1,"name":"Accueil","item":"https:\/\/efitirana.com\/sq\/"},{"@type":"ListItem","position":2,"name":"Kurrikula shkollore","item":"https:\/\/efitirana.com\/sq\/kurrikula-shkollore\/"},{"@type":"ListItem","position":3,"name":"Fillorja"}]},{"@type":"WebSite","@id":"https:\/\/efitirana.com\/sq\/#website","url":"https:\/\/efitirana.com\/sq\/","name":"EFI Tirana","description":"EFI Tirana","potentialAction":[{"@type":"SearchAction","target":{"@type":"EntryPoint","urlTemplate":"https:\/\/efitirana.com\/sq\/?s={search_term_string}"},"query-input":{"@type":"PropertyValueSpecification","valueRequired":true,"valueName":"search_term_string"}}],"inLanguage":"sq-AL"}]}},"_links":{"self":[{"href":"https:\/\/efitirana.com\/sq\/wp-json\/wp\/v2\/pages\/9362","targetHints":{"allow":["GET"]}}],"collection":[{"href":"https:\/\/efitirana.com\/sq\/wp-json\/wp\/v2\/pages"}],"about":[{"href":"https:\/\/efitirana.com\/sq\/wp-json\/wp\/v2\/types\/page"}],"author":[{"embeddable":true,"href":"https:\/\/efitirana.com\/sq\/wp-json\/wp\/v2\/users\/4"}],"replies":[{"embeddable":true,"href":"https:\/\/efitirana.com\/sq\/wp-json\/wp\/v2\/comments?post=9362"}],"version-history":[{"count":7,"href":"https:\/\/efitirana.com\/sq\/wp-json\/wp\/v2\/pages\/9362\/revisions"}],"predecessor-version":[{"id":11298,"href":"https:\/\/efitirana.com\/sq\/wp-json\/wp\/v2\/pages\/9362\/revisions\/11298"}],"up":[{"embeddable":true,"href":"https:\/\/efitirana.com\/sq\/wp-json\/wp\/v2\/pages\/9292"}],"wp:attachment":[{"href":"https:\/\/efitirana.com\/sq\/wp-json\/wp\/v2\/media?parent=9362"}],"curies":[{"name":"wp","href":"https:\/\/api.w.org\/{rel}","templated":true}]}}