{"id":9366,"date":"2022-06-27T09:40:22","date_gmt":"2022-06-27T07:40:22","guid":{"rendered":"https:\/\/efitira.agencebisart.com\/cursus-scolaire\/college\/"},"modified":"2024-08-23T22:23:10","modified_gmt":"2024-08-23T20:23:10","slug":"9-vjecarja","status":"publish","type":"page","link":"https:\/\/efitirana.com\/sq\/kurrikula-shkollore\/9-vjecarja\/","title":{"rendered":"9-vje\u00e7arja"},"content":{"rendered":"<p>\t\t\t\t<!-- avec ou sans CTA : m\u00eame code, \u00e7a centre verticalement le texte --><\/p>\n<div class=\"smallheader\" id=\"bloc_small_header_6\">\n<style type=\"text\/css\">\n\t\t\t\t\t\t\t#bloc_small_header_6 {background-image: url(https:\/\/efitirana.com\/wp-content\/uploads\/2022\/05\/HEADER_6-610x268.jpg);}\n\t\t\t\t\t\t\t@media (min-width: 480px) {\t#bloc_small_header_6 {background-image: url(https:\/\/efitirana.com\/wp-content\/uploads\/2022\/05\/HEADER_6-610x268.jpg);}}\n\t\t\t\t\t\t\t@media (min-width: 768px) {\t#bloc_small_header_6 {background-image: url(https:\/\/efitirana.com\/wp-content\/uploads\/2022\/05\/HEADER_6-1024x214.jpg);}}\n\t\t\t\t\t\t\t@media (min-width: 992px) { #bloc_small_header_6 {background-image: url(https:\/\/efitirana.com\/wp-content\/uploads\/2022\/05\/HEADER_6-1024x214.jpg);}}\n\t\t\t\t\t\t\t@media (min-width: 1200px) { #bloc_small_header_6 {background-image: url(https:\/\/efitirana.com\/wp-content\/uploads\/2022\/05\/HEADER_6.jpg);}}\n\t\t\t\t\t\t<\/style>\n<div class=\"container d-flex flex-column justify-content-center align-items-start\">\n<h1><span>9-VJE\u00c7ARJA<\/span><\/h1>\n<\/p><\/div>\n<\/p><\/div>\n<div class=\"bloc_ctas bloc_cta container pt-2 pb-2 text-right\" id=\"bloc_ctas_7\">\n<div class=\"btns\">\t<a href=\"https:\/\/efitirana.com\/wp-content\/uploads\/2022\/06\/Formular-regjistrimi-22-23-ALB-1.pdf\" title=\"T\u00eb regjistrohesh n\u00eb 9-vje\u00e7aren n\u00eb EFI t\u00eb Tiran\u00ebs\" target=\"\" class=\" ml-1   mr-1  btn btn--color2\" rel=\"noopener\">T\u00eb regjistrohesh n\u00eb 9-vje\u00e7aren n\u00eb EFI t\u00eb Tiran\u00ebs<\/a> <\/div>\n<\/p><\/div>\n<div class=\"bloctext bloctext--color2 bloctext--haspattern\" id=\"bloc_6_8\">\n<div class=\"container\">\n<div class=\"row\">\n<div class=\"col-12 col-lg-4 col-xl-3 mb-1\">\n<h2><span>9-VJE\u00c7ARJA<\/span><\/h2>\n<\/p><\/div>\n<div class=\"col-12 col-lg-8 col-xl-9\">\n<div class=\"text pl-lg-4\">\n<p>9-vje\u00e7arja \u00ebsht\u00eb institucioni i nivelit t\u00eb dyt\u00eb q\u00eb, n\u00eb p\u00ebrfundim t\u00eb shkoll\u00ebs fillore, pret t\u00eb f\u00ebmij\u00ebt e regjistruar n\u00eb shkoll\u00eb. Ata ndjekin n\u00eb t\u00eb kat\u00ebr vite shkollimi: klas\u00ebn e gjasht\u00eb, t\u00eb pest\u00eb, t\u00eb kat\u00ebrt dhe t\u00eb tret\u00eb.<strong> 9-vje\u00e7arja ka si q\u00ebllim:<\/strong><\/p>\n<ul>\n<li>T\u00eb p\u00ebrforcoj\u00eb p\u00ebrvet\u00ebsimin e dijeve themelore duke kombinuar m\u00ebsimet teorike dhe praktike<\/li>\n<li>T\u00eb mbaj\u00eb parasysh ve\u00e7antit\u00eb e \u00e7do nx\u00ebn\u00ebsi p\u00ebr t\u00eb mund\u00ebsuar suksesin e t\u00eb gjith\u00ebve<\/li>\n<li>T\u2019u jap\u00eb nx\u00ebn\u00ebsve kompetenca t\u00eb reja t\u00eb p\u00ebrshtatura me bot\u00ebn aktuale<\/li>\n<li>Ta b\u00ebj\u00eb 9-vje\u00e7aren nj\u00eb vend t\u00eb zhvillimit dhe t\u00eb nd\u00ebrtimit t\u00eb qytetaris\u00eb, nj\u00eb bashk\u00ebsi ku privilegjohen p\u00ebrvoja individuale dhe veprimtaria kolektive.<\/li>\n<\/ul><\/div>\n<\/p><\/div>\n<\/p><\/div>\n<\/p><\/div>\n<\/div>\n<div class=\"blocsphotos blocsphotos--nocolor\" id=\"bloc_14_9\">\n<div class=\"container\">\n<div class=\"row\">\n<div class=\"col-6 col-md-3 mb-1 mb-md-0\">\n<div class=\"blocphoto\">\n\t\t\t\t\t<img decoding=\"async\" class=\"img-fluid img-rounded\" src=\"https:\/\/efitirana.com\/wp-content\/uploads\/2022\/05\/278025911_5084119931671465_5129845947629813874_n-270x310.jpeg\" width=\"\" height=\"\" alt=\"\">\n\t\t\t\t<\/div>\n<\/p><\/div>\n<div class=\"col-6 col-md-3 mb-1 mb-md-0\">\n<div class=\"blocphoto\">\n\t\t\t\t\t<img decoding=\"async\" class=\"img-fluid img-rounded\" src=\"https:\/\/efitirana.com\/wp-content\/uploads\/2022\/05\/62035910_2304964159587070_4500465435115782144_n-270x310.jpeg\" width=\"\" height=\"\" alt=\"\">\n\t\t\t\t<\/div>\n<\/p><\/div>\n<div class=\"col-6 col-md-3 mb-1 mb-md-0\">\n<div class=\"blocphoto\">\n\t\t\t\t\t<img decoding=\"async\" class=\"img-fluid img-rounded\" src=\"https:\/\/efitirana.com\/wp-content\/uploads\/2022\/05\/244282314_4484744564942341_1105324636599341926_n-270x310.jpeg\" width=\"\" height=\"\" alt=\"\">\n\t\t\t\t<\/div>\n<\/p><\/div>\n<div class=\"col-6 col-md-3 mb-1 mb-md-0\">\n<div class=\"blocphoto\">\n\t\t\t\t\t<img decoding=\"async\" class=\"img-fluid img-rounded\" src=\"https:\/\/efitirana.com\/wp-content\/uploads\/2022\/05\/partenariat-ecologie-270x310.png\" width=\"\" height=\"\" alt=\"\">\n\t\t\t\t<\/div>\n<\/p><\/div>\n<\/p><\/div>\n<\/p><\/div>\n<\/div>\n<div class=\"blocinfo blocinfo--color4\" id=\"bloc_10_10\">\n<div class=\"container\">\n<div class=\"row\">\n<div class=\"col-12 col-md-6\">\n<h2><span>Niseni t\u00eb ardhmen e tij q\u00eb sot!<\/span><\/h2>\n<p>Regjistrimet p\u00ebr vitin\u00a02024-2025 jan\u00eb hapur.<\/p>\n<p>\t\t\t\t<!-- Changer la classe de couleur du bouton en fonction de la couleur g\u00e9n\u00e9rale du bloc --><\/p>\n<div class=\"bloc_cta\" >\n\t<a href=\"https:\/\/efitirana.com\/wp-content\/uploads\/2024\/07\/Formulaire-d-inscription-24-25-FR.pdf\" title=\"Regjistrohuni\" target=\"\" class=\"mr-3 btn btn--color4\" rel=\"noopener\">Regjistrohuni<\/a> \t\t\t\t<\/div>\n<\/p><\/div>\n<\/p><\/div>\n<\/p><\/div>\n<\/div>\n","protected":false},"excerpt":{"rendered":"<p>9-VJE\u00c7ARJA T\u00eb regjistrohesh n\u00eb 9-vje\u00e7aren n\u00eb EFI t\u00eb Tiran\u00ebs 9-VJE\u00c7ARJA 9-vje\u00e7arja \u00ebsht\u00eb institucioni i nivelit t\u00eb dyt\u00eb q\u00eb, n\u00eb p\u00ebrfundim [&hellip;]<\/p>\n","protected":false},"author":4,"featured_media":0,"parent":9292,"menu_order":160,"comment_status":"closed","ping_status":"closed","template":"","meta":{"_acf_changed":false,"kdcopypost-origin-url":"","kdcopypost-origin-id":"","footnotes":""},"class_list":["post-9366","page","type-page","status-publish","hentry"],"acf":[],"yoast_head":"<!-- This site is optimized with the Yoast SEO plugin v26.6 - https:\/\/yoast.com\/wordpress\/plugins\/seo\/ -->\n<title>9-vje\u00e7arja - EFI Tirana<\/title>\n<meta name=\"robots\" content=\"index, follow, max-snippet:-1, max-image-preview:large, max-video-preview:-1\" \/>\n<link rel=\"canonical\" href=\"https:\/\/efitirana.com\/sq\/kurrikula-shkollore\/9-vjecarja\/\" \/>\n<meta property=\"og:locale\" content=\"sq_AL\" \/>\n<meta property=\"og:type\" content=\"article\" \/>\n<meta property=\"og:title\" content=\"9-vje\u00e7arja - EFI Tirana\" \/>\n<meta property=\"og:description\" content=\"9-VJE\u00c7ARJA T\u00eb regjistrohesh n\u00eb 9-vje\u00e7aren n\u00eb EFI t\u00eb Tiran\u00ebs 9-VJE\u00c7ARJA 9-vje\u00e7arja \u00ebsht\u00eb institucioni i nivelit t\u00eb dyt\u00eb q\u00eb, n\u00eb p\u00ebrfundim [&hellip;]\" \/>\n<meta property=\"og:url\" content=\"https:\/\/efitirana.com\/sq\/kurrikula-shkollore\/9-vjecarja\/\" \/>\n<meta property=\"og:site_name\" content=\"EFI Tirana\" \/>\n<meta property=\"article:modified_time\" content=\"2024-08-23T20:23:10+00:00\" \/>\n<meta property=\"og:image\" content=\"https:\/\/efitirana.com\/wp-content\/uploads\/2022\/05\/278025911_5084119931671465_5129845947629813874_n-270x310.jpeg\" \/>\n<meta name=\"twitter:card\" content=\"summary_large_image\" \/>\n<meta name=\"twitter:label1\" content=\"Est. reading time\" \/>\n\t<meta name=\"twitter:data1\" content=\"2 minutes\" \/>\n<script type=\"application\/ld+json\" class=\"yoast-schema-graph\">{\"@context\":\"https:\/\/schema.org\",\"@graph\":[{\"@type\":\"WebPage\",\"@id\":\"https:\/\/efitirana.com\/sq\/kurrikula-shkollore\/9-vjecarja\/\",\"url\":\"https:\/\/efitirana.com\/sq\/kurrikula-shkollore\/9-vjecarja\/\",\"name\":\"9-vje\u00e7arja - EFI Tirana\",\"isPartOf\":{\"@id\":\"https:\/\/efitirana.com\/sq\/#website\"},\"primaryImageOfPage\":{\"@id\":\"https:\/\/efitirana.com\/sq\/kurrikula-shkollore\/9-vjecarja\/#primaryimage\"},\"image\":{\"@id\":\"https:\/\/efitirana.com\/sq\/kurrikula-shkollore\/9-vjecarja\/#primaryimage\"},\"thumbnailUrl\":\"https:\/\/efitirana.com\/wp-content\/uploads\/2022\/05\/278025911_5084119931671465_5129845947629813874_n-270x310.jpeg\",\"datePublished\":\"2022-06-27T07:40:22+00:00\",\"dateModified\":\"2024-08-23T20:23:10+00:00\",\"breadcrumb\":{\"@id\":\"https:\/\/efitirana.com\/sq\/kurrikula-shkollore\/9-vjecarja\/#breadcrumb\"},\"inLanguage\":\"sq-AL\",\"potentialAction\":[{\"@type\":\"ReadAction\",\"target\":[\"https:\/\/efitirana.com\/sq\/kurrikula-shkollore\/9-vjecarja\/\"]}]},{\"@type\":\"ImageObject\",\"inLanguage\":\"sq-AL\",\"@id\":\"https:\/\/efitirana.com\/sq\/kurrikula-shkollore\/9-vjecarja\/#primaryimage\",\"url\":\"https:\/\/efitirana.com\/wp-content\/uploads\/2022\/05\/278025911_5084119931671465_5129845947629813874_n-270x310.jpeg\",\"contentUrl\":\"https:\/\/efitirana.com\/wp-content\/uploads\/2022\/05\/278025911_5084119931671465_5129845947629813874_n-270x310.jpeg\"},{\"@type\":\"BreadcrumbList\",\"@id\":\"https:\/\/efitirana.com\/sq\/kurrikula-shkollore\/9-vjecarja\/#breadcrumb\",\"itemListElement\":[{\"@type\":\"ListItem\",\"position\":1,\"name\":\"Accueil\",\"item\":\"https:\/\/efitirana.com\/sq\/\"},{\"@type\":\"ListItem\",\"position\":2,\"name\":\"Kurrikula shkollore\",\"item\":\"https:\/\/efitirana.com\/sq\/kurrikula-shkollore\/\"},{\"@type\":\"ListItem\",\"position\":3,\"name\":\"9-vje\u00e7arja\"}]},{\"@type\":\"WebSite\",\"@id\":\"https:\/\/efitirana.com\/sq\/#website\",\"url\":\"https:\/\/efitirana.com\/sq\/\",\"name\":\"EFI Tirana\",\"description\":\"EFI Tirana\",\"potentialAction\":[{\"@type\":\"SearchAction\",\"target\":{\"@type\":\"EntryPoint\",\"urlTemplate\":\"https:\/\/efitirana.com\/sq\/?s={search_term_string}\"},\"query-input\":{\"@type\":\"PropertyValueSpecification\",\"valueRequired\":true,\"valueName\":\"search_term_string\"}}],\"inLanguage\":\"sq-AL\"}]}<\/script>\n<!-- \/ Yoast SEO plugin. -->","yoast_head_json":{"title":"9-vje\u00e7arja - EFI Tirana","robots":{"index":"index","follow":"follow","max-snippet":"max-snippet:-1","max-image-preview":"max-image-preview:large","max-video-preview":"max-video-preview:-1"},"canonical":"https:\/\/efitirana.com\/sq\/kurrikula-shkollore\/9-vjecarja\/","og_locale":"sq_AL","og_type":"article","og_title":"9-vje\u00e7arja - EFI Tirana","og_description":"9-VJE\u00c7ARJA T\u00eb regjistrohesh n\u00eb 9-vje\u00e7aren n\u00eb EFI t\u00eb Tiran\u00ebs 9-VJE\u00c7ARJA 9-vje\u00e7arja \u00ebsht\u00eb institucioni i nivelit t\u00eb dyt\u00eb q\u00eb, n\u00eb p\u00ebrfundim [&hellip;]","og_url":"https:\/\/efitirana.com\/sq\/kurrikula-shkollore\/9-vjecarja\/","og_site_name":"EFI Tirana","article_modified_time":"2024-08-23T20:23:10+00:00","og_image":[{"url":"https:\/\/efitirana.com\/wp-content\/uploads\/2022\/05\/278025911_5084119931671465_5129845947629813874_n-270x310.jpeg","type":"","width":"","height":""}],"twitter_card":"summary_large_image","twitter_misc":{"Est. reading time":"2 minutes"},"schema":{"@context":"https:\/\/schema.org","@graph":[{"@type":"WebPage","@id":"https:\/\/efitirana.com\/sq\/kurrikula-shkollore\/9-vjecarja\/","url":"https:\/\/efitirana.com\/sq\/kurrikula-shkollore\/9-vjecarja\/","name":"9-vje\u00e7arja - EFI Tirana","isPartOf":{"@id":"https:\/\/efitirana.com\/sq\/#website"},"primaryImageOfPage":{"@id":"https:\/\/efitirana.com\/sq\/kurrikula-shkollore\/9-vjecarja\/#primaryimage"},"image":{"@id":"https:\/\/efitirana.com\/sq\/kurrikula-shkollore\/9-vjecarja\/#primaryimage"},"thumbnailUrl":"https:\/\/efitirana.com\/wp-content\/uploads\/2022\/05\/278025911_5084119931671465_5129845947629813874_n-270x310.jpeg","datePublished":"2022-06-27T07:40:22+00:00","dateModified":"2024-08-23T20:23:10+00:00","breadcrumb":{"@id":"https:\/\/efitirana.com\/sq\/kurrikula-shkollore\/9-vjecarja\/#breadcrumb"},"inLanguage":"sq-AL","potentialAction":[{"@type":"ReadAction","target":["https:\/\/efitirana.com\/sq\/kurrikula-shkollore\/9-vjecarja\/"]}]},{"@type":"ImageObject","inLanguage":"sq-AL","@id":"https:\/\/efitirana.com\/sq\/kurrikula-shkollore\/9-vjecarja\/#primaryimage","url":"https:\/\/efitirana.com\/wp-content\/uploads\/2022\/05\/278025911_5084119931671465_5129845947629813874_n-270x310.jpeg","contentUrl":"https:\/\/efitirana.com\/wp-content\/uploads\/2022\/05\/278025911_5084119931671465_5129845947629813874_n-270x310.jpeg"},{"@type":"BreadcrumbList","@id":"https:\/\/efitirana.com\/sq\/kurrikula-shkollore\/9-vjecarja\/#breadcrumb","itemListElement":[{"@type":"ListItem","position":1,"name":"Accueil","item":"https:\/\/efitirana.com\/sq\/"},{"@type":"ListItem","position":2,"name":"Kurrikula shkollore","item":"https:\/\/efitirana.com\/sq\/kurrikula-shkollore\/"},{"@type":"ListItem","position":3,"name":"9-vje\u00e7arja"}]},{"@type":"WebSite","@id":"https:\/\/efitirana.com\/sq\/#website","url":"https:\/\/efitirana.com\/sq\/","name":"EFI Tirana","description":"EFI Tirana","potentialAction":[{"@type":"SearchAction","target":{"@type":"EntryPoint","urlTemplate":"https:\/\/efitirana.com\/sq\/?s={search_term_string}"},"query-input":{"@type":"PropertyValueSpecification","valueRequired":true,"valueName":"search_term_string"}}],"inLanguage":"sq-AL"}]}},"_links":{"self":[{"href":"https:\/\/efitirana.com\/sq\/wp-json\/wp\/v2\/pages\/9366","targetHints":{"allow":["GET"]}}],"collection":[{"href":"https:\/\/efitirana.com\/sq\/wp-json\/wp\/v2\/pages"}],"about":[{"href":"https:\/\/efitirana.com\/sq\/wp-json\/wp\/v2\/types\/page"}],"author":[{"embeddable":true,"href":"https:\/\/efitirana.com\/sq\/wp-json\/wp\/v2\/users\/4"}],"replies":[{"embeddable":true,"href":"https:\/\/efitirana.com\/sq\/wp-json\/wp\/v2\/comments?post=9366"}],"version-history":[{"count":7,"href":"https:\/\/efitirana.com\/sq\/wp-json\/wp\/v2\/pages\/9366\/revisions"}],"predecessor-version":[{"id":11307,"href":"https:\/\/efitirana.com\/sq\/wp-json\/wp\/v2\/pages\/9366\/revisions\/11307"}],"up":[{"embeddable":true,"href":"https:\/\/efitirana.com\/sq\/wp-json\/wp\/v2\/pages\/9292"}],"wp:attachment":[{"href":"https:\/\/efitirana.com\/sq\/wp-json\/wp\/v2\/media?parent=9366"}],"curies":[{"name":"wp","href":"https:\/\/api.w.org\/{rel}","templated":true}]}}