{"id":9370,"date":"2022-06-27T09:40:43","date_gmt":"2022-06-27T07:40:43","guid":{"rendered":"https:\/\/efitira.agencebisart.com\/cursus-scolaire\/lycee\/"},"modified":"2024-08-23T22:27:14","modified_gmt":"2024-08-23T20:27:14","slug":"gjimnazi","status":"publish","type":"page","link":"https:\/\/efitirana.com\/sq\/kurrikula-shkollore\/gjimnazi\/","title":{"rendered":"Gjimnazi"},"content":{"rendered":"<p>\t\t\t\t<!-- avec ou sans CTA : m\u00eame code, \u00e7a centre verticalement le texte --><\/p>\n<div class=\"smallheader\" id=\"bloc_small_header_6\">\n<style type=\"text\/css\">\n\t\t\t\t\t\t\t#bloc_small_header_6 {background-image: url(https:\/\/efitirana.com\/wp-content\/uploads\/2022\/05\/HEADER_8-610x268.jpg);}\n\t\t\t\t\t\t\t@media (min-width: 480px) {\t#bloc_small_header_6 {background-image: url(https:\/\/efitirana.com\/wp-content\/uploads\/2022\/05\/HEADER_8-610x268.jpg);}}\n\t\t\t\t\t\t\t@media (min-width: 768px) {\t#bloc_small_header_6 {background-image: url(https:\/\/efitirana.com\/wp-content\/uploads\/2022\/05\/HEADER_8-1024x214.jpg);}}\n\t\t\t\t\t\t\t@media (min-width: 992px) { #bloc_small_header_6 {background-image: url(https:\/\/efitirana.com\/wp-content\/uploads\/2022\/05\/HEADER_8-1024x214.jpg);}}\n\t\t\t\t\t\t\t@media (min-width: 1200px) { #bloc_small_header_6 {background-image: url(https:\/\/efitirana.com\/wp-content\/uploads\/2022\/05\/HEADER_8.jpg);}}\n\t\t\t\t\t\t<\/style>\n<div class=\"container d-flex flex-column justify-content-center align-items-start\">\n<h1><span>GJIMNAZI<\/span><\/h1>\n<\/p><\/div>\n<\/p><\/div>\n<div class=\"bloc_ctas bloc_cta container pt-2 pb-2 text-right\" id=\"bloc_ctas_7\">\n<div class=\"btns\">\t<a href=\"https:\/\/efitirana.com\/wp-content\/uploads\/2022\/06\/Formular-regjistrimi-22-23-ALB-1.pdf\" title=\"T\u00eb regjistrohesh n\u00eb 9-vje\u00e7aren n\u00eb EFI t\u00eb Tiran\u00ebs\" target=\"\" class=\" ml-1   mr-1  btn btn--color2\" rel=\"noopener\">T\u00eb regjistrohesh n\u00eb 9-vje\u00e7aren n\u00eb EFI t\u00eb Tiran\u00ebs<\/a> <\/div>\n<\/p><\/div>\n<div class=\"bloctext bloctext--color2 bloctext--haspattern\" id=\"bloc_6_8\">\n<div class=\"container\">\n<div class=\"row\">\n<div class=\"col-12 col-lg-4 col-xl-3 mb-1\">\n<h2><span>GJIMNAZI<\/span><\/h2>\n<\/p><\/div>\n<div class=\"col-12 col-lg-8 col-xl-9\">\n<div class=\"text pl-lg-4\">\n<p>N\u00eb ciklin e mes\u00ebm, m\u00ebsimi jepet nga m\u00ebsues p\u00ebrs\u00ebrit\u00ebs gjat\u00eb gjith\u00eb<br \/>\njav\u00ebs. Nx\u00ebn\u00ebsit priten n\u00eb institucion nga ora 8:10 n\u00eb or\u00ebn 15:30, nga e h\u00ebna n\u00eb t\u00eb enjten, dhe<br \/>\nt\u00eb premten deri n\u00eb 12:30.<\/p>\n<p><strong>Si funksionon m\u00ebsimdh\u00ebnia CNED n\u00eb ciklin e mes\u00ebm?<\/strong><\/p>\n<p>M\u00ebsimi mbulon t\u00ebr\u00ebsin\u00eb e programit zyrtar t\u00eb nj\u00eb viti shkollor. Gjimnazi \u00ebsht\u00eb me m\u00ebsimdh\u00ebnie CNED i mb\u00ebshtetur nga m\u00ebsues p\u00ebrs\u00ebrit\u00ebs q\u00eb sigurojn\u00eb ndjekjen dhe shoq\u00ebrimin pedagogjik t\u00eb nx\u00ebn\u00ebsve tan\u00eb n\u00eb klas\u00eb dhe brenda institucionit. Ndjekja pedagogjike e nx\u00ebn\u00ebsve kryhet bashk\u00ebrisht nga institucioni partner dhe CNED.<\/p>\n<p>Regjistrimi jep t\u00eb drejt\u00ebn p\u00ebr l\u00ebshimin e nj\u00eb certifikate shkollimi, t\u00eb listave t\u00eb notave dhe t\u00eb nj\u00eb opinioni<br \/>\norientimi n\u00eb fund t\u00eb vitit shkollor. Ai lejon regjistrimin si kandidat shkollor n\u00eb provimet e diplom\u00ebs komb\u00ebtare t\u00eb lirimit dhe t\u00eb matur\u00ebs franceze dhe, p\u00ebr nx\u00ebn\u00ebsit me shtet\u00ebsi franceze, t\u00eb paraqesin nj\u00eb k\u00ebrkes\u00eb p\u00ebr burs\u00eb.<\/p>\n<p><strong>Diploma e BAC \u2013 e matur\u00ebs<\/strong><\/p>\n<p>Institucioni regjistron kandidat\u00ebt n\u00eb provimet e matur\u00ebs franceze. Provimet zhvillohen n\u00eb gjimnazin e atashimit t\u00eb EFIT, n\u00eb Rom\u00eb. Pas p\u00ebrfundimit t\u00eb provimeve, kandidatit i jepet nj\u00eb diplom\u00eb komb\u00ebtare franceze e matur\u00ebs dhe at\u00ebher\u00eb, n\u00ebse d\u00ebshiron, ai mund t\u00eb ndjek\u00eb studimet n\u00eb Franc\u00eb.<\/p>\n<\/p><\/div>\n<\/p><\/div>\n<\/p><\/div>\n<\/p><\/div>\n<\/div>\n<div class=\"blocsphotos blocsphotos--nocolor\" id=\"bloc_14_9\">\n<div class=\"container\">\n<div class=\"row\">\n<div class=\"col-6 col-md-3 mb-1 mb-md-0\">\n<div class=\"blocphoto\">\n\t\t\t\t\t<img decoding=\"async\" class=\"img-fluid img-rounded\" src=\"https:\/\/efitirana.com\/wp-content\/uploads\/2022\/05\/IMG_9680-270x310.jpg\" width=\"\" height=\"\" alt=\"\">\n\t\t\t\t<\/div>\n<\/p><\/div>\n<div class=\"col-6 col-md-3 mb-1 mb-md-0\">\n<div class=\"blocphoto\">\n\t\t\t\t\t<img decoding=\"async\" class=\"img-fluid img-rounded\" src=\"https:\/\/efitirana.com\/wp-content\/uploads\/2022\/05\/IMG_9754-270x310.jpg\" width=\"\" height=\"\" alt=\"\">\n\t\t\t\t<\/div>\n<\/p><\/div>\n<div class=\"col-6 col-md-3 mb-1 mb-md-0\">\n<div class=\"blocphoto\">\n\t\t\t\t\t<img decoding=\"async\" class=\"img-fluid img-rounded\" src=\"https:\/\/efitirana.com\/wp-content\/uploads\/2022\/05\/lycee-270x310.jpeg\" width=\"\" height=\"\" alt=\"\">\n\t\t\t\t<\/div>\n<\/p><\/div>\n<div class=\"col-6 col-md-3 mb-1 mb-md-0\">\n<div class=\"blocphoto\">\n\t\t\t\t\t<img decoding=\"async\" class=\"img-fluid img-rounded\" src=\"https:\/\/efitirana.com\/wp-content\/uploads\/2022\/05\/IMG_9684-270x310.jpg\" width=\"\" height=\"\" alt=\"\">\n\t\t\t\t<\/div>\n<\/p><\/div>\n<\/p><\/div>\n<\/p><\/div>\n<\/div>\n<div class=\"blocinfo blocinfo--color4\" id=\"bloc_10_10\">\n<div class=\"container\">\n<div class=\"row\">\n<div class=\"col-12 col-md-6\">\n<h2><span>Niseni t\u00eb ardhmen e tij q\u00eb sot!<\/span><\/h2>\n<p>Regjistrimet p\u00ebr vitin\u00a02024-2025 jan\u00eb hapur.<\/p>\n<p>\t\t\t\t<!-- Changer la classe de couleur du bouton en fonction de la couleur g\u00e9n\u00e9rale du bloc --><\/p>\n<div class=\"bloc_cta\" >\n\t<a href=\"https:\/\/efitirana.com\/wp-content\/uploads\/2024\/07\/Formulaire-d-inscription-24-25-FR.pdf\" title=\"Regjistrohuni\" target=\"\" class=\"mr-3 btn btn--color4\" rel=\"noopener\">Regjistrohuni<\/a> \t\t\t\t<\/div>\n<\/p><\/div>\n<\/p><\/div>\n<\/p><\/div>\n<\/div>\n","protected":false},"excerpt":{"rendered":"<p>GJIMNAZI T\u00eb regjistrohesh n\u00eb 9-vje\u00e7aren n\u00eb EFI t\u00eb Tiran\u00ebs GJIMNAZI N\u00eb ciklin e mes\u00ebm, m\u00ebsimi jepet nga m\u00ebsues p\u00ebrs\u00ebrit\u00ebs gjat\u00eb [&hellip;]<\/p>\n","protected":false},"author":4,"featured_media":0,"parent":9292,"menu_order":180,"comment_status":"closed","ping_status":"closed","template":"","meta":{"_acf_changed":false,"kdcopypost-origin-url":"","kdcopypost-origin-id":"","footnotes":""},"class_list":["post-9370","page","type-page","status-publish","hentry"],"acf":[],"yoast_head":"<!-- This site is optimized with the Yoast SEO plugin v26.6 - https:\/\/yoast.com\/wordpress\/plugins\/seo\/ -->\n<title>Gjimnazi - EFI Tirana<\/title>\n<meta name=\"robots\" content=\"index, follow, max-snippet:-1, max-image-preview:large, max-video-preview:-1\" \/>\n<link rel=\"canonical\" href=\"https:\/\/efitirana.com\/sq\/kurrikula-shkollore\/gjimnazi\/\" \/>\n<meta property=\"og:locale\" content=\"sq_AL\" \/>\n<meta property=\"og:type\" content=\"article\" \/>\n<meta property=\"og:title\" content=\"Gjimnazi - EFI Tirana\" \/>\n<meta property=\"og:description\" content=\"GJIMNAZI T\u00eb regjistrohesh n\u00eb 9-vje\u00e7aren n\u00eb EFI t\u00eb Tiran\u00ebs GJIMNAZI N\u00eb ciklin e mes\u00ebm, m\u00ebsimi jepet nga m\u00ebsues p\u00ebrs\u00ebrit\u00ebs gjat\u00eb [&hellip;]\" \/>\n<meta property=\"og:url\" content=\"https:\/\/efitirana.com\/sq\/kurrikula-shkollore\/gjimnazi\/\" \/>\n<meta property=\"og:site_name\" content=\"EFI Tirana\" \/>\n<meta property=\"article:modified_time\" content=\"2024-08-23T20:27:14+00:00\" \/>\n<meta property=\"og:image\" content=\"https:\/\/efitirana.com\/wp-content\/uploads\/2022\/05\/IMG_9680-270x310.jpg\" \/>\n<meta name=\"twitter:card\" content=\"summary_large_image\" \/>\n<meta name=\"twitter:label1\" content=\"Est. reading time\" \/>\n\t<meta name=\"twitter:data1\" content=\"3 minutes\" \/>\n<script type=\"application\/ld+json\" class=\"yoast-schema-graph\">{\"@context\":\"https:\/\/schema.org\",\"@graph\":[{\"@type\":\"WebPage\",\"@id\":\"https:\/\/efitirana.com\/sq\/kurrikula-shkollore\/gjimnazi\/\",\"url\":\"https:\/\/efitirana.com\/sq\/kurrikula-shkollore\/gjimnazi\/\",\"name\":\"Gjimnazi - EFI Tirana\",\"isPartOf\":{\"@id\":\"https:\/\/efitirana.com\/sq\/#website\"},\"primaryImageOfPage\":{\"@id\":\"https:\/\/efitirana.com\/sq\/kurrikula-shkollore\/gjimnazi\/#primaryimage\"},\"image\":{\"@id\":\"https:\/\/efitirana.com\/sq\/kurrikula-shkollore\/gjimnazi\/#primaryimage\"},\"thumbnailUrl\":\"https:\/\/efitirana.com\/wp-content\/uploads\/2022\/05\/IMG_9680-270x310.jpg\",\"datePublished\":\"2022-06-27T07:40:43+00:00\",\"dateModified\":\"2024-08-23T20:27:14+00:00\",\"breadcrumb\":{\"@id\":\"https:\/\/efitirana.com\/sq\/kurrikula-shkollore\/gjimnazi\/#breadcrumb\"},\"inLanguage\":\"sq-AL\",\"potentialAction\":[{\"@type\":\"ReadAction\",\"target\":[\"https:\/\/efitirana.com\/sq\/kurrikula-shkollore\/gjimnazi\/\"]}]},{\"@type\":\"ImageObject\",\"inLanguage\":\"sq-AL\",\"@id\":\"https:\/\/efitirana.com\/sq\/kurrikula-shkollore\/gjimnazi\/#primaryimage\",\"url\":\"https:\/\/efitirana.com\/wp-content\/uploads\/2022\/05\/IMG_9680-270x310.jpg\",\"contentUrl\":\"https:\/\/efitirana.com\/wp-content\/uploads\/2022\/05\/IMG_9680-270x310.jpg\"},{\"@type\":\"BreadcrumbList\",\"@id\":\"https:\/\/efitirana.com\/sq\/kurrikula-shkollore\/gjimnazi\/#breadcrumb\",\"itemListElement\":[{\"@type\":\"ListItem\",\"position\":1,\"name\":\"Accueil\",\"item\":\"https:\/\/efitirana.com\/sq\/\"},{\"@type\":\"ListItem\",\"position\":2,\"name\":\"Kurrikula shkollore\",\"item\":\"https:\/\/efitirana.com\/sq\/kurrikula-shkollore\/\"},{\"@type\":\"ListItem\",\"position\":3,\"name\":\"Gjimnazi\"}]},{\"@type\":\"WebSite\",\"@id\":\"https:\/\/efitirana.com\/sq\/#website\",\"url\":\"https:\/\/efitirana.com\/sq\/\",\"name\":\"EFI Tirana\",\"description\":\"EFI Tirana\",\"potentialAction\":[{\"@type\":\"SearchAction\",\"target\":{\"@type\":\"EntryPoint\",\"urlTemplate\":\"https:\/\/efitirana.com\/sq\/?s={search_term_string}\"},\"query-input\":{\"@type\":\"PropertyValueSpecification\",\"valueRequired\":true,\"valueName\":\"search_term_string\"}}],\"inLanguage\":\"sq-AL\"}]}<\/script>\n<!-- \/ Yoast SEO plugin. -->","yoast_head_json":{"title":"Gjimnazi - EFI Tirana","robots":{"index":"index","follow":"follow","max-snippet":"max-snippet:-1","max-image-preview":"max-image-preview:large","max-video-preview":"max-video-preview:-1"},"canonical":"https:\/\/efitirana.com\/sq\/kurrikula-shkollore\/gjimnazi\/","og_locale":"sq_AL","og_type":"article","og_title":"Gjimnazi - EFI Tirana","og_description":"GJIMNAZI T\u00eb regjistrohesh n\u00eb 9-vje\u00e7aren n\u00eb EFI t\u00eb Tiran\u00ebs GJIMNAZI N\u00eb ciklin e mes\u00ebm, m\u00ebsimi jepet nga m\u00ebsues p\u00ebrs\u00ebrit\u00ebs gjat\u00eb [&hellip;]","og_url":"https:\/\/efitirana.com\/sq\/kurrikula-shkollore\/gjimnazi\/","og_site_name":"EFI Tirana","article_modified_time":"2024-08-23T20:27:14+00:00","og_image":[{"url":"https:\/\/efitirana.com\/wp-content\/uploads\/2022\/05\/IMG_9680-270x310.jpg","type":"","width":"","height":""}],"twitter_card":"summary_large_image","twitter_misc":{"Est. reading time":"3 minutes"},"schema":{"@context":"https:\/\/schema.org","@graph":[{"@type":"WebPage","@id":"https:\/\/efitirana.com\/sq\/kurrikula-shkollore\/gjimnazi\/","url":"https:\/\/efitirana.com\/sq\/kurrikula-shkollore\/gjimnazi\/","name":"Gjimnazi - EFI Tirana","isPartOf":{"@id":"https:\/\/efitirana.com\/sq\/#website"},"primaryImageOfPage":{"@id":"https:\/\/efitirana.com\/sq\/kurrikula-shkollore\/gjimnazi\/#primaryimage"},"image":{"@id":"https:\/\/efitirana.com\/sq\/kurrikula-shkollore\/gjimnazi\/#primaryimage"},"thumbnailUrl":"https:\/\/efitirana.com\/wp-content\/uploads\/2022\/05\/IMG_9680-270x310.jpg","datePublished":"2022-06-27T07:40:43+00:00","dateModified":"2024-08-23T20:27:14+00:00","breadcrumb":{"@id":"https:\/\/efitirana.com\/sq\/kurrikula-shkollore\/gjimnazi\/#breadcrumb"},"inLanguage":"sq-AL","potentialAction":[{"@type":"ReadAction","target":["https:\/\/efitirana.com\/sq\/kurrikula-shkollore\/gjimnazi\/"]}]},{"@type":"ImageObject","inLanguage":"sq-AL","@id":"https:\/\/efitirana.com\/sq\/kurrikula-shkollore\/gjimnazi\/#primaryimage","url":"https:\/\/efitirana.com\/wp-content\/uploads\/2022\/05\/IMG_9680-270x310.jpg","contentUrl":"https:\/\/efitirana.com\/wp-content\/uploads\/2022\/05\/IMG_9680-270x310.jpg"},{"@type":"BreadcrumbList","@id":"https:\/\/efitirana.com\/sq\/kurrikula-shkollore\/gjimnazi\/#breadcrumb","itemListElement":[{"@type":"ListItem","position":1,"name":"Accueil","item":"https:\/\/efitirana.com\/sq\/"},{"@type":"ListItem","position":2,"name":"Kurrikula shkollore","item":"https:\/\/efitirana.com\/sq\/kurrikula-shkollore\/"},{"@type":"ListItem","position":3,"name":"Gjimnazi"}]},{"@type":"WebSite","@id":"https:\/\/efitirana.com\/sq\/#website","url":"https:\/\/efitirana.com\/sq\/","name":"EFI Tirana","description":"EFI Tirana","potentialAction":[{"@type":"SearchAction","target":{"@type":"EntryPoint","urlTemplate":"https:\/\/efitirana.com\/sq\/?s={search_term_string}"},"query-input":{"@type":"PropertyValueSpecification","valueRequired":true,"valueName":"search_term_string"}}],"inLanguage":"sq-AL"}]}},"_links":{"self":[{"href":"https:\/\/efitirana.com\/sq\/wp-json\/wp\/v2\/pages\/9370","targetHints":{"allow":["GET"]}}],"collection":[{"href":"https:\/\/efitirana.com\/sq\/wp-json\/wp\/v2\/pages"}],"about":[{"href":"https:\/\/efitirana.com\/sq\/wp-json\/wp\/v2\/types\/page"}],"author":[{"embeddable":true,"href":"https:\/\/efitirana.com\/sq\/wp-json\/wp\/v2\/users\/4"}],"replies":[{"embeddable":true,"href":"https:\/\/efitirana.com\/sq\/wp-json\/wp\/v2\/comments?post=9370"}],"version-history":[{"count":7,"href":"https:\/\/efitirana.com\/sq\/wp-json\/wp\/v2\/pages\/9370\/revisions"}],"predecessor-version":[{"id":11316,"href":"https:\/\/efitirana.com\/sq\/wp-json\/wp\/v2\/pages\/9370\/revisions\/11316"}],"up":[{"embeddable":true,"href":"https:\/\/efitirana.com\/sq\/wp-json\/wp\/v2\/pages\/9292"}],"wp:attachment":[{"href":"https:\/\/efitirana.com\/sq\/wp-json\/wp\/v2\/media?parent=9370"}],"curies":[{"name":"wp","href":"https:\/\/api.w.org\/{rel}","templated":true}]}}