{"id":9418,"date":"2022-06-27T09:43:10","date_gmt":"2022-06-27T07:43:10","guid":{"rendered":"https:\/\/efitira.agencebisart.com\/informations-pratiques\/calendrier-rythme-scolaire\/"},"modified":"2025-11-25T09:33:32","modified_gmt":"2025-11-25T08:33:32","slug":"calendrier-rythme-scolaire","status":"publish","type":"page","link":"https:\/\/efitirana.com\/sq\/informacione\/calendrier-rythme-scolaire\/","title":{"rendered":"Kalendari &#038; ritmi shkollor"},"content":{"rendered":"<p>\t\t\t\t<!-- avec ou sans CTA : m\u00eame code, \u00e7a centre verticalement le texte --><\/p>\n<div class=\"smallheader\" id=\"bloc_small_header_6\">\n<style type=\"text\/css\">\n\t\t\t\t\t\t\t#bloc_small_header_6 {background-image: url(https:\/\/efitirana.com\/wp-content\/uploads\/2022\/05\/HEADER_10-610x268.jpg);}\n\t\t\t\t\t\t\t@media (min-width: 480px) {\t#bloc_small_header_6 {background-image: url(https:\/\/efitirana.com\/wp-content\/uploads\/2022\/05\/HEADER_10-610x268.jpg);}}\n\t\t\t\t\t\t\t@media (min-width: 768px) {\t#bloc_small_header_6 {background-image: url(https:\/\/efitirana.com\/wp-content\/uploads\/2022\/05\/HEADER_10-1024x214.jpg);}}\n\t\t\t\t\t\t\t@media (min-width: 992px) { #bloc_small_header_6 {background-image: url(https:\/\/efitirana.com\/wp-content\/uploads\/2022\/05\/HEADER_10-1024x214.jpg);}}\n\t\t\t\t\t\t\t@media (min-width: 1200px) { #bloc_small_header_6 {background-image: url(https:\/\/efitirana.com\/wp-content\/uploads\/2022\/05\/HEADER_10.jpg);}}\n\t\t\t\t\t\t<\/style>\n<div class=\"container d-flex flex-column justify-content-center align-items-start\">\n<h1><span>KALENDARI &#038; RITMI SHKOLLOR<\/span><\/h1>\n<\/p><\/div>\n<\/p><\/div>\n<div class=\"bloc_ctas bloc_cta container pt-2 pb-2 text-right\" id=\"bloc_ctas_7\">\n<div class=\"btns\">\t<a href=\"https:\/\/efitirana.com\/wp-content\/uploads\/2025\/11\/Calendrier-scolaire-2025-2026-1-1.pdf\" title=\"Kalendari shkollor 2025-2026\" target=\"_blank\" class=\" ml-1   mr-1  btn btn--color2\">Kalendari shkollor 2025-2026<\/a> <\/div>\n<\/p><\/div>\n<div class=\"bloctext bloctext--nocolor bloctext--haspattern\" id=\"bloc_6_8\">\n<div class=\"container\">\n<div class=\"row\">\n<div class=\"col-12 col-lg-4 col-xl-3 mb-1\">\n<h2><span>Organizimi i dit\u00ebs<\/span><\/h2>\n<\/p><\/div>\n<div class=\"col-12 col-lg-8 col-xl-9\">\n<div class=\"text pl-lg-4\">\n<p>P\u00ebr nx\u00ebn\u00ebsit e kopshtit dhe t\u00eb shkoll\u00ebs fillore, or\u00ebt shp\u00ebrndahen n\u00eb <strong>9 gjysm\u00eb-dite<\/strong>:<\/p>\n<ul>\n<li>4 dit\u00eb t\u00eb plota: e h\u00ebn\u00eb, e mart\u00eb, e m\u00ebrkur\u00eb, e enjte<\/li>\n<li>1\u00a0paradite: e premte<\/li>\n<\/ul>\n<p>P\u00ebr t\u00eb gjitha klasat, dit\u00ebt fillojn\u00eb n\u00eb or\u00ebn 8:30 dhe mbyllen n\u00eb or\u00ebn 15:30. T\u00eb m\u00ebrkur\u00ebn, gjysm\u00eb-dita mbyllet n\u00eb or\u00ebn 12:30.<\/p>\n<p>Gjat\u00eb paradites, organizohet nj\u00eb pushim prej 20\u00a0minutash n\u00eb orare leht\u00ebsisht t\u00eb ndryshuara: midis or\u00ebs 10:00 dhe or\u00ebs 10:30 paradite.<\/p>\n<p>Paraditet e m\u00ebsimeve p\u00ebrfundojn\u00eb, sipas moshave, midis or\u00ebs 11:30 dhe 12:00 dhe ndiqen nga nj\u00eb pushim i mesdit\u00ebs 1\u00a0or\u00eb e 15\u00a0minuta.<\/p>\n<p>N\u00eb Grupin e Vog\u00ebl dhe t\u00eb Mes\u00ebm t\u00eb kopshtit (3 dhe 4\u00a0vje\u00e7), organizohet nj\u00eb koh\u00eb pushimi n\u00eb fillim t\u00eb pasdites. Ajo kufizohet n\u00eb 1\u00a0or\u00eb ose 1\u00a0or\u00eb e 15\u00a0minuta sipas moshave dhe nevojave t\u00eb ve\u00e7anta t\u00eb \u00e7do f\u00ebmije.<\/p>\n<\/p><\/div>\n<\/p><\/div>\n<\/p><\/div>\n<\/p><\/div>\n<\/div>\n<div class=\"blocsphotos blocsphotos--nocolor\" id=\"bloc_14_9\">\n<div class=\"container\">\n<div class=\"row\">\n<div class=\"col-6 col-md-3 mb-1 mb-md-0\">\n<div class=\"blocphoto\">\n\t\t\t\t\t<img decoding=\"async\" class=\"img-fluid img-rounded\" src=\"https:\/\/efitirana.com\/wp-content\/uploads\/2022\/05\/IMG_9785-270x310.jpg\" width=\"\" height=\"\" alt=\"\">\n\t\t\t\t<\/div>\n<\/p><\/div>\n<div class=\"col-6 col-md-3 mb-1 mb-md-0\">\n<div class=\"blocphoto\">\n\t\t\t\t\t<img decoding=\"async\" class=\"img-fluid img-rounded\" src=\"https:\/\/efitirana.com\/wp-content\/uploads\/2022\/05\/240668246_4381902358559896_3587647827834590921_n-270x310.jpeg\" width=\"\" height=\"\" alt=\"\">\n\t\t\t\t<\/div>\n<\/p><\/div>\n<div class=\"col-6 col-md-3 mb-1 mb-md-0\">\n<div class=\"blocphoto\">\n\t\t\t\t\t<img decoding=\"async\" class=\"img-fluid img-rounded\" src=\"https:\/\/efitirana.com\/wp-content\/uploads\/2022\/05\/157284165_3853592208057583_107120372769713890_n-270x310.jpeg\" width=\"\" height=\"\" alt=\"\">\n\t\t\t\t<\/div>\n<\/p><\/div>\n<div class=\"col-6 col-md-3 mb-1 mb-md-0\">\n<div class=\"blocphoto\">\n\t\t\t\t\t<img decoding=\"async\" class=\"img-fluid img-rounded\" src=\"https:\/\/efitirana.com\/wp-content\/uploads\/2022\/05\/lycee-270x310.jpeg\" width=\"\" height=\"\" alt=\"\">\n\t\t\t\t<\/div>\n<\/p><\/div>\n<\/p><\/div>\n<\/p><\/div>\n<\/div>\n<div class=\"blocinfo blocinfo--color4\" id=\"bloc_10_10\">\n<div class=\"container\">\n<div class=\"row\">\n<div class=\"col-12 col-md-6\">\n<h2><span>Keni nevoj\u00eb p\u00ebr m\u00eb shum\u00eb informacion?<\/span><\/h2>\n<p>Ekipi i zyr\u00ebs s\u00eb regjistrimeve \u00ebsht\u00eb n\u00eb dispozicionin tuaj p\u00ebr t\u2019iu p\u00ebrgjigjur t\u00eb gjitha pyetjeve tuaja.<\/p>\n<p>\t\t\t\t<!-- Changer la classe de couleur du bouton en fonction de la couleur g\u00e9n\u00e9rale du bloc --><\/p>\n<div class=\"bloc_cta\" >\n\t<a href=\"https:\/\/efitirana.com\/sq\/na-kontaktoni\/\" title=\"Na kontaktoni\" target=\"\" class=\"mr-3 btn btn--color4\">Na kontaktoni<\/a> \t\t\t\t<\/div>\n<\/p><\/div>\n<\/p><\/div>\n<\/p><\/div>\n<\/div>\n","protected":false},"excerpt":{"rendered":"<p>KALENDARI &#038; RITMI SHKOLLOR Kalendari shkollor 2025-2026 Organizimi i dit\u00ebs P\u00ebr nx\u00ebn\u00ebsit e kopshtit dhe t\u00eb shkoll\u00ebs fillore, or\u00ebt shp\u00ebrndahen [&hellip;]<\/p>\n","protected":false},"author":4,"featured_media":0,"parent":9400,"menu_order":240,"comment_status":"closed","ping_status":"closed","template":"","meta":{"_acf_changed":false,"kdcopypost-origin-url":"","kdcopypost-origin-id":"","footnotes":""},"class_list":["post-9418","page","type-page","status-publish","hentry"],"acf":[],"yoast_head":"<!-- This site is optimized with the Yoast SEO plugin v26.6 - https:\/\/yoast.com\/wordpress\/plugins\/seo\/ -->\n<title>Kalendari &amp; ritmi shkollor - EFI Tirana<\/title>\n<meta name=\"robots\" content=\"index, follow, max-snippet:-1, max-image-preview:large, max-video-preview:-1\" \/>\n<link rel=\"canonical\" href=\"https:\/\/efitirana.com\/sq\/informacione\/calendrier-rythme-scolaire\/\" \/>\n<meta property=\"og:locale\" content=\"sq_AL\" \/>\n<meta property=\"og:type\" content=\"article\" \/>\n<meta property=\"og:title\" content=\"Kalendari &amp; ritmi shkollor - EFI Tirana\" \/>\n<meta property=\"og:description\" content=\"KALENDARI &#038; RITMI SHKOLLOR Kalendari shkollor 2025-2026 Organizimi i dit\u00ebs P\u00ebr nx\u00ebn\u00ebsit e kopshtit dhe t\u00eb shkoll\u00ebs fillore, or\u00ebt shp\u00ebrndahen [&hellip;]\" \/>\n<meta property=\"og:url\" content=\"https:\/\/efitirana.com\/sq\/informacione\/calendrier-rythme-scolaire\/\" \/>\n<meta property=\"og:site_name\" content=\"EFI Tirana\" \/>\n<meta property=\"article:modified_time\" content=\"2025-11-25T08:33:32+00:00\" \/>\n<meta property=\"og:image\" content=\"https:\/\/efitirana.com\/wp-content\/uploads\/2022\/05\/IMG_9785-270x310.jpg\" \/>\n<meta name=\"twitter:card\" content=\"summary_large_image\" \/>\n<meta name=\"twitter:label1\" content=\"Est. reading time\" \/>\n\t<meta name=\"twitter:data1\" content=\"4 minutes\" \/>\n<script type=\"application\/ld+json\" class=\"yoast-schema-graph\">{\"@context\":\"https:\/\/schema.org\",\"@graph\":[{\"@type\":\"WebPage\",\"@id\":\"https:\/\/efitirana.com\/sq\/informacione\/calendrier-rythme-scolaire\/\",\"url\":\"https:\/\/efitirana.com\/sq\/informacione\/calendrier-rythme-scolaire\/\",\"name\":\"Kalendari & ritmi shkollor - EFI Tirana\",\"isPartOf\":{\"@id\":\"https:\/\/efitirana.com\/sq\/#website\"},\"primaryImageOfPage\":{\"@id\":\"https:\/\/efitirana.com\/sq\/informacione\/calendrier-rythme-scolaire\/#primaryimage\"},\"image\":{\"@id\":\"https:\/\/efitirana.com\/sq\/informacione\/calendrier-rythme-scolaire\/#primaryimage\"},\"thumbnailUrl\":\"https:\/\/efitirana.com\/wp-content\/uploads\/2022\/05\/IMG_9785-270x310.jpg\",\"datePublished\":\"2022-06-27T07:43:10+00:00\",\"dateModified\":\"2025-11-25T08:33:32+00:00\",\"breadcrumb\":{\"@id\":\"https:\/\/efitirana.com\/sq\/informacione\/calendrier-rythme-scolaire\/#breadcrumb\"},\"inLanguage\":\"sq-AL\",\"potentialAction\":[{\"@type\":\"ReadAction\",\"target\":[\"https:\/\/efitirana.com\/sq\/informacione\/calendrier-rythme-scolaire\/\"]}]},{\"@type\":\"ImageObject\",\"inLanguage\":\"sq-AL\",\"@id\":\"https:\/\/efitirana.com\/sq\/informacione\/calendrier-rythme-scolaire\/#primaryimage\",\"url\":\"https:\/\/efitirana.com\/wp-content\/uploads\/2022\/05\/IMG_9785-270x310.jpg\",\"contentUrl\":\"https:\/\/efitirana.com\/wp-content\/uploads\/2022\/05\/IMG_9785-270x310.jpg\"},{\"@type\":\"BreadcrumbList\",\"@id\":\"https:\/\/efitirana.com\/sq\/informacione\/calendrier-rythme-scolaire\/#breadcrumb\",\"itemListElement\":[{\"@type\":\"ListItem\",\"position\":1,\"name\":\"Accueil\",\"item\":\"https:\/\/efitirana.com\/sq\/\"},{\"@type\":\"ListItem\",\"position\":2,\"name\":\"Informacione\",\"item\":\"https:\/\/efitirana.com\/sq\/informacione\/\"},{\"@type\":\"ListItem\",\"position\":3,\"name\":\"Kalendari &#038; ritmi shkollor\"}]},{\"@type\":\"WebSite\",\"@id\":\"https:\/\/efitirana.com\/sq\/#website\",\"url\":\"https:\/\/efitirana.com\/sq\/\",\"name\":\"EFI Tirana\",\"description\":\"EFI Tirana\",\"potentialAction\":[{\"@type\":\"SearchAction\",\"target\":{\"@type\":\"EntryPoint\",\"urlTemplate\":\"https:\/\/efitirana.com\/sq\/?s={search_term_string}\"},\"query-input\":{\"@type\":\"PropertyValueSpecification\",\"valueRequired\":true,\"valueName\":\"search_term_string\"}}],\"inLanguage\":\"sq-AL\"}]}<\/script>\n<!-- \/ Yoast SEO plugin. -->","yoast_head_json":{"title":"Kalendari & ritmi shkollor - EFI Tirana","robots":{"index":"index","follow":"follow","max-snippet":"max-snippet:-1","max-image-preview":"max-image-preview:large","max-video-preview":"max-video-preview:-1"},"canonical":"https:\/\/efitirana.com\/sq\/informacione\/calendrier-rythme-scolaire\/","og_locale":"sq_AL","og_type":"article","og_title":"Kalendari & ritmi shkollor - EFI Tirana","og_description":"KALENDARI &#038; RITMI SHKOLLOR Kalendari shkollor 2025-2026 Organizimi i dit\u00ebs P\u00ebr nx\u00ebn\u00ebsit e kopshtit dhe t\u00eb shkoll\u00ebs fillore, or\u00ebt shp\u00ebrndahen [&hellip;]","og_url":"https:\/\/efitirana.com\/sq\/informacione\/calendrier-rythme-scolaire\/","og_site_name":"EFI Tirana","article_modified_time":"2025-11-25T08:33:32+00:00","og_image":[{"url":"https:\/\/efitirana.com\/wp-content\/uploads\/2022\/05\/IMG_9785-270x310.jpg","type":"","width":"","height":""}],"twitter_card":"summary_large_image","twitter_misc":{"Est. reading time":"4 minutes"},"schema":{"@context":"https:\/\/schema.org","@graph":[{"@type":"WebPage","@id":"https:\/\/efitirana.com\/sq\/informacione\/calendrier-rythme-scolaire\/","url":"https:\/\/efitirana.com\/sq\/informacione\/calendrier-rythme-scolaire\/","name":"Kalendari & ritmi shkollor - EFI Tirana","isPartOf":{"@id":"https:\/\/efitirana.com\/sq\/#website"},"primaryImageOfPage":{"@id":"https:\/\/efitirana.com\/sq\/informacione\/calendrier-rythme-scolaire\/#primaryimage"},"image":{"@id":"https:\/\/efitirana.com\/sq\/informacione\/calendrier-rythme-scolaire\/#primaryimage"},"thumbnailUrl":"https:\/\/efitirana.com\/wp-content\/uploads\/2022\/05\/IMG_9785-270x310.jpg","datePublished":"2022-06-27T07:43:10+00:00","dateModified":"2025-11-25T08:33:32+00:00","breadcrumb":{"@id":"https:\/\/efitirana.com\/sq\/informacione\/calendrier-rythme-scolaire\/#breadcrumb"},"inLanguage":"sq-AL","potentialAction":[{"@type":"ReadAction","target":["https:\/\/efitirana.com\/sq\/informacione\/calendrier-rythme-scolaire\/"]}]},{"@type":"ImageObject","inLanguage":"sq-AL","@id":"https:\/\/efitirana.com\/sq\/informacione\/calendrier-rythme-scolaire\/#primaryimage","url":"https:\/\/efitirana.com\/wp-content\/uploads\/2022\/05\/IMG_9785-270x310.jpg","contentUrl":"https:\/\/efitirana.com\/wp-content\/uploads\/2022\/05\/IMG_9785-270x310.jpg"},{"@type":"BreadcrumbList","@id":"https:\/\/efitirana.com\/sq\/informacione\/calendrier-rythme-scolaire\/#breadcrumb","itemListElement":[{"@type":"ListItem","position":1,"name":"Accueil","item":"https:\/\/efitirana.com\/sq\/"},{"@type":"ListItem","position":2,"name":"Informacione","item":"https:\/\/efitirana.com\/sq\/informacione\/"},{"@type":"ListItem","position":3,"name":"Kalendari &#038; ritmi shkollor"}]},{"@type":"WebSite","@id":"https:\/\/efitirana.com\/sq\/#website","url":"https:\/\/efitirana.com\/sq\/","name":"EFI Tirana","description":"EFI Tirana","potentialAction":[{"@type":"SearchAction","target":{"@type":"EntryPoint","urlTemplate":"https:\/\/efitirana.com\/sq\/?s={search_term_string}"},"query-input":{"@type":"PropertyValueSpecification","valueRequired":true,"valueName":"search_term_string"}}],"inLanguage":"sq-AL"}]}},"_links":{"self":[{"href":"https:\/\/efitirana.com\/sq\/wp-json\/wp\/v2\/pages\/9418","targetHints":{"allow":["GET"]}}],"collection":[{"href":"https:\/\/efitirana.com\/sq\/wp-json\/wp\/v2\/pages"}],"about":[{"href":"https:\/\/efitirana.com\/sq\/wp-json\/wp\/v2\/types\/page"}],"author":[{"embeddable":true,"href":"https:\/\/efitirana.com\/sq\/wp-json\/wp\/v2\/users\/4"}],"replies":[{"embeddable":true,"href":"https:\/\/efitirana.com\/sq\/wp-json\/wp\/v2\/comments?post=9418"}],"version-history":[{"count":13,"href":"https:\/\/efitirana.com\/sq\/wp-json\/wp\/v2\/pages\/9418\/revisions"}],"predecessor-version":[{"id":12290,"href":"https:\/\/efitirana.com\/sq\/wp-json\/wp\/v2\/pages\/9418\/revisions\/12290"}],"up":[{"embeddable":true,"href":"https:\/\/efitirana.com\/sq\/wp-json\/wp\/v2\/pages\/9400"}],"wp:attachment":[{"href":"https:\/\/efitirana.com\/sq\/wp-json\/wp\/v2\/media?parent=9418"}],"curies":[{"name":"wp","href":"https:\/\/api.w.org\/{rel}","templated":true}]}}