{"id":9436,"date":"2022-06-27T09:43:53","date_gmt":"2022-06-27T07:43:53","guid":{"rendered":"https:\/\/efitira.agencebisart.com\/informations-pratiques\/services\/transports-scolaires\/"},"modified":"2023-10-11T15:20:12","modified_gmt":"2023-10-11T13:20:12","slug":"transporti-shkollor","status":"publish","type":"page","link":"https:\/\/efitirana.com\/sq\/informacione\/sherbimet\/transporti-shkollor\/","title":{"rendered":"Transporti shkollor"},"content":{"rendered":"<p>\t\t\t\t<!-- avec ou sans CTA : m\u00eame code, \u00e7a centre verticalement le texte --><\/p>\n<div class=\"smallheader\" id=\"bloc_small_header_6\">\n<style type=\"text\/css\">\n\t\t\t\t\t\t\t#bloc_small_header_6 {background-image: url(https:\/\/efitirana.com\/wp-content\/uploads\/2022\/05\/HEADER_2-610x268.jpg);}\n\t\t\t\t\t\t\t@media (min-width: 480px) {\t#bloc_small_header_6 {background-image: url(https:\/\/efitirana.com\/wp-content\/uploads\/2022\/05\/HEADER_2-610x268.jpg);}}\n\t\t\t\t\t\t\t@media (min-width: 768px) {\t#bloc_small_header_6 {background-image: url(https:\/\/efitirana.com\/wp-content\/uploads\/2022\/05\/HEADER_2-1024x214.jpg);}}\n\t\t\t\t\t\t\t@media (min-width: 992px) { #bloc_small_header_6 {background-image: url(https:\/\/efitirana.com\/wp-content\/uploads\/2022\/05\/HEADER_2-1024x214.jpg);}}\n\t\t\t\t\t\t\t@media (min-width: 1200px) { #bloc_small_header_6 {background-image: url(https:\/\/efitirana.com\/wp-content\/uploads\/2022\/05\/HEADER_2.jpg);}}\n\t\t\t\t\t\t<\/style>\n<div class=\"container d-flex flex-column justify-content-center align-items-start\">\n<h2><span>Transporti shkollor<\/span><\/h2>\n<\/p><\/div>\n<\/p><\/div>\n<div class=\"bloctext bloctext--nocolor bloctext--haspattern\" id=\"bloc_6_7\">\n<div class=\"container\">\n<div class=\"row\">\n<div class=\"col-12 col-lg-4 col-xl-3 mb-1\">\n<h2><span>Transporti shkollor<\/span><\/h2>\n<\/p><\/div>\n<div class=\"col-12 col-lg-8 col-xl-9\">\n<div class=\"text pl-lg-4\">\n<p>EFIT organizon sh\u00ebrbimin e transportit shkollor p\u00ebr nx\u00ebn\u00ebsit nga \u00e7erdhja (3 vje\u00e7) n\u00eb shkoll\u00ebn e mesme.<br \/>\n\u00c7do m\u00ebngjes autobusi i merr f\u00ebmij\u00ebt para sht\u00ebpis\u00eb dhe i l\u00eb n\u00eb hyrje t\u00eb shkoll\u00ebs. Pasdite autobusi i \u00e7on f\u00ebmij\u00ebt n\u00eb sht\u00ebpi.<\/p>\n<p>Sh\u00ebrbimi funksionon me mikrobus\u00eb nga 7 deri n\u00eb 20 vende. Makinat jan\u00eb me aj\u00ebr t\u00eb kondicionuar dhe \u00e7do sedilje ka nj\u00eb rrip sigurie. Ne synojm\u00eb t\u00eb kemi t\u00eb nj\u00ebjtin shofer p\u00ebr \u00e7do autobus p\u00ebr t\u00eb gjith\u00eb vitin shkollor.<\/p>\n<ul>\n<li>Regjistrimi p\u00ebr sh\u00ebrbimin e transportit shkollor \u00ebsht\u00eb vjetor.<\/li>\n<li>Pasdite, nj\u00eb punonj\u00ebs i shkoll\u00ebs i ndihmon f\u00ebmij\u00ebt kur largohen. Autobus\u00ebt nisen nga shkolla n\u00eb or\u00ebn 15:35-15:40.<\/li>\n<li>Ekziston mund\u00ebsia p\u00ebr t\u00eb marr\u00eb autobus\u00eb vajtje-ardhje ose thjesht p\u00ebr t\u00eb vajtur ose per tu kthyer.<\/li>\n<li>Koordinatoria yn\u00eb flet shqip, fr\u00ebngjisht italisht dhe anglisht dhe \u00ebsht\u00eb n\u00eb dispozicion p\u00ebr t&#8217;iu p\u00ebrgjigjur pyetjeve tuaja ose p\u00ebr t\u00eb gjetur zgjidhje p\u00ebr probleme t\u00eb papritura.<\/li>\n<li>Drejtuesit e autobus\u00ebve shkollor\u00eb kan\u00eb p\u00ebrvoj\u00eb ne kete fush\u00eb<\/li>\n<\/ul><\/div>\n<\/p><\/div>\n<\/p><\/div>\n<\/p><\/div>\n<\/div>\n<div class=\"bloctext bloctext--color2 bloctext--haspattern\" id=\"bloc_6_8\">\n<div class=\"container\">\n<div class=\"row\">\n<div class=\"col-12 col-lg-4 col-xl-3 mb-1\">\n<h2><span>SIGURIA DHE REHATIA <\/span><\/h2>\n<\/p><\/div>\n<div class=\"col-12 col-lg-8 col-xl-9\">\n<div class=\"text pl-lg-4\">\n<p>Taksit\u00eb jan\u00eb t\u00eb pajisura me airbag, me mbyllje automatike t\u00eb dyerve kur automjeti \u00ebsht\u00eb n\u00eb l\u00ebvizje, si dhe me nj\u00eb sistem gjeolokalizimi p\u00ebr t\u00eb garantuar sigurin\u00eb e f\u00ebmij\u00ebve tuaj, si dhe rehatin\u00eb e tyre.<\/p>\n<p>Ne e dim\u00eb se \u00e7far\u00eb p\u00ebrfaq\u00ebsojn\u00eb p\u00ebr ju f\u00ebmij\u00ebt tuaj, prandaj veprojm\u00eb n\u00eb m\u00ebnyr\u00eb t\u00eb till\u00eb q\u00eb p\u00ebrvoja e tyre t\u00eb jet\u00eb e k\u00ebndshme dhe q\u00eb ata t\u00eb mund t\u00eb mb\u00ebrrijn\u00eb n\u00eb shkoll\u00eb me d\u00ebshir\u00ebn m\u00eb t\u00eb mir\u00eb.<\/p>\n<\/p><\/div>\n<\/p><\/div>\n<\/p><\/div>\n<\/p><\/div>\n<\/div>\n<div class=\"bloctext bloctext--nocolor bloctext--haspattern\" id=\"bloc_6_9\">\n<div class=\"container\">\n<div class=\"row\">\n<div class=\"col-12 col-lg-4 col-xl-3 mb-1\">\n<h2><span>Informacione<\/span><\/h2>\n<\/p><\/div>\n<div class=\"col-12 col-lg-8 col-xl-9\">\n<div class=\"text pl-lg-4\">\n<p>P\u00ebr m\u00eb shum\u00eb informacione mund t\u00eb kontaktoni administrat\u00ebn e EFIT me post\u00eb\u00a0elektronike: <a href=\"mailto:info@efit.edu.al\">info@efit.edu.al<\/a> ose me telefon: 069\u00a060\u00a047\u00a0557<\/p>\n<p><a href=\"https:\/\/efit.edu.al\/wp-content\/uploads\/2016\/10\/fiche-transport-scolaire.doc\">SH\u00cbRBIMI I TRANSPORTIT SHKOLLOR<\/a><\/p>\n<p>Ju mund t\u00eb telefononi drejtp\u00ebrdrejt nj\u00ebrin prej operator\u00ebve t\u00eb shoq\u00ebris\u00eb City Taxi n\u00eb numrin: 069\u00a099\u00a099\u00a0111<\/p>\n<\/p><\/div>\n<\/p><\/div>\n<\/p><\/div>\n<\/p><\/div>\n<\/div>\n<div class=\"blocinfo blocinfo--color4\" id=\"bloc_10_10\">\n<div class=\"container\">\n<div class=\"row\">\n<div class=\"col-12 col-md-6\">\n<h2><span>P\u00ebr \u00e7do informacion shtes\u00eb<\/span><\/h2>\n<p>mund t\u00eb d\u00ebrgoni nj\u00eb email n\u00eb: info@efit.edu.al<\/p>\n<p>\t\t\t\t<!-- Changer la classe de couleur du bouton en fonction de la couleur g\u00e9n\u00e9rale du bloc --><\/p>\n<div class=\"bloc_cta\" >\n\t<a href=\"mailto:info@efit.edu.al\" title=\"Na kontaktoni\" target=\"\" class=\"mr-3 btn btn--color4\" rel=\"noopener\">Na kontaktoni<\/a> \t\t\t\t<\/div>\n<\/p><\/div>\n<\/p><\/div>\n<\/p><\/div>\n<\/div>\n","protected":false},"excerpt":{"rendered":"<p>Transporti shkollor Transporti shkollor EFIT organizon sh\u00ebrbimin e transportit shkollor p\u00ebr nx\u00ebn\u00ebsit nga \u00e7erdhja (3 vje\u00e7) n\u00eb shkoll\u00ebn e mesme. [&hellip;]<\/p>\n","protected":false},"author":4,"featured_media":0,"parent":9426,"menu_order":260,"comment_status":"closed","ping_status":"closed","template":"","meta":{"_acf_changed":false,"kdcopypost-origin-url":"","kdcopypost-origin-id":"","footnotes":""},"class_list":["post-9436","page","type-page","status-publish","hentry"],"acf":[],"yoast_head":"<!-- This site is optimized with the Yoast SEO plugin v26.6 - https:\/\/yoast.com\/wordpress\/plugins\/seo\/ -->\n<title>Transporti shkollor - EFI Tirana<\/title>\n<meta name=\"robots\" content=\"index, follow, max-snippet:-1, max-image-preview:large, max-video-preview:-1\" \/>\n<link rel=\"canonical\" href=\"https:\/\/efitirana.com\/sq\/informacione\/sherbimet\/transporti-shkollor\/\" \/>\n<meta property=\"og:locale\" content=\"sq_AL\" \/>\n<meta property=\"og:type\" content=\"article\" \/>\n<meta property=\"og:title\" content=\"Transporti shkollor - EFI Tirana\" \/>\n<meta property=\"og:description\" content=\"Transporti shkollor Transporti shkollor EFIT organizon sh\u00ebrbimin e transportit shkollor p\u00ebr nx\u00ebn\u00ebsit nga \u00e7erdhja (3 vje\u00e7) n\u00eb shkoll\u00ebn e mesme. [&hellip;]\" \/>\n<meta property=\"og:url\" content=\"https:\/\/efitirana.com\/sq\/informacione\/sherbimet\/transporti-shkollor\/\" \/>\n<meta property=\"og:site_name\" content=\"EFI Tirana\" \/>\n<meta property=\"article:modified_time\" content=\"2023-10-11T13:20:12+00:00\" \/>\n<meta name=\"twitter:card\" content=\"summary_large_image\" \/>\n<meta name=\"twitter:label1\" content=\"Est. reading time\" \/>\n\t<meta name=\"twitter:data1\" content=\"2 minutes\" \/>\n<script type=\"application\/ld+json\" class=\"yoast-schema-graph\">{\"@context\":\"https:\/\/schema.org\",\"@graph\":[{\"@type\":\"WebPage\",\"@id\":\"https:\/\/efitirana.com\/sq\/informacione\/sherbimet\/transporti-shkollor\/\",\"url\":\"https:\/\/efitirana.com\/sq\/informacione\/sherbimet\/transporti-shkollor\/\",\"name\":\"Transporti shkollor - EFI Tirana\",\"isPartOf\":{\"@id\":\"https:\/\/efitirana.com\/sq\/#website\"},\"datePublished\":\"2022-06-27T07:43:53+00:00\",\"dateModified\":\"2023-10-11T13:20:12+00:00\",\"breadcrumb\":{\"@id\":\"https:\/\/efitirana.com\/sq\/informacione\/sherbimet\/transporti-shkollor\/#breadcrumb\"},\"inLanguage\":\"sq-AL\",\"potentialAction\":[{\"@type\":\"ReadAction\",\"target\":[\"https:\/\/efitirana.com\/sq\/informacione\/sherbimet\/transporti-shkollor\/\"]}]},{\"@type\":\"BreadcrumbList\",\"@id\":\"https:\/\/efitirana.com\/sq\/informacione\/sherbimet\/transporti-shkollor\/#breadcrumb\",\"itemListElement\":[{\"@type\":\"ListItem\",\"position\":1,\"name\":\"Accueil\",\"item\":\"https:\/\/efitirana.com\/sq\/\"},{\"@type\":\"ListItem\",\"position\":2,\"name\":\"Informacione\",\"item\":\"https:\/\/efitirana.com\/sq\/informacione\/\"},{\"@type\":\"ListItem\",\"position\":3,\"name\":\"Sh\u00ebrbimet\",\"item\":\"https:\/\/efitirana.com\/sq\/informacione\/sherbimet\/\"},{\"@type\":\"ListItem\",\"position\":4,\"name\":\"Transporti shkollor\"}]},{\"@type\":\"WebSite\",\"@id\":\"https:\/\/efitirana.com\/sq\/#website\",\"url\":\"https:\/\/efitirana.com\/sq\/\",\"name\":\"EFI Tirana\",\"description\":\"EFI Tirana\",\"potentialAction\":[{\"@type\":\"SearchAction\",\"target\":{\"@type\":\"EntryPoint\",\"urlTemplate\":\"https:\/\/efitirana.com\/sq\/?s={search_term_string}\"},\"query-input\":{\"@type\":\"PropertyValueSpecification\",\"valueRequired\":true,\"valueName\":\"search_term_string\"}}],\"inLanguage\":\"sq-AL\"}]}<\/script>\n<!-- \/ Yoast SEO plugin. -->","yoast_head_json":{"title":"Transporti shkollor - EFI Tirana","robots":{"index":"index","follow":"follow","max-snippet":"max-snippet:-1","max-image-preview":"max-image-preview:large","max-video-preview":"max-video-preview:-1"},"canonical":"https:\/\/efitirana.com\/sq\/informacione\/sherbimet\/transporti-shkollor\/","og_locale":"sq_AL","og_type":"article","og_title":"Transporti shkollor - EFI Tirana","og_description":"Transporti shkollor Transporti shkollor EFIT organizon sh\u00ebrbimin e transportit shkollor p\u00ebr nx\u00ebn\u00ebsit nga \u00e7erdhja (3 vje\u00e7) n\u00eb shkoll\u00ebn e mesme. [&hellip;]","og_url":"https:\/\/efitirana.com\/sq\/informacione\/sherbimet\/transporti-shkollor\/","og_site_name":"EFI Tirana","article_modified_time":"2023-10-11T13:20:12+00:00","twitter_card":"summary_large_image","twitter_misc":{"Est. reading time":"2 minutes"},"schema":{"@context":"https:\/\/schema.org","@graph":[{"@type":"WebPage","@id":"https:\/\/efitirana.com\/sq\/informacione\/sherbimet\/transporti-shkollor\/","url":"https:\/\/efitirana.com\/sq\/informacione\/sherbimet\/transporti-shkollor\/","name":"Transporti shkollor - EFI Tirana","isPartOf":{"@id":"https:\/\/efitirana.com\/sq\/#website"},"datePublished":"2022-06-27T07:43:53+00:00","dateModified":"2023-10-11T13:20:12+00:00","breadcrumb":{"@id":"https:\/\/efitirana.com\/sq\/informacione\/sherbimet\/transporti-shkollor\/#breadcrumb"},"inLanguage":"sq-AL","potentialAction":[{"@type":"ReadAction","target":["https:\/\/efitirana.com\/sq\/informacione\/sherbimet\/transporti-shkollor\/"]}]},{"@type":"BreadcrumbList","@id":"https:\/\/efitirana.com\/sq\/informacione\/sherbimet\/transporti-shkollor\/#breadcrumb","itemListElement":[{"@type":"ListItem","position":1,"name":"Accueil","item":"https:\/\/efitirana.com\/sq\/"},{"@type":"ListItem","position":2,"name":"Informacione","item":"https:\/\/efitirana.com\/sq\/informacione\/"},{"@type":"ListItem","position":3,"name":"Sh\u00ebrbimet","item":"https:\/\/efitirana.com\/sq\/informacione\/sherbimet\/"},{"@type":"ListItem","position":4,"name":"Transporti shkollor"}]},{"@type":"WebSite","@id":"https:\/\/efitirana.com\/sq\/#website","url":"https:\/\/efitirana.com\/sq\/","name":"EFI Tirana","description":"EFI Tirana","potentialAction":[{"@type":"SearchAction","target":{"@type":"EntryPoint","urlTemplate":"https:\/\/efitirana.com\/sq\/?s={search_term_string}"},"query-input":{"@type":"PropertyValueSpecification","valueRequired":true,"valueName":"search_term_string"}}],"inLanguage":"sq-AL"}]}},"_links":{"self":[{"href":"https:\/\/efitirana.com\/sq\/wp-json\/wp\/v2\/pages\/9436","targetHints":{"allow":["GET"]}}],"collection":[{"href":"https:\/\/efitirana.com\/sq\/wp-json\/wp\/v2\/pages"}],"about":[{"href":"https:\/\/efitirana.com\/sq\/wp-json\/wp\/v2\/types\/page"}],"author":[{"embeddable":true,"href":"https:\/\/efitirana.com\/sq\/wp-json\/wp\/v2\/users\/4"}],"replies":[{"embeddable":true,"href":"https:\/\/efitirana.com\/sq\/wp-json\/wp\/v2\/comments?post=9436"}],"version-history":[{"count":12,"href":"https:\/\/efitirana.com\/sq\/wp-json\/wp\/v2\/pages\/9436\/revisions"}],"predecessor-version":[{"id":10729,"href":"https:\/\/efitirana.com\/sq\/wp-json\/wp\/v2\/pages\/9436\/revisions\/10729"}],"up":[{"embeddable":true,"href":"https:\/\/efitirana.com\/sq\/wp-json\/wp\/v2\/pages\/9426"}],"wp:attachment":[{"href":"https:\/\/efitirana.com\/sq\/wp-json\/wp\/v2\/media?parent=9436"}],"curies":[{"name":"wp","href":"https:\/\/api.w.org\/{rel}","templated":true}]}}