{"id":9472,"date":"2022-06-27T09:45:27","date_gmt":"2022-06-27T07:45:27","guid":{"rendered":"https:\/\/efitira.agencebisart.com\/admissions\/"},"modified":"2023-10-13T11:30:07","modified_gmt":"2023-10-13T09:30:07","slug":"regjistrimet","status":"publish","type":"page","link":"https:\/\/efitirana.com\/sq\/regjistrimet\/","title":{"rendered":"Regjistrimet"},"content":{"rendered":"<p>\t\t\t\t<!-- avec ou sans CTA : m\u00eame code, \u00e7a centre verticalement le texte --><\/p>\n<div class=\"smallheader\" id=\"bloc_small_header_5\">\n<style type=\"text\/css\">\n\t\t\t\t\t\t\t#bloc_small_header_5 {background-image: url(https:\/\/efitirana.com\/wp-content\/uploads\/2022\/05\/HEADER_4-610x268.jpg);}\n\t\t\t\t\t\t\t@media (min-width: 480px) {\t#bloc_small_header_5 {background-image: url(https:\/\/efitirana.com\/wp-content\/uploads\/2022\/05\/HEADER_4-610x268.jpg);}}\n\t\t\t\t\t\t\t@media (min-width: 768px) {\t#bloc_small_header_5 {background-image: url(https:\/\/efitirana.com\/wp-content\/uploads\/2022\/05\/HEADER_4-1024x214.jpg);}}\n\t\t\t\t\t\t\t@media (min-width: 992px) { #bloc_small_header_5 {background-image: url(https:\/\/efitirana.com\/wp-content\/uploads\/2022\/05\/HEADER_4-1024x214.jpg);}}\n\t\t\t\t\t\t\t@media (min-width: 1200px) { #bloc_small_header_5 {background-image: url(https:\/\/efitirana.com\/wp-content\/uploads\/2022\/05\/HEADER_4.jpg);}}\n\t\t\t\t\t\t<\/style>\n<div class=\"container d-flex flex-column justify-content-center align-items-start\">\n<h2><span>Regjistrimet<\/span><\/h2>\n<\/p><\/div>\n<\/p><\/div>\n<div class=\"cardscolors cardscolors--nocolor\" id=\"bloc_1_6\">\n<div class=\"container\">\n<h2><span>NISENI T\u00cb ARDHMEN E TIJ Q\u00cb SOT!<\/span><\/h2>\n<div class=\"row justify-content-center\">\n<div class=\"col-12 col-sm-6 col-lg-3 mb-2\">\n<div class=\"cardcolor d-flex flex-column\">\n\t\t\t\t\t\t\t<img decoding=\"async\" class=\"img-fluid\" src=\"https:\/\/efitirana.com\/wp-content\/uploads\/2022\/05\/180858540_4026064350810367_3280568662947617596_n-372x300.jpeg\" width=\"\" height=\"\" alt=\"\"><\/p>\n<div class=\"text d-flex flex-column justify-content-center align-self-stretch\">\n<div class=\"title d-flex flex-column justify-content-center\">\n<h4>Kopshti<\/h4>\n<\/p><\/div>\n<p>\t\t\t\t<a href=\"https:\/\/efitirana.com\/wp-content\/uploads\/2023\/04\/Formular-regjistrimi-23-24-ALB-2.pdf\" target=\"\" class=\"link\" rel=\"noopener\">Regjistrohuni<\/a>\n\t\t\t\t\t<\/div>\n<\/p><\/div>\n<\/p><\/div>\n<div class=\"col-12 col-sm-6 col-lg-3 mb-2\">\n<div class=\"cardcolor d-flex flex-column\">\n\t\t\t\t\t\t\t<img decoding=\"async\" class=\"img-fluid\" src=\"https:\/\/efitirana.com\/wp-content\/uploads\/2022\/05\/277798442_5094871880596270_4479522624612732354_n-372x300.jpeg\" width=\"\" height=\"\" alt=\"\"><\/p>\n<div class=\"text d-flex flex-column justify-content-center align-self-stretch\">\n<div class=\"title d-flex flex-column justify-content-center\">\n<h4>Shkolla fillore<\/h4>\n<\/p><\/div>\n<p>\t\t\t\t<a href=\"https:\/\/efitirana.com\/wp-content\/uploads\/2023\/04\/Formular-regjistrimi-23-24-ALB-2.pdf\" target=\"\" class=\"link\" rel=\"noopener\">Regjistrohuni<\/a>\n\t\t\t\t\t<\/div>\n<\/p><\/div>\n<\/p><\/div>\n<div class=\"col-12 col-sm-6 col-lg-3 mb-2\">\n<div class=\"cardcolor d-flex flex-column\">\n\t\t\t\t\t\t\t<img decoding=\"async\" class=\"img-fluid\" src=\"https:\/\/efitirana.com\/wp-content\/uploads\/2022\/05\/IMG_9734-372x300.jpg\" width=\"\" height=\"\" alt=\"\"><\/p>\n<div class=\"text d-flex flex-column justify-content-center align-self-stretch\">\n<div class=\"title d-flex flex-column justify-content-center\">\n<h4>9-vje\u00e7ara\/gjimnaz<\/h4>\n<\/p><\/div>\n<p>\t\t\t\t<a href=\"https:\/\/efitirana.com\/wp-content\/uploads\/2023\/04\/Formular-regjistrimi-23-24-ALB-2.pdf\" target=\"\" class=\"link\" rel=\"noopener\">Regjistrohuni<\/a>\n\t\t\t\t\t<\/div>\n<\/p><\/div>\n<\/p><\/div>\n<div class=\"col-12 col-sm-6 col-lg-3 mb-2\">\n<div class=\"cardcolor d-flex flex-column\">\n\t\t\t\t\t\t\t<img decoding=\"async\" class=\"img-fluid\" src=\"https:\/\/efitirana.com\/wp-content\/uploads\/2022\/05\/195930602_4127722470644554_2648209652023615955_n-1-372x300.jpeg\" width=\"\" height=\"\" alt=\"\"><\/p>\n<div class=\"text d-flex flex-column justify-content-center align-self-stretch\">\n<div class=\"title d-flex flex-column justify-content-center\">\n<h4>Tarifat e shkollimit<\/h4>\n<\/p><\/div>\n<p>\t\t\t\t<a href=\"https:\/\/efitirana.com\/sq\/regjistrimet\/tarifat-e-shkollimit-dhe-bursat\/\" target=\"\" class=\"link\" rel=\"noopener\">P\u00ebr t\u00eb ditur m\u00eb tep\u00ebr<\/a>\n\t\t\t\t\t<\/div>\n<\/p><\/div>\n<\/p><\/div>\n<\/p><\/div>\n<\/p><\/div>\n<\/div>\n<div class=\"blocscontacts blocscontacts--color2\" id=\"bloc_contacts_7\" >\n<div class=\"container text-center\">\n<h2><span>Na kontaktoni<\/span><\/h2>\n<\/p>\n<div class=\"row justify-content-center pt-2\">\n<div class=\"col-12 col-xl-11\">\n<div class=\"row\">\n<div class=\"col-12 col-md-6 mb-2\">\n<div class=\"bloccontact\">\n\t\t\t\t\t\t<img decoding=\"async\" class=\"img-fluid\" src=\"\" width=\"165\" height=\"165\" alt=\"\"><\/p>\n<div class=\"text\">\n<h4>Marsida Sula<\/h4>\n<div><a href=\"mailto:msula@efit.edu.al\"><svg xmlns=\"http:\/\/www.w3.org\/2000\/svg\" viewBox=\"0 0 512 512\"><path d=\"M502.3 190.8c3.9-3.1 9.7-.2 9.7 4.7V400c0 26.5-21.5 48-48 48H48c-26.5 0-48-21.5-48-48V195.6c0-5 5.7-7.8 9.7-4.7 22.4 17.4 52.1 39.5 154.1 113.6 21.1 15.4 56.7 47.8 92.2 47.6 35.7.3 72-32.8 92.3-47.6 102-74.1 131.6-96.3 154-113.7zM256 320c23.2.4 56.6-29.2 73.4-41.4 132.7-96.3 142.8-104.7 173.4-128.7 5.8-4.5 9.2-11.5 9.2-18.9v-19c0-26.5-21.5-48-48-48H48C21.5 64 0 85.5 0 112v19c0 7.4 3.4 14.3 9.2 18.9 30.6 23.9 40.7 32.4 173.4 128.7 16.8 12.2 50.2 41.8 73.4 41.4z\"\/><\/svg><span>msula@efit.edu.al<\/span><\/a><\/div>\n<\/p><\/div>\n<\/p><\/div>\n<\/p><\/div>\n<div class=\"col-12 col-md-6 mb-2\">\n<div class=\"bloccontact\">\n\t\t\t\t\t\t<img decoding=\"async\" class=\"img-fluid\" src=\"https:\/\/efitirana.com\/wp-content\/uploads\/2022\/05\/277589816_5081966531886805_222504396143087403_n-165x165.jpeg\" width=\"165\" height=\"165\" alt=\"\"><\/p>\n<div class=\"text\">\n<h4>EFI Tirana<\/h4>\n<div><a href=\"mailto:info@efit.edu.al\"><svg xmlns=\"http:\/\/www.w3.org\/2000\/svg\" viewBox=\"0 0 512 512\"><path d=\"M502.3 190.8c3.9-3.1 9.7-.2 9.7 4.7V400c0 26.5-21.5 48-48 48H48c-26.5 0-48-21.5-48-48V195.6c0-5 5.7-7.8 9.7-4.7 22.4 17.4 52.1 39.5 154.1 113.6 21.1 15.4 56.7 47.8 92.2 47.6 35.7.3 72-32.8 92.3-47.6 102-74.1 131.6-96.3 154-113.7zM256 320c23.2.4 56.6-29.2 73.4-41.4 132.7-96.3 142.8-104.7 173.4-128.7 5.8-4.5 9.2-11.5 9.2-18.9v-19c0-26.5-21.5-48-48-48H48C21.5 64 0 85.5 0 112v19c0 7.4 3.4 14.3 9.2 18.9 30.6 23.9 40.7 32.4 173.4 128.7 16.8 12.2 50.2 41.8 73.4 41.4z\"\/><\/svg><span>info@efit.edu.al<\/span><\/a><\/div>\n<\/p><\/div>\n<\/p><\/div>\n<\/p><\/div>\n<\/p><\/div>\n<\/p><\/div>\n<\/p><\/div>\n<\/p><\/div>\n<\/div>\n<div class=\"blocinfo blocinfo--color4\" id=\"bloc_10_8\">\n<div class=\"container\">\n<div class=\"row\">\n<div class=\"col-12 col-md-6\">\n<h2><span>Niseni t\u00eb ardhmen e tij q\u00eb sot!<\/span><\/h2>\n<p>Regjistrimet p\u00ebr vitin\u00a02023-2024 jan\u00eb hapur.<\/p>\n<p>\t\t\t\t<!-- Changer la classe de couleur du bouton en fonction de la couleur g\u00e9n\u00e9rale du bloc --><\/p>\n<div class=\"bloc_cta\" >\n\t<a href=\"https:\/\/efitirana.com\/sq\/formulaire-dinscription\/\" title=\"Regjistrohuni\" target=\"\" class=\"mr-3 btn btn--color4\" rel=\"noopener\">Regjistrohuni<\/a> \t\t\t\t<\/div>\n<\/p><\/div>\n<\/p><\/div>\n<\/p><\/div>\n<\/div>\n","protected":false},"excerpt":{"rendered":"<p>Regjistrimet NISENI T\u00cb ARDHMEN E TIJ Q\u00cb SOT! Kopshti Regjistrohuni Shkolla fillore Regjistrohuni 9-vje\u00e7ara\/gjimnaz Regjistrohuni Tarifat e shkollimit P\u00ebr t\u00eb [&hellip;]<\/p>\n","protected":false},"author":4,"featured_media":11035,"parent":0,"menu_order":320,"comment_status":"closed","ping_status":"closed","template":"","meta":{"_acf_changed":false,"kdcopypost-origin-url":"","kdcopypost-origin-id":"","footnotes":""},"class_list":["post-9472","page","type-page","status-publish","has-post-thumbnail","hentry"],"acf":[],"yoast_head":"<!-- This site is optimized with the Yoast SEO plugin v26.6 - https:\/\/yoast.com\/wordpress\/plugins\/seo\/ -->\n<title>Regjistrimet - EFI Tirana<\/title>\n<meta name=\"robots\" content=\"index, follow, max-snippet:-1, max-image-preview:large, max-video-preview:-1\" \/>\n<link rel=\"canonical\" href=\"https:\/\/efitirana.com\/sq\/regjistrimet\/\" \/>\n<meta property=\"og:locale\" content=\"sq_AL\" \/>\n<meta property=\"og:type\" content=\"article\" \/>\n<meta property=\"og:title\" content=\"Regjistrimet - EFI Tirana\" \/>\n<meta property=\"og:description\" content=\"Regjistrimet NISENI T\u00cb ARDHMEN E TIJ Q\u00cb SOT! Kopshti Regjistrohuni Shkolla fillore Regjistrohuni 9-vje\u00e7ara\/gjimnaz Regjistrohuni Tarifat e shkollimit P\u00ebr t\u00eb [&hellip;]\" \/>\n<meta property=\"og:url\" content=\"https:\/\/efitirana.com\/sq\/regjistrimet\/\" \/>\n<meta property=\"og:site_name\" content=\"EFI Tirana\" \/>\n<meta property=\"article:modified_time\" content=\"2023-10-13T09:30:07+00:00\" \/>\n<meta property=\"og:image\" content=\"https:\/\/efitirana.com\/wp-content\/uploads\/2022\/05\/180858540_4026064350810367_3280568662947617596_n-372x300.jpeg\" \/>\n<meta name=\"twitter:card\" content=\"summary_large_image\" \/>\n<meta name=\"twitter:label1\" content=\"Est. reading time\" \/>\n\t<meta name=\"twitter:data1\" content=\"2 minutes\" \/>\n<script type=\"application\/ld+json\" class=\"yoast-schema-graph\">{\"@context\":\"https:\/\/schema.org\",\"@graph\":[{\"@type\":\"WebPage\",\"@id\":\"https:\/\/efitirana.com\/sq\/regjistrimet\/\",\"url\":\"https:\/\/efitirana.com\/sq\/regjistrimet\/\",\"name\":\"Regjistrimet - EFI Tirana\",\"isPartOf\":{\"@id\":\"https:\/\/efitirana.com\/sq\/#website\"},\"primaryImageOfPage\":{\"@id\":\"https:\/\/efitirana.com\/sq\/regjistrimet\/#primaryimage\"},\"image\":{\"@id\":\"https:\/\/efitirana.com\/sq\/regjistrimet\/#primaryimage\"},\"thumbnailUrl\":\"https:\/\/efitirana.com\/wp-content\/uploads\/2024\/05\/IMG_0156-scaled.jpg\",\"datePublished\":\"2022-06-27T07:45:27+00:00\",\"dateModified\":\"2023-10-13T09:30:07+00:00\",\"breadcrumb\":{\"@id\":\"https:\/\/efitirana.com\/sq\/regjistrimet\/#breadcrumb\"},\"inLanguage\":\"sq-AL\",\"potentialAction\":[{\"@type\":\"ReadAction\",\"target\":[\"https:\/\/efitirana.com\/sq\/regjistrimet\/\"]}]},{\"@type\":\"ImageObject\",\"inLanguage\":\"sq-AL\",\"@id\":\"https:\/\/efitirana.com\/sq\/regjistrimet\/#primaryimage\",\"url\":\"https:\/\/efitirana.com\/wp-content\/uploads\/2024\/05\/IMG_0156-scaled.jpg\",\"contentUrl\":\"https:\/\/efitirana.com\/wp-content\/uploads\/2024\/05\/IMG_0156-scaled.jpg\"},{\"@type\":\"BreadcrumbList\",\"@id\":\"https:\/\/efitirana.com\/sq\/regjistrimet\/#breadcrumb\",\"itemListElement\":[{\"@type\":\"ListItem\",\"position\":1,\"name\":\"Accueil\",\"item\":\"https:\/\/efitirana.com\/sq\/\"},{\"@type\":\"ListItem\",\"position\":2,\"name\":\"Regjistrimet\"}]},{\"@type\":\"WebSite\",\"@id\":\"https:\/\/efitirana.com\/sq\/#website\",\"url\":\"https:\/\/efitirana.com\/sq\/\",\"name\":\"EFI Tirana\",\"description\":\"EFI Tirana\",\"potentialAction\":[{\"@type\":\"SearchAction\",\"target\":{\"@type\":\"EntryPoint\",\"urlTemplate\":\"https:\/\/efitirana.com\/sq\/?s={search_term_string}\"},\"query-input\":{\"@type\":\"PropertyValueSpecification\",\"valueRequired\":true,\"valueName\":\"search_term_string\"}}],\"inLanguage\":\"sq-AL\"}]}<\/script>\n<!-- \/ Yoast SEO plugin. -->","yoast_head_json":{"title":"Regjistrimet - EFI Tirana","robots":{"index":"index","follow":"follow","max-snippet":"max-snippet:-1","max-image-preview":"max-image-preview:large","max-video-preview":"max-video-preview:-1"},"canonical":"https:\/\/efitirana.com\/sq\/regjistrimet\/","og_locale":"sq_AL","og_type":"article","og_title":"Regjistrimet - EFI Tirana","og_description":"Regjistrimet NISENI T\u00cb ARDHMEN E TIJ Q\u00cb SOT! Kopshti Regjistrohuni Shkolla fillore Regjistrohuni 9-vje\u00e7ara\/gjimnaz Regjistrohuni Tarifat e shkollimit P\u00ebr t\u00eb [&hellip;]","og_url":"https:\/\/efitirana.com\/sq\/regjistrimet\/","og_site_name":"EFI Tirana","article_modified_time":"2023-10-13T09:30:07+00:00","og_image":[{"url":"https:\/\/efitirana.com\/wp-content\/uploads\/2022\/05\/180858540_4026064350810367_3280568662947617596_n-372x300.jpeg","type":"","width":"","height":""}],"twitter_card":"summary_large_image","twitter_misc":{"Est. reading time":"2 minutes"},"schema":{"@context":"https:\/\/schema.org","@graph":[{"@type":"WebPage","@id":"https:\/\/efitirana.com\/sq\/regjistrimet\/","url":"https:\/\/efitirana.com\/sq\/regjistrimet\/","name":"Regjistrimet - EFI Tirana","isPartOf":{"@id":"https:\/\/efitirana.com\/sq\/#website"},"primaryImageOfPage":{"@id":"https:\/\/efitirana.com\/sq\/regjistrimet\/#primaryimage"},"image":{"@id":"https:\/\/efitirana.com\/sq\/regjistrimet\/#primaryimage"},"thumbnailUrl":"https:\/\/efitirana.com\/wp-content\/uploads\/2024\/05\/IMG_0156-scaled.jpg","datePublished":"2022-06-27T07:45:27+00:00","dateModified":"2023-10-13T09:30:07+00:00","breadcrumb":{"@id":"https:\/\/efitirana.com\/sq\/regjistrimet\/#breadcrumb"},"inLanguage":"sq-AL","potentialAction":[{"@type":"ReadAction","target":["https:\/\/efitirana.com\/sq\/regjistrimet\/"]}]},{"@type":"ImageObject","inLanguage":"sq-AL","@id":"https:\/\/efitirana.com\/sq\/regjistrimet\/#primaryimage","url":"https:\/\/efitirana.com\/wp-content\/uploads\/2024\/05\/IMG_0156-scaled.jpg","contentUrl":"https:\/\/efitirana.com\/wp-content\/uploads\/2024\/05\/IMG_0156-scaled.jpg"},{"@type":"BreadcrumbList","@id":"https:\/\/efitirana.com\/sq\/regjistrimet\/#breadcrumb","itemListElement":[{"@type":"ListItem","position":1,"name":"Accueil","item":"https:\/\/efitirana.com\/sq\/"},{"@type":"ListItem","position":2,"name":"Regjistrimet"}]},{"@type":"WebSite","@id":"https:\/\/efitirana.com\/sq\/#website","url":"https:\/\/efitirana.com\/sq\/","name":"EFI Tirana","description":"EFI Tirana","potentialAction":[{"@type":"SearchAction","target":{"@type":"EntryPoint","urlTemplate":"https:\/\/efitirana.com\/sq\/?s={search_term_string}"},"query-input":{"@type":"PropertyValueSpecification","valueRequired":true,"valueName":"search_term_string"}}],"inLanguage":"sq-AL"}]}},"_links":{"self":[{"href":"https:\/\/efitirana.com\/sq\/wp-json\/wp\/v2\/pages\/9472","targetHints":{"allow":["GET"]}}],"collection":[{"href":"https:\/\/efitirana.com\/sq\/wp-json\/wp\/v2\/pages"}],"about":[{"href":"https:\/\/efitirana.com\/sq\/wp-json\/wp\/v2\/types\/page"}],"author":[{"embeddable":true,"href":"https:\/\/efitirana.com\/sq\/wp-json\/wp\/v2\/users\/4"}],"replies":[{"embeddable":true,"href":"https:\/\/efitirana.com\/sq\/wp-json\/wp\/v2\/comments?post=9472"}],"version-history":[{"count":10,"href":"https:\/\/efitirana.com\/sq\/wp-json\/wp\/v2\/pages\/9472\/revisions"}],"predecessor-version":[{"id":10763,"href":"https:\/\/efitirana.com\/sq\/wp-json\/wp\/v2\/pages\/9472\/revisions\/10763"}],"wp:featuredmedia":[{"embeddable":true,"href":"https:\/\/efitirana.com\/sq\/wp-json\/wp\/v2\/media\/11035"}],"wp:attachment":[{"href":"https:\/\/efitirana.com\/sq\/wp-json\/wp\/v2\/media?parent=9472"}],"curies":[{"name":"wp","href":"https:\/\/api.w.org\/{rel}","templated":true}]}}