{"id":9480,"date":"2022-06-27T09:45:45","date_gmt":"2022-06-27T07:45:45","guid":{"rendered":"https:\/\/efitira.agencebisart.com\/admissions\/admission-au-college-lycee\/"},"modified":"2024-08-23T23:17:55","modified_gmt":"2024-08-23T21:17:55","slug":"regjistrimi-ne-9-vjecare-gymnaz","status":"publish","type":"page","link":"https:\/\/efitirana.com\/sq\/regjistrimet\/regjistrimi-ne-9-vjecare-gymnaz\/","title":{"rendered":"Regjistrim n\u00eb 9-vje\u00e7are\/gjimnaz"},"content":{"rendered":"<p>\t\t\t\t<!-- avec ou sans CTA : m\u00eame code, \u00e7a centre verticalement le texte --><\/p>\n<div class=\"smallheader\" id=\"bloc_small_header_5\">\n<style type=\"text\/css\">\n\t\t\t\t\t\t\t#bloc_small_header_5 {background-image: url(https:\/\/efitirana.com\/wp-content\/uploads\/2022\/05\/HEADER_8-610x268.jpg);}\n\t\t\t\t\t\t\t@media (min-width: 480px) {\t#bloc_small_header_5 {background-image: url(https:\/\/efitirana.com\/wp-content\/uploads\/2022\/05\/HEADER_8-610x268.jpg);}}\n\t\t\t\t\t\t\t@media (min-width: 768px) {\t#bloc_small_header_5 {background-image: url(https:\/\/efitirana.com\/wp-content\/uploads\/2022\/05\/HEADER_8-1024x214.jpg);}}\n\t\t\t\t\t\t\t@media (min-width: 992px) { #bloc_small_header_5 {background-image: url(https:\/\/efitirana.com\/wp-content\/uploads\/2022\/05\/HEADER_8-1024x214.jpg);}}\n\t\t\t\t\t\t\t@media (min-width: 1200px) { #bloc_small_header_5 {background-image: url(https:\/\/efitirana.com\/wp-content\/uploads\/2022\/05\/HEADER_8.jpg);}}\n\t\t\t\t\t\t<\/style>\n<div class=\"container d-flex flex-column justify-content-center align-items-start\">\n<h1><span>REGJISTRIMI N\u00cb 9-VJE\u00c7ARE\/GJIMNAZ<\/span><\/h1>\n<\/p><\/div>\n<\/p><\/div>\n<div class=\"bloctext bloctext--nocolor bloctext--haspattern\" id=\"bloc_6_6\">\n<div class=\"container\">\n<div class=\"row\">\n<div class=\"col-12 col-lg-4 col-xl-3 mb-1\">\n<h2><span>ARSIMI I MES\u00cbM<\/span><\/h2>\n<\/p><\/div>\n<div class=\"col-12 col-lg-8 col-xl-9\">\n<div class=\"text pl-lg-4\">\n<p>P\u00ebr t\u00eb p\u00ebrfituar nj\u00eb shkollim optimal, shkalla e zot\u00ebrimit t\u00eb gjuh\u00ebs fr\u00ebnge mbetet kushti i suksesit n\u00eb provime.<\/p>\n<p>Nx\u00ebn\u00ebsit q\u00eb vijn\u00eb nga nj\u00eb institucion publik francez ose institucion privat me kontrat\u00eb me arsimin publik ose nga nj\u00eb institucion francez i njohur nga AEFE pranohen n\u00eb p\u00ebrputhje me vendimet e k\u00ebshillit t\u00eb klas\u00ebs, t\u00eb sh\u00ebnuara n\u00eb d\u00ebftes\u00ebn shkollore. N\u00eb t\u00eb gjitha rastet, vendimi i orientimit t\u00eb k\u00ebtyre institucioneve zbatohet n\u00eb institucionin ton\u00eb.<\/p>\n<p>Nx\u00ebn\u00ebsit e ciklit t\u00eb mes\u00ebm q\u00eb vijn\u00eb nga nj\u00eb institucion jasht\u00eb sistemit francez dhe q\u00eb d\u00ebshirojn\u00eb t\u00eb regjistrohen n\u00eb Shkoll\u00ebn Franceze Nd\u00ebrkomb\u00ebtare t\u00eb Tiran\u00ebs duhet t\u00eb kalojn\u00eb nj\u00eb test t\u00eb aft\u00ebsive gjuh\u00ebsore. Pas k\u00ebtij testi, institucioni do t\u00eb vendos\u00eb me miratimin e familjeve dhe t\u00eb k\u00ebshillit t\u00eb administrimit se cilat jan\u00eb ndihmat e nevojshme q\u00eb duhen p\u00ebrdorur p\u00ebr t\u2019i mb\u00ebshtetur f\u00ebmij\u00ebt n\u00eb shkollimin e tyre.<\/p>\n<p>Nx\u00ebn\u00ebsit (q\u00eb nga grupi i madh i kopshtit deri n\u00eb matur\u00eb) duhet t\u00eb ndjekin m\u00ebsimin e detyruesh\u00ebm t\u00eb gjuh\u00ebs shqipe.<\/p>\n<\/p><\/div>\n<\/p><\/div>\n<\/p><\/div>\n<\/p><\/div>\n<\/div>\n<div class=\"bloc_ctas bloc_cta container pt-2 pb-2 text-right\" id=\"bloc_ctas_7\">\n<div class=\"btns\">\t<a href=\"https:\/\/efitirana.com\/wp-content\/uploads\/2022\/06\/Formular-regjistrimi-22-23-ALB-1.pdf\" title=\"Regjistrimi i f\u00ebmij\u00ebs n\u00eb 9-vje\u00e7are ose n\u00eb gjimnaz\" target=\"\" class=\" ml-1   mr-1  btn btn--color1\" rel=\"noopener\">Regjistrimi i f\u00ebmij\u00ebs n\u00eb 9-vje\u00e7are ose n\u00eb gjimnaz<\/a> <\/div>\n<\/p><\/div>\n<div class=\"blocinfo blocinfo--color4\" id=\"bloc_10_8\">\n<div class=\"container\">\n<div class=\"row\">\n<div class=\"col-12 col-md-6\">\n<h2><span>Niseni t\u00eb ardhmen e tij q\u00eb sot!<\/span><\/h2>\n<p>Regjistrimet p\u00ebr vitin\u00a02024-2025 jan\u00eb hapur.<\/p>\n<p>\t\t\t\t<!-- Changer la classe de couleur du bouton en fonction de la couleur g\u00e9n\u00e9rale du bloc --><\/p>\n<div class=\"bloc_cta\" >\n\t<a href=\"https:\/\/efitirana.com\/wp-content\/uploads\/2022\/06\/Formular-regjistrimi-22-23-ALB-1.pdf\" title=\"Regjistrohuni\" target=\"\" class=\"mr-3 btn btn--color4\" rel=\"noopener\">Regjistrohuni<\/a> \t\t\t\t<\/div>\n<\/p><\/div>\n<\/p><\/div>\n<\/p><\/div>\n<\/div>\n","protected":false},"excerpt":{"rendered":"<p>REGJISTRIMI N\u00cb 9-VJE\u00c7ARE\/GJIMNAZ ARSIMI I MES\u00cbM P\u00ebr t\u00eb p\u00ebrfituar nj\u00eb shkollim optimal, shkalla e zot\u00ebrimit t\u00eb gjuh\u00ebs fr\u00ebnge mbetet kushti [&hellip;]<\/p>\n","protected":false},"author":10,"featured_media":0,"parent":9472,"menu_order":0,"comment_status":"closed","ping_status":"closed","template":"","meta":{"_acf_changed":false,"kdcopypost-origin-url":"","kdcopypost-origin-id":"","footnotes":""},"class_list":["post-9480","page","type-page","status-publish","hentry"],"acf":[],"yoast_head":"<!-- This site is optimized with the Yoast SEO plugin v26.6 - https:\/\/yoast.com\/wordpress\/plugins\/seo\/ -->\n<title>Regjistrim n\u00eb 9-vje\u00e7are\/gjimnaz - EFI Tirana<\/title>\n<meta name=\"robots\" content=\"index, follow, max-snippet:-1, max-image-preview:large, max-video-preview:-1\" \/>\n<link rel=\"canonical\" href=\"https:\/\/efitirana.com\/sq\/regjistrimet\/regjistrimi-ne-9-vjecare-gymnaz\/\" \/>\n<meta property=\"og:locale\" content=\"sq_AL\" \/>\n<meta property=\"og:type\" content=\"article\" \/>\n<meta property=\"og:title\" content=\"Regjistrim n\u00eb 9-vje\u00e7are\/gjimnaz - EFI Tirana\" \/>\n<meta property=\"og:description\" content=\"REGJISTRIMI N\u00cb 9-VJE\u00c7ARE\/GJIMNAZ ARSIMI I MES\u00cbM P\u00ebr t\u00eb p\u00ebrfituar nj\u00eb shkollim optimal, shkalla e zot\u00ebrimit t\u00eb gjuh\u00ebs fr\u00ebnge mbetet kushti [&hellip;]\" \/>\n<meta property=\"og:url\" content=\"https:\/\/efitirana.com\/sq\/regjistrimet\/regjistrimi-ne-9-vjecare-gymnaz\/\" \/>\n<meta property=\"og:site_name\" content=\"EFI Tirana\" \/>\n<meta property=\"article:modified_time\" content=\"2024-08-23T21:17:55+00:00\" \/>\n<meta name=\"twitter:card\" content=\"summary_large_image\" \/>\n<meta name=\"twitter:label1\" content=\"Est. reading time\" \/>\n\t<meta name=\"twitter:data1\" content=\"2 minutes\" \/>\n<script type=\"application\/ld+json\" class=\"yoast-schema-graph\">{\"@context\":\"https:\/\/schema.org\",\"@graph\":[{\"@type\":\"WebPage\",\"@id\":\"https:\/\/efitirana.com\/sq\/regjistrimet\/regjistrimi-ne-9-vjecare-gymnaz\/\",\"url\":\"https:\/\/efitirana.com\/sq\/regjistrimet\/regjistrimi-ne-9-vjecare-gymnaz\/\",\"name\":\"Regjistrim n\u00eb 9-vje\u00e7are\/gjimnaz - EFI Tirana\",\"isPartOf\":{\"@id\":\"https:\/\/efitirana.com\/sq\/#website\"},\"datePublished\":\"2022-06-27T07:45:45+00:00\",\"dateModified\":\"2024-08-23T21:17:55+00:00\",\"breadcrumb\":{\"@id\":\"https:\/\/efitirana.com\/sq\/regjistrimet\/regjistrimi-ne-9-vjecare-gymnaz\/#breadcrumb\"},\"inLanguage\":\"sq-AL\",\"potentialAction\":[{\"@type\":\"ReadAction\",\"target\":[\"https:\/\/efitirana.com\/sq\/regjistrimet\/regjistrimi-ne-9-vjecare-gymnaz\/\"]}]},{\"@type\":\"BreadcrumbList\",\"@id\":\"https:\/\/efitirana.com\/sq\/regjistrimet\/regjistrimi-ne-9-vjecare-gymnaz\/#breadcrumb\",\"itemListElement\":[{\"@type\":\"ListItem\",\"position\":1,\"name\":\"Accueil\",\"item\":\"https:\/\/efitirana.com\/sq\/\"},{\"@type\":\"ListItem\",\"position\":2,\"name\":\"Regjistrimet\",\"item\":\"https:\/\/efitirana.com\/sq\/regjistrimet\/\"},{\"@type\":\"ListItem\",\"position\":3,\"name\":\"Regjistrim n\u00eb 9-vje\u00e7are\/gjimnaz\"}]},{\"@type\":\"WebSite\",\"@id\":\"https:\/\/efitirana.com\/sq\/#website\",\"url\":\"https:\/\/efitirana.com\/sq\/\",\"name\":\"EFI Tirana\",\"description\":\"EFI Tirana\",\"potentialAction\":[{\"@type\":\"SearchAction\",\"target\":{\"@type\":\"EntryPoint\",\"urlTemplate\":\"https:\/\/efitirana.com\/sq\/?s={search_term_string}\"},\"query-input\":{\"@type\":\"PropertyValueSpecification\",\"valueRequired\":true,\"valueName\":\"search_term_string\"}}],\"inLanguage\":\"sq-AL\"}]}<\/script>\n<!-- \/ Yoast SEO plugin. -->","yoast_head_json":{"title":"Regjistrim n\u00eb 9-vje\u00e7are\/gjimnaz - EFI Tirana","robots":{"index":"index","follow":"follow","max-snippet":"max-snippet:-1","max-image-preview":"max-image-preview:large","max-video-preview":"max-video-preview:-1"},"canonical":"https:\/\/efitirana.com\/sq\/regjistrimet\/regjistrimi-ne-9-vjecare-gymnaz\/","og_locale":"sq_AL","og_type":"article","og_title":"Regjistrim n\u00eb 9-vje\u00e7are\/gjimnaz - EFI Tirana","og_description":"REGJISTRIMI N\u00cb 9-VJE\u00c7ARE\/GJIMNAZ ARSIMI I MES\u00cbM P\u00ebr t\u00eb p\u00ebrfituar nj\u00eb shkollim optimal, shkalla e zot\u00ebrimit t\u00eb gjuh\u00ebs fr\u00ebnge mbetet kushti [&hellip;]","og_url":"https:\/\/efitirana.com\/sq\/regjistrimet\/regjistrimi-ne-9-vjecare-gymnaz\/","og_site_name":"EFI Tirana","article_modified_time":"2024-08-23T21:17:55+00:00","twitter_card":"summary_large_image","twitter_misc":{"Est. reading time":"2 minutes"},"schema":{"@context":"https:\/\/schema.org","@graph":[{"@type":"WebPage","@id":"https:\/\/efitirana.com\/sq\/regjistrimet\/regjistrimi-ne-9-vjecare-gymnaz\/","url":"https:\/\/efitirana.com\/sq\/regjistrimet\/regjistrimi-ne-9-vjecare-gymnaz\/","name":"Regjistrim n\u00eb 9-vje\u00e7are\/gjimnaz - EFI Tirana","isPartOf":{"@id":"https:\/\/efitirana.com\/sq\/#website"},"datePublished":"2022-06-27T07:45:45+00:00","dateModified":"2024-08-23T21:17:55+00:00","breadcrumb":{"@id":"https:\/\/efitirana.com\/sq\/regjistrimet\/regjistrimi-ne-9-vjecare-gymnaz\/#breadcrumb"},"inLanguage":"sq-AL","potentialAction":[{"@type":"ReadAction","target":["https:\/\/efitirana.com\/sq\/regjistrimet\/regjistrimi-ne-9-vjecare-gymnaz\/"]}]},{"@type":"BreadcrumbList","@id":"https:\/\/efitirana.com\/sq\/regjistrimet\/regjistrimi-ne-9-vjecare-gymnaz\/#breadcrumb","itemListElement":[{"@type":"ListItem","position":1,"name":"Accueil","item":"https:\/\/efitirana.com\/sq\/"},{"@type":"ListItem","position":2,"name":"Regjistrimet","item":"https:\/\/efitirana.com\/sq\/regjistrimet\/"},{"@type":"ListItem","position":3,"name":"Regjistrim n\u00eb 9-vje\u00e7are\/gjimnaz"}]},{"@type":"WebSite","@id":"https:\/\/efitirana.com\/sq\/#website","url":"https:\/\/efitirana.com\/sq\/","name":"EFI Tirana","description":"EFI Tirana","potentialAction":[{"@type":"SearchAction","target":{"@type":"EntryPoint","urlTemplate":"https:\/\/efitirana.com\/sq\/?s={search_term_string}"},"query-input":{"@type":"PropertyValueSpecification","valueRequired":true,"valueName":"search_term_string"}}],"inLanguage":"sq-AL"}]}},"_links":{"self":[{"href":"https:\/\/efitirana.com\/sq\/wp-json\/wp\/v2\/pages\/9480","targetHints":{"allow":["GET"]}}],"collection":[{"href":"https:\/\/efitirana.com\/sq\/wp-json\/wp\/v2\/pages"}],"about":[{"href":"https:\/\/efitirana.com\/sq\/wp-json\/wp\/v2\/types\/page"}],"author":[{"embeddable":true,"href":"https:\/\/efitirana.com\/sq\/wp-json\/wp\/v2\/users\/10"}],"replies":[{"embeddable":true,"href":"https:\/\/efitirana.com\/sq\/wp-json\/wp\/v2\/comments?post=9480"}],"version-history":[{"count":8,"href":"https:\/\/efitirana.com\/sq\/wp-json\/wp\/v2\/pages\/9480\/revisions"}],"predecessor-version":[{"id":11356,"href":"https:\/\/efitirana.com\/sq\/wp-json\/wp\/v2\/pages\/9480\/revisions\/11356"}],"up":[{"embeddable":true,"href":"https:\/\/efitirana.com\/sq\/wp-json\/wp\/v2\/pages\/9472"}],"wp:attachment":[{"href":"https:\/\/efitirana.com\/sq\/wp-json\/wp\/v2\/media?parent=9480"}],"curies":[{"name":"wp","href":"https:\/\/api.w.org\/{rel}","templated":true}]}}