{"id":9484,"date":"2022-06-27T09:46:02","date_gmt":"2022-06-27T07:46:02","guid":{"rendered":"https:\/\/efitira.agencebisart.com\/admissions\/admission-en-elementaire\/"},"modified":"2024-08-23T23:08:20","modified_gmt":"2024-08-23T21:08:20","slug":"regjistrim-ne-ciklin-e-ulet","status":"publish","type":"page","link":"https:\/\/efitirana.com\/sq\/regjistrimet\/regjistrim-ne-ciklin-e-ulet\/","title":{"rendered":"Regjistrim n\u00eb ciklin e ul\u00ebt"},"content":{"rendered":"<p>\t\t\t\t<!-- avec ou sans CTA : m\u00eame code, \u00e7a centre verticalement le texte --><\/p>\n<div class=\"smallheader\" id=\"bloc_small_header_5\">\n<style type=\"text\/css\">\n\t\t\t\t\t\t\t#bloc_small_header_5 {background-image: url(https:\/\/efitirana.com\/wp-content\/uploads\/2022\/05\/HEADER_12-610x268.jpg);}\n\t\t\t\t\t\t\t@media (min-width: 480px) {\t#bloc_small_header_5 {background-image: url(https:\/\/efitirana.com\/wp-content\/uploads\/2022\/05\/HEADER_12-610x268.jpg);}}\n\t\t\t\t\t\t\t@media (min-width: 768px) {\t#bloc_small_header_5 {background-image: url(https:\/\/efitirana.com\/wp-content\/uploads\/2022\/05\/HEADER_12-1024x214.jpg);}}\n\t\t\t\t\t\t\t@media (min-width: 992px) { #bloc_small_header_5 {background-image: url(https:\/\/efitirana.com\/wp-content\/uploads\/2022\/05\/HEADER_12-1024x214.jpg);}}\n\t\t\t\t\t\t\t@media (min-width: 1200px) { #bloc_small_header_5 {background-image: url(https:\/\/efitirana.com\/wp-content\/uploads\/2022\/05\/HEADER_12.jpg);}}\n\t\t\t\t\t\t<\/style>\n<div class=\"container d-flex flex-column justify-content-center align-items-start\">\n<h1><span>REGJISTRIMI N\u00cb CIKLIN E UL\u00cbT<\/span><\/h1>\n<\/p><\/div>\n<\/p><\/div>\n<div class=\"bloctext bloctext--nocolor bloctext--haspattern\" id=\"bloc_6_6\">\n<div class=\"container\">\n<div class=\"row\">\n<div class=\"col-12 col-lg-4 col-xl-3 mb-1\">\n<h2><span>SHKOLLA FILLORE<\/span><\/h2>\n<\/p><\/div>\n<div class=\"col-12 col-lg-8 col-xl-9\">\n<div class=\"text pl-lg-4\">\n<p>N\u00eb shkoll\u00ebn fillore, nuk \u00ebsht\u00eb e detyrueshme njohja e mir\u00eb e fr\u00ebngjishtes. Pas vler\u00ebsimit t\u00eb aft\u00ebsive gjuh\u00ebsore t\u00eb nx\u00ebn\u00ebsit, institucioni do t\u00eb propozoj\u00eb, me miratimin e familjes, ndihmat e nevojshme p\u00ebr t\u00eb mb\u00ebshtetur f\u00ebmij\u00ebt q\u00eb nuk kan\u00eb ndjekur shkoll\u00ebn n\u00eb sistemin francez, t\u00eb cil\u00ebt p\u00ebrfitojn\u00eb kurse n\u00eb grupe t\u00eb vogla p\u00ebr m\u00ebsimin e p\u00ebrforcuar t\u00eb fr\u00ebngjishtes. Ndaj, ne i ftojm\u00eb familjet t\u00eb lidhen me drejtoresh\u00ebn e institucionit p\u00ebr t\u00eb diskutuar mbi shkollimin e f\u00ebmij\u00ebs s\u00eb tyre.<\/p>\n<p>Nx\u00ebn\u00ebsit q\u00eb kan\u00eb ndjekur tashm\u00eb shkoll\u00ebn n\u00eb sistemin francez, do t\u00eb pranohen n\u00eb nivelin e treguar nga certifikata e \u00e7regjistrimit (exeat) ose n\u00eb librez\u00ebn e vler\u00ebsimit.<\/p>\n<\/p><\/div>\n<\/p><\/div>\n<\/p><\/div>\n<\/p><\/div>\n<\/div>\n<div class=\"bloc_ctas bloc_cta container pt-2 pb-2 text-right\" id=\"bloc_ctas_7\">\n<div class=\"btns\">\t<a href=\"https:\/\/efitirana.com\/wp-content\/uploads\/2022\/06\/Formular-regjistrimi-22-23-ALB-1.pdf\" title=\"Regjistrimi i f\u00ebmij\u00ebs n\u00eb shkoll\u00ebn fillore\" target=\"\" class=\" ml-1   mr-1  btn btn--color1\" rel=\"noopener\">Regjistrimi i f\u00ebmij\u00ebs n\u00eb shkoll\u00ebn fillore<\/a> <\/div>\n<\/p><\/div>\n<div class=\"blocinfo blocinfo--color4\" id=\"bloc_10_8\">\n<div class=\"container\">\n<div class=\"row\">\n<div class=\"col-12 col-md-6\">\n<h2><span>Niseni t\u00eb ardhmen e tij q\u00eb sot!<\/span><\/h2>\n<p>Regjistrimet p\u00ebr vitin\u00a02024-2025 jan\u00eb hapur.<\/p>\n<p>\t\t\t\t<!-- Changer la classe de couleur du bouton en fonction de la couleur g\u00e9n\u00e9rale du bloc --><\/p>\n<div class=\"bloc_cta\" >\n\t<a href=\"https:\/\/efitirana.com\/wp-content\/uploads\/2022\/06\/Formular-regjistrimi-22-23-ALB-1.pdf\" title=\"Regjistrohuni\" target=\"\" class=\"mr-3 btn btn--color4\" rel=\"noopener\">Regjistrohuni<\/a> \t\t\t\t<\/div>\n<\/p><\/div>\n<\/p><\/div>\n<\/p><\/div>\n<\/div>\n","protected":false},"excerpt":{"rendered":"<p>REGJISTRIMI N\u00cb CIKLIN E UL\u00cbT SHKOLLA FILLORE N\u00eb shkoll\u00ebn fillore, nuk \u00ebsht\u00eb e detyrueshme njohja e mir\u00eb e fr\u00ebngjishtes. Pas [&hellip;]<\/p>\n","protected":false},"author":10,"featured_media":0,"parent":9472,"menu_order":0,"comment_status":"closed","ping_status":"closed","template":"","meta":{"_acf_changed":false,"kdcopypost-origin-url":"","kdcopypost-origin-id":"","footnotes":""},"class_list":["post-9484","page","type-page","status-publish","hentry"],"acf":[],"yoast_head":"<!-- This site is optimized with the Yoast SEO plugin v26.6 - https:\/\/yoast.com\/wordpress\/plugins\/seo\/ -->\n<title>Regjistrim n\u00eb ciklin e ul\u00ebt - EFI Tirana<\/title>\n<meta name=\"robots\" content=\"index, follow, max-snippet:-1, max-image-preview:large, max-video-preview:-1\" \/>\n<link rel=\"canonical\" href=\"https:\/\/efitirana.com\/sq\/regjistrimet\/regjistrim-ne-ciklin-e-ulet\/\" \/>\n<meta property=\"og:locale\" content=\"sq_AL\" \/>\n<meta property=\"og:type\" content=\"article\" \/>\n<meta property=\"og:title\" content=\"Regjistrim n\u00eb ciklin e ul\u00ebt - EFI Tirana\" \/>\n<meta property=\"og:description\" content=\"REGJISTRIMI N\u00cb CIKLIN E UL\u00cbT SHKOLLA FILLORE N\u00eb shkoll\u00ebn fillore, nuk \u00ebsht\u00eb e detyrueshme njohja e mir\u00eb e fr\u00ebngjishtes. Pas [&hellip;]\" \/>\n<meta property=\"og:url\" content=\"https:\/\/efitirana.com\/sq\/regjistrimet\/regjistrim-ne-ciklin-e-ulet\/\" \/>\n<meta property=\"og:site_name\" content=\"EFI Tirana\" \/>\n<meta property=\"article:modified_time\" content=\"2024-08-23T21:08:20+00:00\" \/>\n<meta name=\"twitter:card\" content=\"summary_large_image\" \/>\n<meta name=\"twitter:label1\" content=\"Est. reading time\" \/>\n\t<meta name=\"twitter:data1\" content=\"1 minute\" \/>\n<script type=\"application\/ld+json\" class=\"yoast-schema-graph\">{\"@context\":\"https:\/\/schema.org\",\"@graph\":[{\"@type\":\"WebPage\",\"@id\":\"https:\/\/efitirana.com\/sq\/regjistrimet\/regjistrim-ne-ciklin-e-ulet\/\",\"url\":\"https:\/\/efitirana.com\/sq\/regjistrimet\/regjistrim-ne-ciklin-e-ulet\/\",\"name\":\"Regjistrim n\u00eb ciklin e ul\u00ebt - EFI Tirana\",\"isPartOf\":{\"@id\":\"https:\/\/efitirana.com\/sq\/#website\"},\"datePublished\":\"2022-06-27T07:46:02+00:00\",\"dateModified\":\"2024-08-23T21:08:20+00:00\",\"breadcrumb\":{\"@id\":\"https:\/\/efitirana.com\/sq\/regjistrimet\/regjistrim-ne-ciklin-e-ulet\/#breadcrumb\"},\"inLanguage\":\"sq-AL\",\"potentialAction\":[{\"@type\":\"ReadAction\",\"target\":[\"https:\/\/efitirana.com\/sq\/regjistrimet\/regjistrim-ne-ciklin-e-ulet\/\"]}]},{\"@type\":\"BreadcrumbList\",\"@id\":\"https:\/\/efitirana.com\/sq\/regjistrimet\/regjistrim-ne-ciklin-e-ulet\/#breadcrumb\",\"itemListElement\":[{\"@type\":\"ListItem\",\"position\":1,\"name\":\"Accueil\",\"item\":\"https:\/\/efitirana.com\/sq\/\"},{\"@type\":\"ListItem\",\"position\":2,\"name\":\"Regjistrimet\",\"item\":\"https:\/\/efitirana.com\/sq\/regjistrimet\/\"},{\"@type\":\"ListItem\",\"position\":3,\"name\":\"Regjistrim n\u00eb ciklin e ul\u00ebt\"}]},{\"@type\":\"WebSite\",\"@id\":\"https:\/\/efitirana.com\/sq\/#website\",\"url\":\"https:\/\/efitirana.com\/sq\/\",\"name\":\"EFI Tirana\",\"description\":\"EFI Tirana\",\"potentialAction\":[{\"@type\":\"SearchAction\",\"target\":{\"@type\":\"EntryPoint\",\"urlTemplate\":\"https:\/\/efitirana.com\/sq\/?s={search_term_string}\"},\"query-input\":{\"@type\":\"PropertyValueSpecification\",\"valueRequired\":true,\"valueName\":\"search_term_string\"}}],\"inLanguage\":\"sq-AL\"}]}<\/script>\n<!-- \/ Yoast SEO plugin. -->","yoast_head_json":{"title":"Regjistrim n\u00eb ciklin e ul\u00ebt - EFI Tirana","robots":{"index":"index","follow":"follow","max-snippet":"max-snippet:-1","max-image-preview":"max-image-preview:large","max-video-preview":"max-video-preview:-1"},"canonical":"https:\/\/efitirana.com\/sq\/regjistrimet\/regjistrim-ne-ciklin-e-ulet\/","og_locale":"sq_AL","og_type":"article","og_title":"Regjistrim n\u00eb ciklin e ul\u00ebt - EFI Tirana","og_description":"REGJISTRIMI N\u00cb CIKLIN E UL\u00cbT SHKOLLA FILLORE N\u00eb shkoll\u00ebn fillore, nuk \u00ebsht\u00eb e detyrueshme njohja e mir\u00eb e fr\u00ebngjishtes. Pas [&hellip;]","og_url":"https:\/\/efitirana.com\/sq\/regjistrimet\/regjistrim-ne-ciklin-e-ulet\/","og_site_name":"EFI Tirana","article_modified_time":"2024-08-23T21:08:20+00:00","twitter_card":"summary_large_image","twitter_misc":{"Est. reading time":"1 minute"},"schema":{"@context":"https:\/\/schema.org","@graph":[{"@type":"WebPage","@id":"https:\/\/efitirana.com\/sq\/regjistrimet\/regjistrim-ne-ciklin-e-ulet\/","url":"https:\/\/efitirana.com\/sq\/regjistrimet\/regjistrim-ne-ciklin-e-ulet\/","name":"Regjistrim n\u00eb ciklin e ul\u00ebt - EFI Tirana","isPartOf":{"@id":"https:\/\/efitirana.com\/sq\/#website"},"datePublished":"2022-06-27T07:46:02+00:00","dateModified":"2024-08-23T21:08:20+00:00","breadcrumb":{"@id":"https:\/\/efitirana.com\/sq\/regjistrimet\/regjistrim-ne-ciklin-e-ulet\/#breadcrumb"},"inLanguage":"sq-AL","potentialAction":[{"@type":"ReadAction","target":["https:\/\/efitirana.com\/sq\/regjistrimet\/regjistrim-ne-ciklin-e-ulet\/"]}]},{"@type":"BreadcrumbList","@id":"https:\/\/efitirana.com\/sq\/regjistrimet\/regjistrim-ne-ciklin-e-ulet\/#breadcrumb","itemListElement":[{"@type":"ListItem","position":1,"name":"Accueil","item":"https:\/\/efitirana.com\/sq\/"},{"@type":"ListItem","position":2,"name":"Regjistrimet","item":"https:\/\/efitirana.com\/sq\/regjistrimet\/"},{"@type":"ListItem","position":3,"name":"Regjistrim n\u00eb ciklin e ul\u00ebt"}]},{"@type":"WebSite","@id":"https:\/\/efitirana.com\/sq\/#website","url":"https:\/\/efitirana.com\/sq\/","name":"EFI Tirana","description":"EFI Tirana","potentialAction":[{"@type":"SearchAction","target":{"@type":"EntryPoint","urlTemplate":"https:\/\/efitirana.com\/sq\/?s={search_term_string}"},"query-input":{"@type":"PropertyValueSpecification","valueRequired":true,"valueName":"search_term_string"}}],"inLanguage":"sq-AL"}]}},"_links":{"self":[{"href":"https:\/\/efitirana.com\/sq\/wp-json\/wp\/v2\/pages\/9484","targetHints":{"allow":["GET"]}}],"collection":[{"href":"https:\/\/efitirana.com\/sq\/wp-json\/wp\/v2\/pages"}],"about":[{"href":"https:\/\/efitirana.com\/sq\/wp-json\/wp\/v2\/types\/page"}],"author":[{"embeddable":true,"href":"https:\/\/efitirana.com\/sq\/wp-json\/wp\/v2\/users\/10"}],"replies":[{"embeddable":true,"href":"https:\/\/efitirana.com\/sq\/wp-json\/wp\/v2\/comments?post=9484"}],"version-history":[{"count":8,"href":"https:\/\/efitirana.com\/sq\/wp-json\/wp\/v2\/pages\/9484\/revisions"}],"predecessor-version":[{"id":11347,"href":"https:\/\/efitirana.com\/sq\/wp-json\/wp\/v2\/pages\/9484\/revisions\/11347"}],"up":[{"embeddable":true,"href":"https:\/\/efitirana.com\/sq\/wp-json\/wp\/v2\/pages\/9472"}],"wp:attachment":[{"href":"https:\/\/efitirana.com\/sq\/wp-json\/wp\/v2\/media?parent=9484"}],"curies":[{"name":"wp","href":"https:\/\/api.w.org\/{rel}","templated":true}]}}