{"id":9496,"date":"2022-06-27T09:47:09","date_gmt":"2022-06-27T07:47:09","guid":{"rendered":"https:\/\/efitira.agencebisart.com\/formulaire-dinscription\/"},"modified":"2023-10-13T11:19:20","modified_gmt":"2023-10-13T09:19:20","slug":"formulaire-dinscription","status":"publish","type":"page","link":"https:\/\/efitirana.com\/sq\/formulaire-dinscription\/","title":{"rendered":"Regjitrohuni"},"content":{"rendered":"<p>\t\t\t\t<!-- avec ou sans CTA : m\u00eame code, \u00e7a centre verticalement le texte --><\/p>\n<div class=\"smallheader\" id=\"bloc_small_header_4\">\n<style type=\"text\/css\">\n\t\t\t\t\t\t\t#bloc_small_header_4 {background-image: url(https:\/\/efitirana.com\/wp-content\/uploads\/2022\/05\/HEADER_4-610x268.jpg);}\n\t\t\t\t\t\t\t@media (min-width: 480px) {\t#bloc_small_header_4 {background-image: url(https:\/\/efitirana.com\/wp-content\/uploads\/2022\/05\/HEADER_4-610x268.jpg);}}\n\t\t\t\t\t\t\t@media (min-width: 768px) {\t#bloc_small_header_4 {background-image: url(https:\/\/efitirana.com\/wp-content\/uploads\/2022\/05\/HEADER_4-1024x214.jpg);}}\n\t\t\t\t\t\t\t@media (min-width: 992px) { #bloc_small_header_4 {background-image: url(https:\/\/efitirana.com\/wp-content\/uploads\/2022\/05\/HEADER_4-1024x214.jpg);}}\n\t\t\t\t\t\t\t@media (min-width: 1200px) { #bloc_small_header_4 {background-image: url(https:\/\/efitirana.com\/wp-content\/uploads\/2022\/05\/HEADER_4.jpg);}}\n\t\t\t\t\t\t<\/style>\n<div class=\"container d-flex flex-column justify-content-center align-items-start\">\n<h2><span>Regjitrohuni<\/span><\/h2>\n<\/p><\/div>\n<\/p><\/div>\n<div class=\"bloc_ctas bloc_cta container pt-2 pb-2 text-center\" id=\"bloc_ctas_5\">\n<div class=\"btns\">\t<a href=\"https:\/\/efitirana.com\/wp-content\/uploads\/2023\/10\/Formulaire-d-inscription-23-24.pdf\" title=\"Formular regjistrimi 2023-2024\" target=\"\" class=\" ml-1   mr-1  btn btn--color2\" rel=\"noopener\">Formular regjistrimi 2023-2024<\/a> <\/div>\n<\/p><\/div>\n<div class=\"container mt-2 mb-2\">\n<div class=\"row justify-content-center\">\n<div class=\"col-12 col-lg-8 \">\n<div class=\"section-form\" id=\"bloc_formulaire_6\">\n<div class=\"container\">\n<div class=\"row justify-content-center\">\n<div class=\"col-12 col-lg-11\">\n<h2>Regjitrohuni<\/h2>\n<p class=\"mb-2 mb-md-3\">Ekipet jan\u00eb n\u00eb dispozicionin tuaj p\u00ebr t\u2019iu p\u00ebrgjigjur t\u00eb gjitha pyetjeve tuaja.<\/p>\n<div role=\"form\" class=\"wpcf7\">\n<div class=\"wpcf7 no-js\" id=\"wpcf7-f9566-o2\" lang=\"fr-FR\" dir=\"ltr\">\n<div class=\"screen-reader-response\">\n<p role=\"status\" aria-live=\"polite\" aria-atomic=\"true\">\n<ul><\/ul>\n<\/div>\n<form action=\"\/wp-admin\/post.php#wpcf7-f9566-o2\" method=\"post\" class=\"wpcf7-form init\" aria-label=\"Formulaire de contact\" novalidate=\"novalidate\" data-status=\"init\">\n<div style=\"display: none;\">\n<input type=\"hidden\" name=\"_wpcf7\" value=\"9566\" \/><br \/>\n<input type=\"hidden\" name=\"_wpcf7_version\" value=\"5.8.1\" \/><br \/>\n<input type=\"hidden\" name=\"_wpcf7_locale\" value=\"fr_FR\" \/><br \/>\n<input type=\"hidden\" name=\"_wpcf7_unit_tag\" value=\"wpcf7-f9566-o2\" \/><br \/>\n<input type=\"hidden\" name=\"_wpcf7_container_post\" value=\"0\" \/><br \/>\n<input type=\"hidden\" name=\"_wpcf7_posted_data_hash\" value=\"\" \/><br \/>\n<input type=\"hidden\" name=\"_wpcf7_recaptcha_response\" value=\"\" \/>\n<\/div>\n<div class=\"form-group\" >\n<p><label for=\"your-surname\" class=\"sr-only\">Mbiemri<\/label><span class=\"wpcf7-form-control-wrap\" data-name=\"your-surname\"><input size=\"40\" class=\"wpcf7-form-control wpcf7-text wpcf7-validates-as-required form-control\" aria-required=\"true\" aria-invalid=\"false\" placeholder=\"Mbiemri\" value=\"\" type=\"text\" name=\"your-surname\" \/><\/span>\n\t<\/p>\n<\/div>\n<div class=\"form-group\" >\n<p><label for=\"your-name\" class=\"sr-only\">Emri<\/label><span class=\"wpcf7-form-control-wrap\" data-name=\"your-name\"><input size=\"40\" class=\"wpcf7-form-control wpcf7-text wpcf7-validates-as-required form-control\" aria-required=\"true\" aria-invalid=\"false\" placeholder=\"Emri\" value=\"\" type=\"text\" name=\"your-name\" \/><\/span>\n\t<\/p>\n<\/div>\n<div class=\"form-group\" >\n<p><label class=\"sr-only\"> Email<\/label><span class=\"wpcf7-form-control-wrap\" data-name=\"your-email\"><input size=\"40\" class=\"wpcf7-form-control wpcf7-email wpcf7-validates-as-required wpcf7-text wpcf7-validates-as-email form-control\" aria-required=\"true\" aria-invalid=\"false\" placeholder=\"Email\" value=\"\" type=\"email\" name=\"your-email\" \/><\/span>\n\t<\/p>\n<\/div>\n<div class=\"form-group\" >\n<p><label class=\"sr-only\"> Numri i telefonit<\/label><span class=\"wpcf7-form-control-wrap\" data-name=\"your-phone-numbers\"><input size=\"40\" class=\"wpcf7-form-control wpcf7-text wpcf7-validates-as-required form-control\" aria-required=\"true\" aria-invalid=\"false\" placeholder=\"Numri i telefonit\" value=\"\" type=\"text\" name=\"your-phone-numbers\" \/><\/span>\n\t<\/p>\n<\/div>\n<div class=\"form-group\" >\n<p><label class=\"sr-only\"> Mesazhi (facultatif)<\/label><br \/>\n<span class=\"wpcf7-form-control-wrap\" data-name=\"your-message\"><textarea cols=\"40\" rows=\"10\" class=\"wpcf7-form-control wpcf7-textarea form-control\" aria-invalid=\"false\" placeholder=\"Mesazhi\" name=\"your-message\"><\/textarea><\/span>\n\t<\/p>\n<\/div>\n<div class=\"pt-1 text-right\">\n<p><button class=\"btn btn--color2\" type=\"submit\">Dergo<\/button>\n\t<\/p>\n<\/div>\n<div class=\"wpcf7-response-output\" aria-hidden=\"true\"><\/div>\n<\/form>\n<\/div><\/div>\n<\/p><\/div>\n<\/p><\/div>\n<\/p><\/div>\n<\/p><\/div>\n<\/p><\/div>\n<\/p><\/div>\n<\/div>\n","protected":false},"excerpt":{"rendered":"<p>Regjitrohuni Formular regjistrimi 2023-2024 Regjitrohuni Ekipet jan\u00eb n\u00eb dispozicionin tuaj p\u00ebr t\u2019iu p\u00ebrgjigjur t\u00eb gjitha pyetjeve tuaja. Mbiemri Emri Email [&hellip;]<\/p>\n","protected":false},"author":4,"featured_media":0,"parent":0,"menu_order":499,"comment_status":"closed","ping_status":"closed","template":"","meta":{"_acf_changed":false,"kdcopypost-origin-url":"","kdcopypost-origin-id":"","footnotes":""},"class_list":["post-9496","page","type-page","status-publish","hentry"],"acf":[],"yoast_head":"<!-- This site is optimized with the Yoast SEO plugin v26.6 - https:\/\/yoast.com\/wordpress\/plugins\/seo\/ -->\n<title>Regjitrohuni - EFI Tirana<\/title>\n<meta name=\"robots\" content=\"index, follow, max-snippet:-1, max-image-preview:large, max-video-preview:-1\" \/>\n<link rel=\"canonical\" href=\"https:\/\/efitirana.com\/sq\/formulaire-dinscription\/\" \/>\n<meta property=\"og:locale\" content=\"sq_AL\" \/>\n<meta property=\"og:type\" content=\"article\" \/>\n<meta property=\"og:title\" content=\"Regjitrohuni - EFI Tirana\" \/>\n<meta property=\"og:description\" content=\"Regjitrohuni Formular regjistrimi 2023-2024 Regjitrohuni Ekipet jan\u00eb n\u00eb dispozicionin tuaj p\u00ebr t\u2019iu p\u00ebrgjigjur t\u00eb gjitha pyetjeve tuaja. Mbiemri Emri Email [&hellip;]\" \/>\n<meta property=\"og:url\" content=\"https:\/\/efitirana.com\/sq\/formulaire-dinscription\/\" \/>\n<meta property=\"og:site_name\" content=\"EFI Tirana\" \/>\n<meta property=\"article:modified_time\" content=\"2023-10-13T09:19:20+00:00\" \/>\n<meta name=\"twitter:card\" content=\"summary_large_image\" \/>\n<script type=\"application\/ld+json\" class=\"yoast-schema-graph\">{\"@context\":\"https:\/\/schema.org\",\"@graph\":[{\"@type\":\"WebPage\",\"@id\":\"https:\/\/efitirana.com\/sq\/formulaire-dinscription\/\",\"url\":\"https:\/\/efitirana.com\/sq\/formulaire-dinscription\/\",\"name\":\"Regjitrohuni - EFI Tirana\",\"isPartOf\":{\"@id\":\"https:\/\/efitirana.com\/sq\/#website\"},\"datePublished\":\"2022-06-27T07:47:09+00:00\",\"dateModified\":\"2023-10-13T09:19:20+00:00\",\"breadcrumb\":{\"@id\":\"https:\/\/efitirana.com\/sq\/formulaire-dinscription\/#breadcrumb\"},\"inLanguage\":\"sq-AL\",\"potentialAction\":[{\"@type\":\"ReadAction\",\"target\":[\"https:\/\/efitirana.com\/sq\/formulaire-dinscription\/\"]}]},{\"@type\":\"BreadcrumbList\",\"@id\":\"https:\/\/efitirana.com\/sq\/formulaire-dinscription\/#breadcrumb\",\"itemListElement\":[{\"@type\":\"ListItem\",\"position\":1,\"name\":\"Accueil\",\"item\":\"https:\/\/efitirana.com\/sq\/\"},{\"@type\":\"ListItem\",\"position\":2,\"name\":\"Regjitrohuni\"}]},{\"@type\":\"WebSite\",\"@id\":\"https:\/\/efitirana.com\/sq\/#website\",\"url\":\"https:\/\/efitirana.com\/sq\/\",\"name\":\"EFI Tirana\",\"description\":\"EFI Tirana\",\"potentialAction\":[{\"@type\":\"SearchAction\",\"target\":{\"@type\":\"EntryPoint\",\"urlTemplate\":\"https:\/\/efitirana.com\/sq\/?s={search_term_string}\"},\"query-input\":{\"@type\":\"PropertyValueSpecification\",\"valueRequired\":true,\"valueName\":\"search_term_string\"}}],\"inLanguage\":\"sq-AL\"}]}<\/script>\n<!-- \/ Yoast SEO plugin. -->","yoast_head_json":{"title":"Regjitrohuni - EFI Tirana","robots":{"index":"index","follow":"follow","max-snippet":"max-snippet:-1","max-image-preview":"max-image-preview:large","max-video-preview":"max-video-preview:-1"},"canonical":"https:\/\/efitirana.com\/sq\/formulaire-dinscription\/","og_locale":"sq_AL","og_type":"article","og_title":"Regjitrohuni - EFI Tirana","og_description":"Regjitrohuni Formular regjistrimi 2023-2024 Regjitrohuni Ekipet jan\u00eb n\u00eb dispozicionin tuaj p\u00ebr t\u2019iu p\u00ebrgjigjur t\u00eb gjitha pyetjeve tuaja. Mbiemri Emri Email [&hellip;]","og_url":"https:\/\/efitirana.com\/sq\/formulaire-dinscription\/","og_site_name":"EFI Tirana","article_modified_time":"2023-10-13T09:19:20+00:00","twitter_card":"summary_large_image","schema":{"@context":"https:\/\/schema.org","@graph":[{"@type":"WebPage","@id":"https:\/\/efitirana.com\/sq\/formulaire-dinscription\/","url":"https:\/\/efitirana.com\/sq\/formulaire-dinscription\/","name":"Regjitrohuni - EFI Tirana","isPartOf":{"@id":"https:\/\/efitirana.com\/sq\/#website"},"datePublished":"2022-06-27T07:47:09+00:00","dateModified":"2023-10-13T09:19:20+00:00","breadcrumb":{"@id":"https:\/\/efitirana.com\/sq\/formulaire-dinscription\/#breadcrumb"},"inLanguage":"sq-AL","potentialAction":[{"@type":"ReadAction","target":["https:\/\/efitirana.com\/sq\/formulaire-dinscription\/"]}]},{"@type":"BreadcrumbList","@id":"https:\/\/efitirana.com\/sq\/formulaire-dinscription\/#breadcrumb","itemListElement":[{"@type":"ListItem","position":1,"name":"Accueil","item":"https:\/\/efitirana.com\/sq\/"},{"@type":"ListItem","position":2,"name":"Regjitrohuni"}]},{"@type":"WebSite","@id":"https:\/\/efitirana.com\/sq\/#website","url":"https:\/\/efitirana.com\/sq\/","name":"EFI Tirana","description":"EFI Tirana","potentialAction":[{"@type":"SearchAction","target":{"@type":"EntryPoint","urlTemplate":"https:\/\/efitirana.com\/sq\/?s={search_term_string}"},"query-input":{"@type":"PropertyValueSpecification","valueRequired":true,"valueName":"search_term_string"}}],"inLanguage":"sq-AL"}]}},"_links":{"self":[{"href":"https:\/\/efitirana.com\/sq\/wp-json\/wp\/v2\/pages\/9496","targetHints":{"allow":["GET"]}}],"collection":[{"href":"https:\/\/efitirana.com\/sq\/wp-json\/wp\/v2\/pages"}],"about":[{"href":"https:\/\/efitirana.com\/sq\/wp-json\/wp\/v2\/types\/page"}],"author":[{"embeddable":true,"href":"https:\/\/efitirana.com\/sq\/wp-json\/wp\/v2\/users\/4"}],"replies":[{"embeddable":true,"href":"https:\/\/efitirana.com\/sq\/wp-json\/wp\/v2\/comments?post=9496"}],"version-history":[{"count":7,"href":"https:\/\/efitirana.com\/sq\/wp-json\/wp\/v2\/pages\/9496\/revisions"}],"predecessor-version":[{"id":10749,"href":"https:\/\/efitirana.com\/sq\/wp-json\/wp\/v2\/pages\/9496\/revisions\/10749"}],"wp:attachment":[{"href":"https:\/\/efitirana.com\/sq\/wp-json\/wp\/v2\/media?parent=9496"}],"curies":[{"name":"wp","href":"https:\/\/api.w.org\/{rel}","templated":true}]}}